{"id":38252,"date":"2023-09-05T15:31:19","date_gmt":"2023-09-05T13:31:19","guid":{"rendered":"https:\/\/www.pharmacieonline.lu\/?post_type=product&#038;p=38252"},"modified":"2026-04-08T17:55:22","modified_gmt":"2026-04-08T15:55:22","slug":"aspivenin-aspir-aspilabo","status":"publish","type":"product","link":"https:\/\/www.pharmacieonline.lu\/de\/produit\/aspivenin-aspir-aspilabo\/","title":{"rendered":"ASPIVENIN (ASPIR ASPILABO)"},"content":{"rendered":"<p>Die ASPIVENIN\u00ae-Pumpe stellt eine Erste-Hilfe-Ma\u00dfnahme dar, ersetzt jedoch nicht die obligatorische und sofortige Konsultation eines Arztes, die im Falle eines Schlangenbisses, eines Skorpionstichs oder eines anderen Insektenstichs sowie im Falle einer erheblichen Reaktion des Opfers unerl\u00e4sslich bleibt .<\/p>\n<p>Die ASPIVENIN\u00ae-Pumpe kann bei jedem Opfer eines giftigen Stichs oder Bisses und an allen K\u00f6rperteilen au\u00dfer Augenlidern, Schleimh\u00e4uten, Genitalien und Trommelfellen verwendet werden.<\/p>\n<p>ASPIVENIN\u00ae in 4 Schritten<\/p>\n<p>&nbsp;<\/p>\n<p><img decoding=\"async\" class=\"size-full wp-image-235 alignleft\" src=\"http:\/\/www.aspivenin.com\/wp-content\/uploads\/2016\/05\/mode-demploi-1.jpg\" alt=\"mode-d'emploi-1\" width=\"118\" height=\"116\" \/>Platzieren Sie ohne Gewalt die Spitze, die am besten f\u00fcr die Art und Stelle des Stichs oder Bisses geeignet ist, und aktivieren Sie dann die Pumpe, indem Sie den Kolben vollst\u00e4ndig herausziehen (bei einem Kind bis zur H\u00e4lfte).<\/p>\n<p>&nbsp;<\/p>\n<p>&nbsp;<\/p>\n<p>&nbsp;<\/p>\n<p><img decoding=\"async\" class=\"size-full wp-image-236 alignleft\" src=\"http:\/\/www.aspivenin.com\/wp-content\/uploads\/2016\/05\/mode-demploi-2.jpg\" alt=\"mode-d'emploi-2\" width=\"117\" height=\"116\" \/>Platzieren Sie die ASPIVENIN\u00ae-Pumpe mit der Spitze auf der Wunde und halten Sie sie mit einer Hand fest.<\/p>\n<p>&nbsp;<\/p>\n<p>&nbsp;<\/p>\n<p>&nbsp;<\/p>\n<p><img decoding=\"async\" class=\"size-full wp-image-237 alignleft\" src=\"http:\/\/www.aspivenin.com\/wp-content\/uploads\/2016\/05\/mode-demploi-3.jpg\" alt=\"mode-d'emploi-3\" width=\"115\" height=\"115\" \/>Dr\u00fccken Sie den Kolben ganz hinein und am Ende des Hubs sp\u00fcren Sie einen starken Sog.<\/p>\n<p>Anschlie\u00dfend lassen Sie die ASPIVENIN\u00ae-Pumpe 20 Sekunden bis 3 Minuten einwirken (Saugzeit je nach Stich oder Biss anpassen, siehe Gebrauchsanweisung).<br \/>\nDiese Dauer kann insbesondere in schwerwiegenden F\u00e4llen ohne Unannehmlichkeiten verl\u00e4ngert oder erneuert werden.<\/p>\n<p>&nbsp;<\/p>\n<p>&nbsp;<\/p>\n<p><img decoding=\"async\" class=\"size-full wp-image-234 alignleft\" src=\"http:\/\/www.aspivenin.com\/wp-content\/uploads\/2016\/05\/mode-demploi-4.jpg\" alt=\"mode-d'emploi-4\" width=\"114\" height=\"114\" \/>Heben Sie dann den Kolbenknopf mit der Daumenspitze an, um die ASPIVENIN\u00ae-Pumpe zu entfernen. Wir empfehlen Ihnen, Ihre Anti-Gift-Pumpe vor der Verwendung entsprechend den Anweisungen zu handhaben. Wir empfehlen Ihnen au\u00dferdem, es griffbereit zu haben, wenn Sie sich in einer riskanten Umgebung befinden.<\/p>\n<p>&nbsp;<\/p>\n<p>&nbsp;<\/p>\n<p>&nbsp;<\/p>\n<p>Dauer<\/p>\n<p>F\u00fcr eine maximale Wirksamkeit der ASPIVENIN\u00ae Anti-Gift-Pumpe wird empfohlen, sie innerhalb von 3 Minuten nach dem Stich\/Biss zu verwenden und die angegebenen Saugzeiten einzuhalten.<\/p>\n<p>&nbsp;<\/p>\n<p>Tier \/ Insekt \/ Pflanze<br \/>\nUngef\u00e4hre Saugzeit<\/p>\n<p>Wespe, Biene*, Hornisse\u2026 1 bis 3 Minuten<\/p>\n<p>M\u00fccke, Fliege\u2026 20 bis 30 Sekunden<\/p>\n<p>Steinfisch&#8230;2 bis 3 Minuten<\/p>\n<p>Spinne, Skorpion, &#8230; 1 bis 2 Minuten<\/p>\n<p>&nbsp;<\/p>\n<p>*Wichtig bei Bienenstichen: Entfernen Sie den Stachel nicht vor dem Absaugen, da dies die Extraktion des Giftes erleichtert. Entfernen Sie den Stachel nach dem Staubsaugen.<\/p>\n<p>&nbsp;<\/p>\n<p>Warnung: Zus\u00e4tzliche Informationen f\u00fcr Personen, die gegen Hymenopterengifte allergisch sind:<\/p>\n<p>Allergische Reaktionen sind potenziell schwerwiegend und bergen das Risiko eines Todes durch einen anaphylaktischen Schock (in Frankreich 10 bis 20 Todesf\u00e4lle pro Jahr). Die ASPIVENIN\u00ae Anti-Gift-Pumpe hilft, die Giftmenge zu reduzieren, verhindert jedoch nicht die akute allergische Reaktion (Angio\u00f6dem usw.). Deshalb sollten Allergiker daran denken, ein Notfallset mit einem Protokoll f\u00fcr den Fall eines Stichs dabei zu haben:<\/p>\n<p>Nehmen Sie eine Antihistaminikum-Tablette<br \/>\nIm Falle einer abnormalen Reaktion: Nehmen Sie eine weitere Antihistaminikum-Tablette mit einem Kortikosteroid ein und wenden Sie sich an den Arzt oder die Notaufnahme.<br \/>\nBei Vorzeichen eines anaphylaktischen Schocks (starkes Schwitzen, ausgedehnter Juckreiz, Atemdepression, Engegef\u00fchl in der Brust, Hals\u00f6dem mit Schwierigkeiten beim Sprechen, Schlucken oder Atmen, Unwohlsein usw.) mit einem Autoinjektionsstift eine Injektion verabreichen Adrenalin auf die anterolaterale Seite des Oberschenkels und bleiben Sie mit hochgelagerten Beinen liegen, bis der Arzt eintrifft.<\/p>","protected":false},"excerpt":{"rendered":"<p>Die ASPIVENIN\u00ae-Pumpe stellt eine Erste-Hilfe-Ma\u00dfnahme dar, ersetzt jedoch nicht die obligatorische und sofortige Konsultation eines Arztes, die im Falle eines Schlangenbisses, eines Skorpionstichs oder eines anderen Insektenstichs sowie im Falle einer erheblichen Reaktion des Opfers unerl\u00e4sslich bleibt . Die ASPIVENIN\u00ae-Pumpe kann bei jedem Opfer eines giftigen Stichs oder Bisses und an allen K\u00f6rperteilen au\u00dfer Augenlidern, [&hellip;]<\/p>\n","protected":false},"featured_media":38253,"template":"","meta":{"_acf_changed":false,"footnotes":""},"product_brand":[],"product_cat":[929],"product_tag":[],"class_list":{"0":"post-38252","1":"product","2":"type-product","3":"status-publish","4":"has-post-thumbnail","6":"product_cat-anti-moustique","8":"first","9":"instock","10":"taxable","11":"shipping-taxable","12":"purchasable","13":"product-type-simple"},"acf":[],"_links":{"self":[{"href":"https:\/\/www.pharmacieonline.lu\/de\/wp-json\/wp\/v2\/product\/38252","targetHints":{"allow":["GET"]}}],"collection":[{"href":"https:\/\/www.pharmacieonline.lu\/de\/wp-json\/wp\/v2\/product"}],"about":[{"href":"https:\/\/www.pharmacieonline.lu\/de\/wp-json\/wp\/v2\/types\/product"}],"version-history":[{"count":0,"href":"https:\/\/www.pharmacieonline.lu\/de\/wp-json\/wp\/v2\/product\/38252\/revisions"}],"wp:featuredmedia":[{"embeddable":true,"href":"https:\/\/www.pharmacieonline.lu\/de\/wp-json\/wp\/v2\/media\/38253"}],"wp:attachment":[{"href":"https:\/\/www.pharmacieonline.lu\/de\/wp-json\/wp\/v2\/media?parent=38252"}],"wp:term":[{"taxonomy":"product_brand","embeddable":true,"href":"https:\/\/www.pharmacieonline.lu\/de\/wp-json\/wp\/v2\/product_brand?post=38252"},{"taxonomy":"product_cat","embeddable":true,"href":"https:\/\/www.pharmacieonline.lu\/de\/wp-json\/wp\/v2\/product_cat?post=38252"},{"taxonomy":"product_tag","embeddable":true,"href":"https:\/\/www.pharmacieonline.lu\/de\/wp-json\/wp\/v2\/product_tag?post=38252"}],"curies":[{"name":"wp","href":"https:\/\/api.w.org\/{rel}","templated":true}]}}