{"id":38261,"date":"2023-09-05T16:58:48","date_gmt":"2023-09-05T14:58:48","guid":{"rendered":"https:\/\/www.pharmacieonline.lu\/?post_type=product&#038;p=38261"},"modified":"2026-04-08T17:55:22","modified_gmt":"2026-04-08T15:55:22","slug":"allevyn-1010-cm-a-10","status":"publish","type":"product","link":"https:\/\/www.pharmacieonline.lu\/de\/produit\/allevyn-1010-cm-a-10\/","title":{"rendered":"ALLEVYN 10*10 CM A 10"},"content":{"rendered":"<p>Allgemeine Beschreibung<\/p>\n<p>Nicht klebender hydrozellul\u00e4rer Verband<\/p>\n<p>Indikation<\/p>\n<p>Exsudative Wunden mit stark geschw\u00e4chter Wundumgebungshaut, die keinen Kleber tr\u00e4gt (Beingeschw\u00fcre, Dekubitus, onkologische Wunden usw.)<\/p>\n<p>Eigenschaften<\/p>\n<p>\u2022 V\u00f6llig nicht klebend<\/p>\n<p>\u2022 Feuchte Heilung mit Exsudatkontrolle<\/p>\n<p>\u2022 Hohe Aufnahmef\u00e4higkeit<\/p>\n<p>\u2022 Sehr hohe Wasserdampfdurchl\u00e4ssigkeit<\/p>\n<p>\u2022 Keine Mazeration oder Striktur unter Fixierung<\/p>\n<p>\u2022 Keine Verformung nach der Absorption<\/p>\n<p>\u2022 Seitliches Anti-Leck-System (versiegelte Kanten)<\/p>","protected":false},"excerpt":{"rendered":"<p>Allgemeine Beschreibung Nicht klebender hydrozellul\u00e4rer Verband Indikation Exsudative Wunden mit stark geschw\u00e4chter Wundumgebungshaut, die keinen Kleber tr\u00e4gt (Beingeschw\u00fcre, Dekubitus, onkologische Wunden usw.) Eigenschaften \u2022 V\u00f6llig nicht klebend \u2022 Feuchte Heilung mit Exsudatkontrolle \u2022 Hohe Aufnahmef\u00e4higkeit \u2022 Sehr hohe Wasserdampfdurchl\u00e4ssigkeit \u2022 Keine Mazeration oder Striktur unter Fixierung \u2022 Keine Verformung nach der Absorption \u2022 Seitliches Anti-Leck-System [&hellip;]<\/p>\n","protected":false},"featured_media":38264,"template":"","meta":{"_acf_changed":false,"footnotes":""},"product_brand":[],"product_cat":[789,45],"product_tag":[],"class_list":{"0":"post-38261","1":"product","2":"type-product","3":"status-publish","4":"has-post-thumbnail","6":"product_cat-pansements","7":"product_cat-materiel-medical","9":"first","10":"instock","11":"taxable","12":"shipping-taxable","13":"purchasable","14":"product-type-simple"},"acf":[],"_links":{"self":[{"href":"https:\/\/www.pharmacieonline.lu\/de\/wp-json\/wp\/v2\/product\/38261","targetHints":{"allow":["GET"]}}],"collection":[{"href":"https:\/\/www.pharmacieonline.lu\/de\/wp-json\/wp\/v2\/product"}],"about":[{"href":"https:\/\/www.pharmacieonline.lu\/de\/wp-json\/wp\/v2\/types\/product"}],"version-history":[{"count":0,"href":"https:\/\/www.pharmacieonline.lu\/de\/wp-json\/wp\/v2\/product\/38261\/revisions"}],"wp:featuredmedia":[{"embeddable":true,"href":"https:\/\/www.pharmacieonline.lu\/de\/wp-json\/wp\/v2\/media\/38264"}],"wp:attachment":[{"href":"https:\/\/www.pharmacieonline.lu\/de\/wp-json\/wp\/v2\/media?parent=38261"}],"wp:term":[{"taxonomy":"product_brand","embeddable":true,"href":"https:\/\/www.pharmacieonline.lu\/de\/wp-json\/wp\/v2\/product_brand?post=38261"},{"taxonomy":"product_cat","embeddable":true,"href":"https:\/\/www.pharmacieonline.lu\/de\/wp-json\/wp\/v2\/product_cat?post=38261"},{"taxonomy":"product_tag","embeddable":true,"href":"https:\/\/www.pharmacieonline.lu\/de\/wp-json\/wp\/v2\/product_tag?post=38261"}],"curies":[{"name":"wp","href":"https:\/\/api.w.org\/{rel}","templated":true}]}}