{"id":38273,"date":"2023-09-05T18:02:18","date_gmt":"2023-09-05T16:02:18","guid":{"rendered":"https:\/\/www.pharmacieonline.lu\/?post_type=product&#038;p=38273"},"modified":"2026-04-08T17:55:21","modified_gmt":"2026-04-08T15:55:21","slug":"alline-proderm-60-caps","status":"publish","type":"product","link":"https:\/\/www.pharmacieonline.lu\/de\/produit\/alline-proderm-60-caps\/","title":{"rendered":"ALLINE PRODERM 60 CAPS"},"content":{"rendered":"<p>Beschreibung<\/p>\n<p>Die Haut ist der sichtbarste Teil des K\u00f6rpers. Es besteht aus der Epidermis (Keratinozyten), der Dermis (Kollagen) und der Hypodermis (Gewebe reich an Fett und Blutgef\u00e4\u00dfen).<br \/>\nDurch ihre Funktion als Hautbarriere spielt die Haut mehrere wichtige Rollen. Es sch\u00fctzt vor \u00e4u\u00dferen Einfl\u00fcssen wie Verschmutzung, Mikroben, St\u00f6\u00dfen oder sogar UV-Strahlen. \u00dcber diese Schutzfunktionen hinaus ist die Sch\u00f6nheit der Haut ein wesentliches Element f\u00fcr jeden. Der Ausdruck \u201esich wohlf\u00fchlen in der eigenen Haut\u201c erh\u00e4lt somit seine volle Bedeutung.<\/p>\n<p>Alline proderm enth\u00e4lt spezifische Wirkstoffe:<\/p>\n<p>CynaPlus\u00ae Keratin wird durch ein patentiertes Herstellungsverfahren gewonnen, das eine nahezu vollst\u00e4ndige Bioverf\u00fcgbarkeit von 95 % garantiert.<br \/>\nHyalurons\u00e4ure<br \/>\nEin exklusiver Komplex aus Ceramiden (Hauptbestandteil des Stratum Corneum der Epidermis) und Digalactosyldiglyceriden (DGDG), registriert unter dem Namen Ceramosides\u00ae.<br \/>\nVitamin C, das an der Bildung von Kollagen beteiligt ist, um die normale Funktion der Haut sicherzustellen und die Zellen vor oxidativem Stress zu sch\u00fctzen.<\/p>\n<p>Der + Trenker<br \/>\nDie Wirksamkeit von Alline proderm auf der Haut wurde durch eine wissenschaftliche Studie* nachgewiesen:<\/p>\n<p>75 % der Frauen bemerken eine Verringerung feiner Linien und F\u00e4ltchen.<br \/>\n79 % der Frauen bemerken eine Verbesserung des Feuchtigkeitszustands der Haut.<br \/>\n88 % der Frauen bemerken eine Erweichung der Haut.<\/p>\n<p>* Marzatico F. et al. (2012).<\/p>\n<p>Hersteller<br \/>\nTrenker<br \/>\nAv. Thomas Edison, 32<br \/>\n1402 Thines (Nivelles)<br \/>\nBelgien<\/p>\n<p>Arbeit<\/p>\n<p>Empfohlene Tagesdosis<br \/>\n2 Kapseln t\u00e4glich zu den Mahlzeiten mit einem Glas Wasser einnehmen.<\/p>\n<p>Zutaten<\/p>\n<p>Keratin, Hyalurons\u00e4ure, Vitamin C (Natriumascorbat), Ceramosides\u00ae. F\u00fcllstoffe: Maisst\u00e4rke, regulierte St\u00e4rke. Trennmittel: Magnesiumstearat, kolloidales Siliciumdioxid. Kapsel: Hypromellose (E464), Eisenoxidrot (E172 \u2013 Farbstoff).<\/p>\n<p>Zusammensetzung pro Dosis* (2 Kapseln)<\/p>\n<p>Patentiertes Keratin (Cynaplus\u00ae): 500 mg<br \/>\nHyalurons\u00e4ure: 200 mg<br \/>\nVitamin C (100 % AR): 80 mg<br \/>\nCeramosides\u00ae: 30 mg<\/p>\n<p>* Maximale empfohlene Tagesdosis.<\/p>\n<p>Warnung<br \/>\nEin Nahrungserg\u00e4nzungsmittel ersetzt weder eine abwechslungsreiche und ausgewogene Ern\u00e4hrung noch eine gesunde Lebensweise.<br \/>\nK\u00fchl und trocken lagern.<br \/>\nAu\u00dferhalb der Reichweite von Kindern aufbewahren.<br \/>\n\u00dcberschreiten Sie nicht die empfohlene Dosis.<br \/>\nSchwangere und stillende Frauen sollten ohne R\u00fccksprache mit ihrem Arzt keine Nahrungserg\u00e4nzungsmittel einnehmen.<\/p>","protected":false},"excerpt":{"rendered":"<p>Beschreibung Die Haut ist der sichtbarste Teil des K\u00f6rpers. Es besteht aus der Epidermis (Keratinozyten), der Dermis (Kollagen) und der Hypodermis (Gewebe reich an Fett und Blutgef\u00e4\u00dfen). Durch ihre Funktion als Hautbarriere spielt die Haut mehrere wichtige Rollen. Es sch\u00fctzt vor \u00e4u\u00dferen Einfl\u00fcssen wie Verschmutzung, Mikroben, St\u00f6\u00dfen oder sogar UV-Strahlen. \u00dcber diese Schutzfunktionen hinaus ist [&hellip;]<\/p>\n","protected":false},"featured_media":46350,"template":"","meta":{"_acf_changed":false,"footnotes":""},"product_brand":[],"product_cat":[953],"product_tag":[],"class_list":{"0":"post-38273","1":"product","2":"type-product","3":"status-publish","4":"has-post-thumbnail","6":"product_cat-complements-alimentaires","8":"first","9":"outofstock","10":"taxable","11":"shipping-taxable","12":"purchasable","13":"product-type-simple"},"acf":[],"_links":{"self":[{"href":"https:\/\/www.pharmacieonline.lu\/de\/wp-json\/wp\/v2\/product\/38273","targetHints":{"allow":["GET"]}}],"collection":[{"href":"https:\/\/www.pharmacieonline.lu\/de\/wp-json\/wp\/v2\/product"}],"about":[{"href":"https:\/\/www.pharmacieonline.lu\/de\/wp-json\/wp\/v2\/types\/product"}],"version-history":[{"count":0,"href":"https:\/\/www.pharmacieonline.lu\/de\/wp-json\/wp\/v2\/product\/38273\/revisions"}],"wp:featuredmedia":[{"embeddable":true,"href":"https:\/\/www.pharmacieonline.lu\/de\/wp-json\/wp\/v2\/media\/46350"}],"wp:attachment":[{"href":"https:\/\/www.pharmacieonline.lu\/de\/wp-json\/wp\/v2\/media?parent=38273"}],"wp:term":[{"taxonomy":"product_brand","embeddable":true,"href":"https:\/\/www.pharmacieonline.lu\/de\/wp-json\/wp\/v2\/product_brand?post=38273"},{"taxonomy":"product_cat","embeddable":true,"href":"https:\/\/www.pharmacieonline.lu\/de\/wp-json\/wp\/v2\/product_cat?post=38273"},{"taxonomy":"product_tag","embeddable":true,"href":"https:\/\/www.pharmacieonline.lu\/de\/wp-json\/wp\/v2\/product_tag?post=38273"}],"curies":[{"name":"wp","href":"https:\/\/api.w.org\/{rel}","templated":true}]}}