{"id":38280,"date":"2023-09-05T18:14:15","date_gmt":"2023-09-05T16:14:15","guid":{"rendered":"https:\/\/www.pharmacieonline.lu\/?post_type=product&#038;p=38280"},"modified":"2026-04-08T17:55:21","modified_gmt":"2026-04-08T15:55:21","slug":"alline-proderma-180-caps","status":"publish","type":"product","link":"https:\/\/www.pharmacieonline.lu\/de\/produit\/alline-proderma-180-caps\/","title":{"rendered":"ALLINE PRODERMA 180 CAPS"},"content":{"rendered":"<p>Alline Proderm Caps 180 ist ein in Apotheken erh\u00e4ltliches Nahrungserg\u00e4nzungsmittel. Es kann einen gesunden Lebensstil und eine abwechslungsreiche und ausgewogene Ern\u00e4hrung nicht ersetzen. Nehmen Sie nicht mehr als die auf der Packung angegebene empfohlene Tagesdosis ein. Fragen Sie Ihren Apotheker. Au\u00dferhalb der Reichweite von Kindern aufbewahren.<br \/>\nIndikation<\/p>\n<p>Antialterung<\/p>\n<p>Verwenden<\/p>\n<p>2 Kapseln mit einem Glas Wasser einnehmen. Vorsichtsma\u00dfnahmen f\u00fcr die Anwendung: Schwangere und stillende Frauen sollten keine Nahrungserg\u00e4nzungsmittel ohne R\u00fccksprache mit ihrem Arzt einnehmen.<\/p>\n<p>Komposition<\/p>\n<p>Eratin: 500 mgHyalurons\u00e4ure: 200 mg Vitamin C: 80 mg (Natriumascorbat, 100 % AR) Ceramosides\u00ae: 30 mg<\/p>\n<p>Eigenschaften<\/p>\n<p>Keratin, die gesamte Aminos\u00e4urezusammensetzung bleibt erhalten, Keratin wird wasserl\u00f6slich und bioverf\u00fcgbar gemacht. Vitamin C tr\u00e4gt zur normalen Kollagenbildung bei, um die lebenswichtige Funktion der Haut sicherzustellen. zum Schutz der Zellen vor oxidativem Stress durch Umweltschadstoffe und Sonneneinstrahlung.<\/p>\n<p>Ceramosides\u00ae sind patentierte nat\u00fcrliche Pflanzenextrakte, die einen exklusiven Komplex aus Ceramiden und Digalactosyldiglyceriden (DGDG) enthalten.<\/p>","protected":false},"excerpt":{"rendered":"<p>Alline Proderm Caps 180 ist ein in Apotheken erh\u00e4ltliches Nahrungserg\u00e4nzungsmittel. Es kann einen gesunden Lebensstil und eine abwechslungsreiche und ausgewogene Ern\u00e4hrung nicht ersetzen. Nehmen Sie nicht mehr als die auf der Packung angegebene empfohlene Tagesdosis ein. Fragen Sie Ihren Apotheker. Au\u00dferhalb der Reichweite von Kindern aufbewahren. Indikation Antialterung Verwenden 2 Kapseln mit einem Glas Wasser [&hellip;]<\/p>\n","protected":false},"featured_media":46352,"template":"","meta":{"_acf_changed":false,"footnotes":""},"product_brand":[],"product_cat":[953],"product_tag":[],"class_list":{"0":"post-38280","1":"product","2":"type-product","3":"status-publish","4":"has-post-thumbnail","6":"product_cat-complements-alimentaires","8":"first","9":"outofstock","10":"taxable","11":"shipping-taxable","12":"purchasable","13":"product-type-simple"},"acf":[],"_links":{"self":[{"href":"https:\/\/www.pharmacieonline.lu\/de\/wp-json\/wp\/v2\/product\/38280","targetHints":{"allow":["GET"]}}],"collection":[{"href":"https:\/\/www.pharmacieonline.lu\/de\/wp-json\/wp\/v2\/product"}],"about":[{"href":"https:\/\/www.pharmacieonline.lu\/de\/wp-json\/wp\/v2\/types\/product"}],"version-history":[{"count":0,"href":"https:\/\/www.pharmacieonline.lu\/de\/wp-json\/wp\/v2\/product\/38280\/revisions"}],"wp:featuredmedia":[{"embeddable":true,"href":"https:\/\/www.pharmacieonline.lu\/de\/wp-json\/wp\/v2\/media\/46352"}],"wp:attachment":[{"href":"https:\/\/www.pharmacieonline.lu\/de\/wp-json\/wp\/v2\/media?parent=38280"}],"wp:term":[{"taxonomy":"product_brand","embeddable":true,"href":"https:\/\/www.pharmacieonline.lu\/de\/wp-json\/wp\/v2\/product_brand?post=38280"},{"taxonomy":"product_cat","embeddable":true,"href":"https:\/\/www.pharmacieonline.lu\/de\/wp-json\/wp\/v2\/product_cat?post=38280"},{"taxonomy":"product_tag","embeddable":true,"href":"https:\/\/www.pharmacieonline.lu\/de\/wp-json\/wp\/v2\/product_tag?post=38280"}],"curies":[{"name":"wp","href":"https:\/\/api.w.org\/{rel}","templated":true}]}}