{"id":38313,"date":"2023-09-06T11:06:03","date_gmt":"2023-09-06T09:06:03","guid":{"rendered":"https:\/\/www.pharmacieonline.lu\/?post_type=product&#038;p=38313"},"modified":"2026-04-04T19:55:16","modified_gmt":"2026-04-04T17:55:16","slug":"lierac-arkeskin-baume-corps-200-ml","status":"publish","type":"product","link":"https:\/\/www.pharmacieonline.lu\/de\/produit\/lierac-arkeskin-baume-corps-200-ml\/","title":{"rendered":"LIERAC ARKESKIN BAUME CORPS 200 ML"},"content":{"rendered":"<p>BESCHREIBUNG<\/p>\n<p>Ark\u00e9skin Body Balm\u00a0korrigiert die Anzeichen der Menopause auf der Haut: Trockenheit und Festigkeitsverlust.<br \/>\nDieser mit Ingwer und doppelter Hyalurons\u00e4ure angereicherte K\u00f6rperbalsam, der speziell f\u00fcr Frauen in den Wechseljahren entwickelt wurde, hat eine entw\u00e4ssernde und straffende Wirkung und verleiht gleichzeitig Spannkraft. Die Haut wird mit Feuchtigkeit versorgt, gegl\u00e4ttet und sublimiert.<\/p>\n<p>Die ultra-n\u00e4hrende Textur besteht zu 91 % aus Inhaltsstoffen nat\u00fcrlichen Ursprungs und verwandelt sich beim Massieren in eine schmelzende Creme, die ein Gef\u00fchl sofortiger Frische ohne fettige Wirkung hinterl\u00e4sst.<br \/>\nSein Duft mit beruhigenden Lotusnoten verleiht der Haut einen zarten Duft.<\/p>","protected":false},"excerpt":{"rendered":"<p>BESCHREIBUNG Ark\u00e9skin Body Balm\u00a0korrigiert die Anzeichen der Menopause auf der Haut: Trockenheit und Festigkeitsverlust. Dieser mit Ingwer und doppelter Hyalurons\u00e4ure angereicherte K\u00f6rperbalsam, der speziell f\u00fcr Frauen in den Wechseljahren entwickelt wurde, hat eine entw\u00e4ssernde und straffende Wirkung und verleiht gleichzeitig Spannkraft. Die Haut wird mit Feuchtigkeit versorgt, gegl\u00e4ttet und sublimiert. Die ultra-n\u00e4hrende Textur besteht zu [&hellip;]<\/p>\n","protected":false},"featured_media":38316,"template":"","meta":{"_acf_changed":false,"footnotes":""},"product_brand":[],"product_cat":[56],"product_tag":[],"class_list":{"0":"post-38313","1":"product","2":"type-product","3":"status-publish","4":"has-post-thumbnail","6":"product_cat-soins-du-corps","8":"first","9":"instock","10":"taxable","11":"shipping-taxable","12":"purchasable","13":"product-type-simple"},"acf":[],"_links":{"self":[{"href":"https:\/\/www.pharmacieonline.lu\/de\/wp-json\/wp\/v2\/product\/38313","targetHints":{"allow":["GET"]}}],"collection":[{"href":"https:\/\/www.pharmacieonline.lu\/de\/wp-json\/wp\/v2\/product"}],"about":[{"href":"https:\/\/www.pharmacieonline.lu\/de\/wp-json\/wp\/v2\/types\/product"}],"version-history":[{"count":0,"href":"https:\/\/www.pharmacieonline.lu\/de\/wp-json\/wp\/v2\/product\/38313\/revisions"}],"wp:featuredmedia":[{"embeddable":true,"href":"https:\/\/www.pharmacieonline.lu\/de\/wp-json\/wp\/v2\/media\/38316"}],"wp:attachment":[{"href":"https:\/\/www.pharmacieonline.lu\/de\/wp-json\/wp\/v2\/media?parent=38313"}],"wp:term":[{"taxonomy":"product_brand","embeddable":true,"href":"https:\/\/www.pharmacieonline.lu\/de\/wp-json\/wp\/v2\/product_brand?post=38313"},{"taxonomy":"product_cat","embeddable":true,"href":"https:\/\/www.pharmacieonline.lu\/de\/wp-json\/wp\/v2\/product_cat?post=38313"},{"taxonomy":"product_tag","embeddable":true,"href":"https:\/\/www.pharmacieonline.lu\/de\/wp-json\/wp\/v2\/product_tag?post=38313"}],"curies":[{"name":"wp","href":"https:\/\/api.w.org\/{rel}","templated":true}]}}