{"id":38332,"date":"2023-09-06T11:28:46","date_gmt":"2023-09-06T09:28:46","guid":{"rendered":"https:\/\/www.pharmacieonline.lu\/?post_type=product&#038;p=38332"},"modified":"2026-04-09T22:25:29","modified_gmt":"2026-04-09T20:25:29","slug":"lierac-arkeskin-creme-jour-50-ml","status":"publish","type":"product","link":"https:\/\/www.pharmacieonline.lu\/de\/produit\/lierac-arkeskin-creme-jour-50-ml\/","title":{"rendered":"LIERAC ARKESKIN CREME JOUR 50 ML"},"content":{"rendered":"<p>BESCHREIBUNG<\/p>\n<p>Die Menopause-Tagescreme besteht zu 97 % aus Inhaltsstoffen nat\u00fcrlichen Ursprungs und korrigiert die sichtbaren Anzeichen der Menopause auf der Haut: Trockenheit, Dichte- und Festigkeitsverlust. Inspiriert durch die biologischen Rhythmen der Haut st\u00e4rkt La Cr\u00e8me Jour den Hautschutz und pflegt die Haut nachhaltig. Die Textur wurde speziell f\u00fcr Frauen in den Wechseljahren entwickelt und verschmilzt sanft mit der Haut, um sofortigen Komfort zu bieten. Tag f\u00fcr Tag gewinnt die Haut an Dichte, Festigkeit und Komfort zur\u00fcck.<\/p>","protected":false},"excerpt":{"rendered":"<p>BESCHREIBUNG Die Menopause-Tagescreme besteht zu 97 % aus Inhaltsstoffen nat\u00fcrlichen Ursprungs und korrigiert die sichtbaren Anzeichen der Menopause auf der Haut: Trockenheit, Dichte- und Festigkeitsverlust. Inspiriert durch die biologischen Rhythmen der Haut st\u00e4rkt La Cr\u00e8me Jour den Hautschutz und pflegt die Haut nachhaltig. Die Textur wurde speziell f\u00fcr Frauen in den Wechseljahren entwickelt und verschmilzt [&hellip;]<\/p>\n","protected":false},"featured_media":38337,"template":"","meta":{"_acf_changed":false,"footnotes":""},"product_brand":[],"product_cat":[54],"product_tag":[],"class_list":{"0":"post-38332","1":"product","2":"type-product","3":"status-publish","4":"has-post-thumbnail","6":"product_cat-soins-du-visage","8":"first","9":"instock","10":"taxable","11":"shipping-taxable","12":"purchasable","13":"product-type-simple"},"acf":[],"_links":{"self":[{"href":"https:\/\/www.pharmacieonline.lu\/de\/wp-json\/wp\/v2\/product\/38332","targetHints":{"allow":["GET"]}}],"collection":[{"href":"https:\/\/www.pharmacieonline.lu\/de\/wp-json\/wp\/v2\/product"}],"about":[{"href":"https:\/\/www.pharmacieonline.lu\/de\/wp-json\/wp\/v2\/types\/product"}],"version-history":[{"count":0,"href":"https:\/\/www.pharmacieonline.lu\/de\/wp-json\/wp\/v2\/product\/38332\/revisions"}],"wp:featuredmedia":[{"embeddable":true,"href":"https:\/\/www.pharmacieonline.lu\/de\/wp-json\/wp\/v2\/media\/38337"}],"wp:attachment":[{"href":"https:\/\/www.pharmacieonline.lu\/de\/wp-json\/wp\/v2\/media?parent=38332"}],"wp:term":[{"taxonomy":"product_brand","embeddable":true,"href":"https:\/\/www.pharmacieonline.lu\/de\/wp-json\/wp\/v2\/product_brand?post=38332"},{"taxonomy":"product_cat","embeddable":true,"href":"https:\/\/www.pharmacieonline.lu\/de\/wp-json\/wp\/v2\/product_cat?post=38332"},{"taxonomy":"product_tag","embeddable":true,"href":"https:\/\/www.pharmacieonline.lu\/de\/wp-json\/wp\/v2\/product_tag?post=38332"}],"curies":[{"name":"wp","href":"https:\/\/api.w.org\/{rel}","templated":true}]}}