{"id":38342,"date":"2023-09-06T11:35:12","date_gmt":"2023-09-06T09:35:12","guid":{"rendered":"https:\/\/www.pharmacieonline.lu\/?post_type=product&#038;p=38342"},"modified":"2026-04-12T15:55:22","modified_gmt":"2026-04-12T13:55:22","slug":"lierac-arkeskin-cr-nut-red-nuit-rech50ml","status":"publish","type":"product","link":"https:\/\/www.pharmacieonline.lu\/de\/produit\/lierac-arkeskin-cr-nut-red-nuit-rech50ml\/","title":{"rendered":"LIERAC ARKESKIN CR NUTRI RED NUIT 50 ML"},"content":{"rendered":"<p>BESCHREIBUNG<\/p>\n<p>Die Menopause-Nachtcreme besteht zu 96 % aus Inhaltsstoffen nat\u00fcrlichen Ursprungs und korrigiert die sichtbaren Anzeichen der Menopause auf der Haut: Trockenheit, Dichte- und Festigkeitsverlust. Inspiriert durch die biologischen Rhythmen der Haut aktiviert die Nachtcreme die Zellregeneration und pflegt die Haut nachhaltig. Die cremige Textur wurde speziell f\u00fcr Frauen in den Wechseljahren entwickelt und verschmilzt sanft mit der Haut, um sofortigen Komfort zu bieten. Tag f\u00fcr Tag gewinnt die Haut an Dichte, N\u00e4hrstoffen, Festigkeit und Komfort zur\u00fcck.<\/p>","protected":false},"excerpt":{"rendered":"<p>BESCHREIBUNG Die Menopause-Nachtcreme besteht zu 96 % aus Inhaltsstoffen nat\u00fcrlichen Ursprungs und korrigiert die sichtbaren Anzeichen der Menopause auf der Haut: Trockenheit, Dichte- und Festigkeitsverlust. Inspiriert durch die biologischen Rhythmen der Haut aktiviert die Nachtcreme die Zellregeneration und pflegt die Haut nachhaltig. Die cremige Textur wurde speziell f\u00fcr Frauen in den Wechseljahren entwickelt und verschmilzt [&hellip;]<\/p>\n","protected":false},"featured_media":38347,"template":"","meta":{"_acf_changed":false,"footnotes":""},"product_brand":[],"product_cat":[54],"product_tag":[],"class_list":{"0":"post-38342","1":"product","2":"type-product","3":"status-publish","4":"has-post-thumbnail","6":"product_cat-soins-du-visage","8":"first","9":"instock","10":"taxable","11":"shipping-taxable","12":"purchasable","13":"product-type-simple"},"acf":[],"_links":{"self":[{"href":"https:\/\/www.pharmacieonline.lu\/de\/wp-json\/wp\/v2\/product\/38342","targetHints":{"allow":["GET"]}}],"collection":[{"href":"https:\/\/www.pharmacieonline.lu\/de\/wp-json\/wp\/v2\/product"}],"about":[{"href":"https:\/\/www.pharmacieonline.lu\/de\/wp-json\/wp\/v2\/types\/product"}],"version-history":[{"count":0,"href":"https:\/\/www.pharmacieonline.lu\/de\/wp-json\/wp\/v2\/product\/38342\/revisions"}],"wp:featuredmedia":[{"embeddable":true,"href":"https:\/\/www.pharmacieonline.lu\/de\/wp-json\/wp\/v2\/media\/38347"}],"wp:attachment":[{"href":"https:\/\/www.pharmacieonline.lu\/de\/wp-json\/wp\/v2\/media?parent=38342"}],"wp:term":[{"taxonomy":"product_brand","embeddable":true,"href":"https:\/\/www.pharmacieonline.lu\/de\/wp-json\/wp\/v2\/product_brand?post=38342"},{"taxonomy":"product_cat","embeddable":true,"href":"https:\/\/www.pharmacieonline.lu\/de\/wp-json\/wp\/v2\/product_cat?post=38342"},{"taxonomy":"product_tag","embeddable":true,"href":"https:\/\/www.pharmacieonline.lu\/de\/wp-json\/wp\/v2\/product_tag?post=38342"}],"curies":[{"name":"wp","href":"https:\/\/api.w.org\/{rel}","templated":true}]}}