{"id":38349,"date":"2023-09-06T14:04:51","date_gmt":"2023-09-06T12:04:51","guid":{"rendered":"https:\/\/www.pharmacieonline.lu\/?post_type=product&#038;p=38349"},"modified":"2026-04-10T00:25:52","modified_gmt":"2026-04-09T22:25:52","slug":"lierac-arkeskin-lait-corps-flac-400-ml","status":"publish","type":"product","link":"https:\/\/www.pharmacieonline.lu\/de\/produit\/lierac-arkeskin-lait-corps-flac-400-ml\/","title":{"rendered":"LIERAC ARKESKIN LAIT CORPS FLAC 400 ML"},"content":{"rendered":"<p>BESCHREIBUNG<\/p>\n<p>Die Menopause-K\u00f6rpermilch besteht zu 93 % aus Inhaltsstoffen nat\u00fcrlichen Ursprungs und korrigiert die sichtbaren Anzeichen der Menopause auf der Haut: Trockenheit, Festigkeits- und Spannkraftverlust. Die schmelzende und pflegende Textur wurde speziell f\u00fcr Frauen in den Wechseljahren entwickelt und hinterl\u00e4sst sofort nach dem Auftragen ein angenehmes Frischegef\u00fchl. Die Haut gewinnt an Festigkeit und Spannkraft, wird nachhaltig gepflegt und f\u00fchlt sich wohler<\/p>","protected":false},"excerpt":{"rendered":"<p>BESCHREIBUNG Die Menopause-K\u00f6rpermilch besteht zu 93 % aus Inhaltsstoffen nat\u00fcrlichen Ursprungs und korrigiert die sichtbaren Anzeichen der Menopause auf der Haut: Trockenheit, Festigkeits- und Spannkraftverlust. Die schmelzende und pflegende Textur wurde speziell f\u00fcr Frauen in den Wechseljahren entwickelt und hinterl\u00e4sst sofort nach dem Auftragen ein angenehmes Frischegef\u00fchl. Die Haut gewinnt an Festigkeit und Spannkraft, wird [&hellip;]<\/p>\n","protected":false},"featured_media":38357,"template":"","meta":{"_acf_changed":false,"footnotes":""},"product_brand":[],"product_cat":[54],"product_tag":[],"class_list":{"0":"post-38349","1":"product","2":"type-product","3":"status-publish","4":"has-post-thumbnail","6":"product_cat-soins-du-visage","8":"first","9":"instock","10":"taxable","11":"shipping-taxable","12":"purchasable","13":"product-type-simple"},"acf":[],"_links":{"self":[{"href":"https:\/\/www.pharmacieonline.lu\/de\/wp-json\/wp\/v2\/product\/38349","targetHints":{"allow":["GET"]}}],"collection":[{"href":"https:\/\/www.pharmacieonline.lu\/de\/wp-json\/wp\/v2\/product"}],"about":[{"href":"https:\/\/www.pharmacieonline.lu\/de\/wp-json\/wp\/v2\/types\/product"}],"version-history":[{"count":0,"href":"https:\/\/www.pharmacieonline.lu\/de\/wp-json\/wp\/v2\/product\/38349\/revisions"}],"wp:featuredmedia":[{"embeddable":true,"href":"https:\/\/www.pharmacieonline.lu\/de\/wp-json\/wp\/v2\/media\/38357"}],"wp:attachment":[{"href":"https:\/\/www.pharmacieonline.lu\/de\/wp-json\/wp\/v2\/media?parent=38349"}],"wp:term":[{"taxonomy":"product_brand","embeddable":true,"href":"https:\/\/www.pharmacieonline.lu\/de\/wp-json\/wp\/v2\/product_brand?post=38349"},{"taxonomy":"product_cat","embeddable":true,"href":"https:\/\/www.pharmacieonline.lu\/de\/wp-json\/wp\/v2\/product_cat?post=38349"},{"taxonomy":"product_tag","embeddable":true,"href":"https:\/\/www.pharmacieonline.lu\/de\/wp-json\/wp\/v2\/product_tag?post=38349"}],"curies":[{"name":"wp","href":"https:\/\/api.w.org\/{rel}","templated":true}]}}