{"id":38373,"date":"2023-09-06T16:27:41","date_gmt":"2023-09-06T14:27:41","guid":{"rendered":"https:\/\/www.pharmacieonline.lu\/?post_type=product&#038;p=38373"},"modified":"2026-04-07T20:25:21","modified_gmt":"2026-04-07T18:25:21","slug":"advantix-400-2000-spot-on-chien-244-ml","status":"publish","type":"product","link":"https:\/\/www.pharmacieonline.lu\/de\/produit\/advantix-400-2000-spot-on-chien-244-ml\/","title":{"rendered":"ADVANTIX 400\/2000 SPOT ON CHIEN 24*4 ML"},"content":{"rendered":"<p>Beschreibung<\/p>\n<p>Beim Hund vorhandene Fl\u00f6he werden innerhalb eines Tages nach der Behandlung abget\u00f6tet. Eine einzige Behandlung verhindert vier Wochen lang einen erneuten Flohbefall. Das Produkt hat eine anhaltende akarizide und abweisende Wirkung gegen Zeckenbefall (R. sanguineus und I. ricinus f\u00fcr vier Wochen und D. reticulatus f\u00fcr drei Wochen). Dank seiner abweisenden und akariziden Wirkung auf den Vektor Rhipicephalus sanguineus (Zecke) verringert das Produkt das Risiko einer \u00dcbertragung des Erregers Ehrlichia canis und damit auch das Risiko einer Hunde-Ehrlichiose.<\/p>\n<p>Studien haben gezeigt, dass diese Risikominderung 3 Tage nach der Anwendung des Produkts einsetzt und 4 Wochen anh\u00e4lt. Zecken, die zum Zeitpunkt der Behandlung bereits beim Hund vorhanden waren, werden manchmal erst zwei Tage nach der Behandlung abget\u00f6tet und bleiben manchmal festsitzend und sichtbar. Es wird au\u00dferdem empfohlen, w\u00e4hrend der Anwendung der Behandlung vorhandene Zecken zu entfernen, um deren Anhaftung und die Aufnahme einer Blutmahlzeit zu vermeiden.<\/p>\n<p>Eine einzige Behandlung bietet eine abweisende Wirkung (Anti-Verstopfung) gegen Sandfliegen (P. papatasi f\u00fcr zwei Wochen und P. perniciosus f\u00fcr drei Wochen), gegen M\u00fccken (A. aegypti f\u00fcr zwei Wochen und C. pipiens f\u00fcr vier Wochen) und gegen Stallfliegen (S. calcitrans) f\u00fcr vier Wochen.<\/p>\n<p>Arbeit<br \/>\nDie empfohlene Mindestdosis betr\u00e4gt:<br \/>\n10 mg\/kg K\u00f6rpergewicht (KG) Imidacloprid und 50 mg\/kg K\u00f6rpergewicht (KG) Permethrin.<br \/>\nDosierungsschema:<br \/>\nHunde<br \/>\n(kg PC) Handelsname Volumen<br \/>\n(ml) Imidaclopri<br \/>\nvon (mg\/kg<br \/>\nPC) Permethrin<br \/>\n(mg\/kg KG)<br \/>\nbis 4 kg Advantix Dog 40\/200 Spot-on-L\u00f6sung f\u00fcr<br \/>\nHunde bis 4 kg 0,4 ml 10 mindestens 50 mindestens<br \/>\nvon 4 bis 10 kg Advantix Dog 100\/500 Spot-on-L\u00f6sung f\u00fcr<br \/>\nHunde von 4 kg bis 10 kg 1,0 ml 10 &#8211; 25 50 &#8211; 125<br \/>\nvon 10 bis 25<br \/>\nkg Advantix 250\/1250 L\u00f6sung zum Auftropfen f\u00fcr Hunde<br \/>\nvon 10 kg bis 25 kg 2,5 ml 10 &#8211; 25 50 &#8211; 125<br \/>\nvon 25 bis 40<br \/>\nkg Advantix 400\/2000 L\u00f6sung zum Auftropfen f\u00fcr Hunde<br \/>\nvon 25 kg bis 40 kg 4,0 ml 10 &#8211; 16 50 &#8211; 80<\/p>\n<p>Nehmen Sie eine Pipette aus der Verpackung. Halten Sie die Pipette aufrecht, drehen Sie die Kappe und ziehen Sie sie ab. Schrauben Sie die Pipetten\u00f6ffnung mit der umgedrehten Kappe fest und stechen Sie sie durch. Entfernen Sie dann die Pipettenkappe.<\/p>\n<p>F\u00fcr Hunde bis 10 kg K\u00f6rpergewicht:<\/p>\n<p>W\u00e4hrend sich der Hund nicht bewegt, teilen Sie das Haar zwischen den Schulterbl\u00e4ttern, bis die Haut sichtbar ist. Setzen Sie die Pipettenspitze auf die Haut und dr\u00fccken Sie sie mehrmals kr\u00e4ftig zusammen, um den Inhalt direkt auf die Haut zu entleeren.<\/p>\n<p>F\u00fcr Hunde \u00fcber 10 kg K\u00f6rpergewicht:<\/p>\n<p>W\u00e4hrend sich der Hund nicht bewegt, tragen Sie den gesamten Inhalt der Advantix-Hundepipette gleichm\u00e4\u00dfig auf vier Stellen auf, die sich alle auf der R\u00fcckenlinie befinden, zwischen den Schulterbl\u00e4ttern und dem Schwanzansatz. Teilen Sie die Haare in jedem Bereich, bis die Haut sichtbar ist. Setzen Sie die Pipettenspitze auf die Haut und dr\u00fccken Sie sie leicht zusammen, um einen Teil des Inhalts direkt auf die Haut zu verteilen.<\/p>\n<p>Nur f\u00fcr \u00e4u\u00dfere Anwendung.<br \/>\nNur auf gesunde Haut auftragen.<br \/>\nTragen Sie nicht zu viel Produkt auf eine Stelle auf; Die L\u00f6sung k\u00f6nnte an den Seiten des Hundes herunterlaufen.<\/p>\n<p>Zutaten<br \/>\nWirkstoffe:<br \/>\nImidacloprid: 100 mg\/ml<br \/>\nPermethrin: 500 mg\/ml<br \/>\nErn\u00e4hrungszus\u00e4tze:<br \/>\nButylhydroxytoluol (E321): 1,0 mg\/ml<\/p>\n<p>Jede Pipette enth\u00e4lt:<br \/>\nPipette Imidacloprid Permethrin E321<br \/>\nAdvantix Dog 40\/200 Spot-on-L\u00f6sung f\u00fcr<br \/>\nHunde bis 4 kg 0,4 ml 40 mg 200 mg 0,4 mg<br \/>\nAdvantix 400\/2000 Spot-on-L\u00f6sung f\u00fcr<br \/>\nHunde von 25 kg bis 40 kg 1,0 ml 100 mg 500 mg 1,0 mg<br \/>\nAdvantix 250\/1250 Spot-on-L\u00f6sung f\u00fcr<br \/>\nHunde von 10 kg bis 25 kg 2,5 ml 250 mg 1250 mg 2,5 mg<br \/>\nAdvantix 400\/2000 Spot-on-L\u00f6sung f\u00fcr<br \/>\nHunde von 25 kg bis 40 kg 4,0 ml 400 mg 2000 mg 4,0 mg<br \/>\nWarnung<br \/>\nAu\u00dferhalb der Sicht- und Reichweite von Kindern aufbewahren. Nicht einfrieren. Nach dem \u00d6ffnen des Aluminiumbeutels an einem trockenen Ort bei einer Temperatur von nicht mehr als 30 \u00b0C aufbewahren. Innerhalb von 24 Monaten nach dem \u00d6ffnen des Folienbeutels oder vor dem Verfallsdatum (EXP), wenn dieses k\u00fcrzer ist, verwenden. Verwenden Sie dieses Tierarzneimittel nicht mehr nach dem auf der Pipette, dem Folienbeutel oder der Schachtel nach \u201eEXP\u201c angegebenen Verfallsdatum.<br \/>\nDies ist ein Arzneimittel. Ohne \u00e4rztlichen Rat darf es nicht l\u00e4nger angewendet werden. Au\u00dferhalb der Reichweite von Kindern aufbewahren. Lesen Sie die Gebrauchsanweisung sorgf\u00e4ltig durch. Wenn Sie Nebenwirkungen bemerken, wenden Sie sich umgehend an Ihren Arzt.<\/p>","protected":false},"excerpt":{"rendered":"<p>Beschreibung Beim Hund vorhandene Fl\u00f6he werden innerhalb eines Tages nach der Behandlung abget\u00f6tet. Eine einzige Behandlung verhindert vier Wochen lang einen erneuten Flohbefall. Das Produkt hat eine anhaltende akarizide und abweisende Wirkung gegen Zeckenbefall (R. sanguineus und I. ricinus f\u00fcr vier Wochen und D. reticulatus f\u00fcr drei Wochen). Dank seiner abweisenden und akariziden Wirkung auf [&hellip;]<\/p>\n","protected":false},"featured_media":38374,"template":"","meta":{"_acf_changed":false,"footnotes":""},"product_brand":[],"product_cat":[151,157,46],"product_tag":[],"class_list":{"0":"post-38373","1":"product","2":"type-product","3":"status-publish","4":"has-post-thumbnail","6":"product_cat-chiens","7":"product_cat-puces-et-tiques-chiens","8":"product_cat-veterinaire","10":"first","11":"instock","12":"taxable","13":"shipping-taxable","14":"purchasable","15":"product-type-simple"},"acf":[],"_links":{"self":[{"href":"https:\/\/www.pharmacieonline.lu\/de\/wp-json\/wp\/v2\/product\/38373","targetHints":{"allow":["GET"]}}],"collection":[{"href":"https:\/\/www.pharmacieonline.lu\/de\/wp-json\/wp\/v2\/product"}],"about":[{"href":"https:\/\/www.pharmacieonline.lu\/de\/wp-json\/wp\/v2\/types\/product"}],"version-history":[{"count":0,"href":"https:\/\/www.pharmacieonline.lu\/de\/wp-json\/wp\/v2\/product\/38373\/revisions"}],"wp:featuredmedia":[{"embeddable":true,"href":"https:\/\/www.pharmacieonline.lu\/de\/wp-json\/wp\/v2\/media\/38374"}],"wp:attachment":[{"href":"https:\/\/www.pharmacieonline.lu\/de\/wp-json\/wp\/v2\/media?parent=38373"}],"wp:term":[{"taxonomy":"product_brand","embeddable":true,"href":"https:\/\/www.pharmacieonline.lu\/de\/wp-json\/wp\/v2\/product_brand?post=38373"},{"taxonomy":"product_cat","embeddable":true,"href":"https:\/\/www.pharmacieonline.lu\/de\/wp-json\/wp\/v2\/product_cat?post=38373"},{"taxonomy":"product_tag","embeddable":true,"href":"https:\/\/www.pharmacieonline.lu\/de\/wp-json\/wp\/v2\/product_tag?post=38373"}],"curies":[{"name":"wp","href":"https:\/\/api.w.org\/{rel}","templated":true}]}}