{"id":38387,"date":"2023-09-06T17:18:00","date_gmt":"2023-09-06T15:18:00","guid":{"rendered":"https:\/\/www.pharmacieonline.lu\/?post_type=product&#038;p=38387"},"modified":"2026-04-13T01:55:30","modified_gmt":"2026-04-12T23:55:30","slug":"algis-spray-150-ml","status":"publish","type":"product","link":"https:\/\/www.pharmacieonline.lu\/de\/produit\/algis-spray-150-ml\/","title":{"rendered":"ALGIS SPRAY 150 ML"},"content":{"rendered":"<p>Indikation<\/p>\n<p>Symptomatische Behandlung von:<\/p>\n<p>&#8211; Muskel- und Gelenkschmerzen.<\/p>\n<p>Arbeit<\/p>\n<p>\u2022 2 bis 3 Anwendungen pro Tag, je nach Intensit\u00e4t der Schmerzen.<\/p>\n<p>\u2022 Bei starker Beanspruchung der Muskulatur: Vor und nach dem Training anwenden.<\/p>\n<p>Platzieren Sie das Spray etwa 20 cm von der Haut entfernt und spr\u00fchen Sie es einige Sekunden lang auf die zu behandelnde Gliedma\u00dfe. Das Produkt wirkt ohne Reibung oder Massage.<br \/>\nDer Spray kann in jeder beliebigen Position platziert werden.<\/p>\n<p>Zutaten<\/p>\n<p>&#8211; Die Wirkstoffe sind Terpentin\u00f6l 59 mg\/g, Kampfer (racemisch) 59 mg\/g und Menthol 35,4 mg\/g.<\/p>\n<p>&#8211; Die sonstigen Bestandteile sind Benzoe-Tinktur, Benzylalkohol, Methylsalicylat, Vitamin E-Nicotinat und Ethanol 96 %. Treibgas: Stickstoff.<\/p>\n<p>Nebenwirkungen<\/p>\n<p>Wie alle Arzneimittel kann Algis-Spray Nebenwirkungen haben, die aber nicht bei jedem auftreten m\u00fcssen.<\/p>\n<p>\u2022 M\u00f6gliche lokale allergische Reaktionen (Hautausschlag, Juckreiz, Hautentz\u00fcndung), die eine Unterbrechung der Behandlung erfordern.<\/p>\n<p>\u2022 Hautreizung.<\/p>\n<p>\u2022 M\u00f6glichkeit einer lokalen R\u00f6tung der Haut; diese Reaktion ist v\u00f6llig normal.<\/p>\n<p>Wenn bei Ihnen eine der als schwerwiegend genannten Nebenwirkungen auftritt oder Sie Nebenwirkungen bemerken, die nicht in dieser Packungsbeilage aufgef\u00fchrt sind, informieren Sie bitte Ihren Arzt oder Apotheker.<\/p>\n<p>Warnung<\/p>\n<p>Schwangerschaft und Stillzeit<\/p>\n<p>Fragen Sie vor der Einnahme von Arzneimitteln Ihren Arzt oder Apotheker um Rat.<\/p>\n<p>Die Anwendung von Algis-Spray w\u00e4hrend der Schwangerschaft und Stillzeit wird nicht empfohlen.<\/p>\n<p>Fahren und Bedienen von Maschinen<\/p>\n<p>Es sind keine besonderen Ma\u00dfnahmen erforderlich.<\/p>\n<p>Wichtige Informationen zu bestimmten Bestandteilen von Algis-Spray<\/p>\n<p>ALGIS-SPRAY enth\u00e4lt Tinktur-Benzoe. Dieser Stoff kann leichte Reizungen an Haut, Augen und Schleimh\u00e4uten hervorrufen.<\/p>","protected":false},"excerpt":{"rendered":"<p>Indikation Symptomatische Behandlung von: &#8211; Muskel- und Gelenkschmerzen. Arbeit \u2022 2 bis 3 Anwendungen pro Tag, je nach Intensit\u00e4t der Schmerzen. \u2022 Bei starker Beanspruchung der Muskulatur: Vor und nach dem Training anwenden. Platzieren Sie das Spray etwa 20 cm von der Haut entfernt und spr\u00fchen Sie es einige Sekunden lang auf die zu behandelnde [&hellip;]<\/p>\n","protected":false},"featured_media":38388,"template":"","meta":{"_acf_changed":false,"footnotes":""},"product_brand":[],"product_cat":[95,92],"product_tag":[],"class_list":{"0":"post-38387","1":"product","2":"type-product","3":"status-publish","4":"has-post-thumbnail","6":"product_cat-usage-externe","7":"product_cat-douleurs-musculaires","9":"first","10":"outofstock","11":"taxable","12":"shipping-taxable","13":"purchasable","14":"product-type-simple"},"acf":[],"_links":{"self":[{"href":"https:\/\/www.pharmacieonline.lu\/de\/wp-json\/wp\/v2\/product\/38387","targetHints":{"allow":["GET"]}}],"collection":[{"href":"https:\/\/www.pharmacieonline.lu\/de\/wp-json\/wp\/v2\/product"}],"about":[{"href":"https:\/\/www.pharmacieonline.lu\/de\/wp-json\/wp\/v2\/types\/product"}],"version-history":[{"count":0,"href":"https:\/\/www.pharmacieonline.lu\/de\/wp-json\/wp\/v2\/product\/38387\/revisions"}],"wp:featuredmedia":[{"embeddable":true,"href":"https:\/\/www.pharmacieonline.lu\/de\/wp-json\/wp\/v2\/media\/38388"}],"wp:attachment":[{"href":"https:\/\/www.pharmacieonline.lu\/de\/wp-json\/wp\/v2\/media?parent=38387"}],"wp:term":[{"taxonomy":"product_brand","embeddable":true,"href":"https:\/\/www.pharmacieonline.lu\/de\/wp-json\/wp\/v2\/product_brand?post=38387"},{"taxonomy":"product_cat","embeddable":true,"href":"https:\/\/www.pharmacieonline.lu\/de\/wp-json\/wp\/v2\/product_cat?post=38387"},{"taxonomy":"product_tag","embeddable":true,"href":"https:\/\/www.pharmacieonline.lu\/de\/wp-json\/wp\/v2\/product_tag?post=38387"}],"curies":[{"name":"wp","href":"https:\/\/api.w.org\/{rel}","templated":true}]}}