{"id":38418,"date":"2023-09-07T10:28:45","date_gmt":"2023-09-07T08:28:45","guid":{"rendered":"https:\/\/www.pharmacieonline.lu\/?post_type=product&#038;p=38418"},"modified":"2026-04-14T11:55:18","modified_gmt":"2026-04-14T09:55:18","slug":"lierac-body-slim-prog-cryoactif-150-ml","status":"publish","type":"product","link":"https:\/\/www.pharmacieonline.lu\/de\/produit\/lierac-body-slim-prog-cryoactif-150-ml\/","title":{"rendered":"LIERAC BODY SLIM PROG CRYOACTIF 150 ML"},"content":{"rendered":"<p>Die Laboratorien von Lierac pr\u00e4sentieren das konzentrierte kryoaktive Schlankheitsgel Body-Slim und seinen Massageroller. Die von der Kryolipolyse inspirierte Formel mit Ingwer, Koffein und Pro-Irisin sorgt f\u00fcr schnelle Wirksamkeit, Fettentfernung und vor allem f\u00fcr eine Anti-Rezidiv-Wirkung. In Kombination mit dem Roller dringt das K\u00e4lteeffektgel w\u00e4hrend der Massage leichter ein. Erste Ergebnisse nach 7 Tagen, dauerhaft straffere Haut und wieder strahlende Beine.<\/p>","protected":false},"excerpt":{"rendered":"<p>Die Laboratorien von Lierac pr\u00e4sentieren das konzentrierte kryoaktive Schlankheitsgel Body-Slim und seinen Massageroller. Die von der Kryolipolyse inspirierte Formel mit Ingwer, Koffein und Pro-Irisin sorgt f\u00fcr schnelle Wirksamkeit, Fettentfernung und vor allem f\u00fcr eine Anti-Rezidiv-Wirkung. In Kombination mit dem Roller dringt das K\u00e4lteeffektgel w\u00e4hrend der Massage leichter ein. Erste Ergebnisse nach 7 Tagen, dauerhaft straffere [&hellip;]<\/p>\n","protected":false},"featured_media":38419,"template":"","meta":{"_acf_changed":false,"footnotes":""},"product_brand":[],"product_cat":[63,49],"product_tag":[],"class_list":{"0":"post-38418","1":"product","2":"type-product","3":"status-publish","4":"has-post-thumbnail","6":"product_cat-produits-aminicissants","7":"product_cat-minceurs","9":"first","10":"instock","11":"taxable","12":"shipping-taxable","13":"purchasable","14":"product-type-simple"},"acf":[],"_links":{"self":[{"href":"https:\/\/www.pharmacieonline.lu\/de\/wp-json\/wp\/v2\/product\/38418","targetHints":{"allow":["GET"]}}],"collection":[{"href":"https:\/\/www.pharmacieonline.lu\/de\/wp-json\/wp\/v2\/product"}],"about":[{"href":"https:\/\/www.pharmacieonline.lu\/de\/wp-json\/wp\/v2\/types\/product"}],"version-history":[{"count":0,"href":"https:\/\/www.pharmacieonline.lu\/de\/wp-json\/wp\/v2\/product\/38418\/revisions"}],"wp:featuredmedia":[{"embeddable":true,"href":"https:\/\/www.pharmacieonline.lu\/de\/wp-json\/wp\/v2\/media\/38419"}],"wp:attachment":[{"href":"https:\/\/www.pharmacieonline.lu\/de\/wp-json\/wp\/v2\/media?parent=38418"}],"wp:term":[{"taxonomy":"product_brand","embeddable":true,"href":"https:\/\/www.pharmacieonline.lu\/de\/wp-json\/wp\/v2\/product_brand?post=38418"},{"taxonomy":"product_cat","embeddable":true,"href":"https:\/\/www.pharmacieonline.lu\/de\/wp-json\/wp\/v2\/product_cat?post=38418"},{"taxonomy":"product_tag","embeddable":true,"href":"https:\/\/www.pharmacieonline.lu\/de\/wp-json\/wp\/v2\/product_tag?post=38418"}],"curies":[{"name":"wp","href":"https:\/\/api.w.org\/{rel}","templated":true}]}}