{"id":38421,"date":"2023-09-07T14:04:25","date_gmt":"2023-09-07T12:04:25","guid":{"rendered":"https:\/\/www.pharmacieonline.lu\/?post_type=product&#038;p=38421"},"modified":"2026-04-09T01:55:17","modified_gmt":"2026-04-08T23:55:17","slug":"aderma-biology-ac-perfect-fluide-40ml","status":"publish","type":"product","link":"https:\/\/www.pharmacieonline.lu\/de\/produit\/aderma-biology-ac-perfect-fluide-40ml\/","title":{"rendered":"ADERMA BIOLOGY AC PERFECT FLUIDE 40ML"},"content":{"rendered":"<p>Allgemeine Beschreibung<\/p>\n<p>BIOLOGIE AC PERFECT, 2-in-1-Behandlung, wirkt sowohl auf Unvollkommenheiten als auch auf die ersten Zeichen der Hautalterung. Diese zertifizierte biologische und dermatologische Behandlung f\u00f6rdert die Beseitigung von Pickeln, Mitessern und hartn\u00e4ckigen roten und braunen Flecken. Es korrigiert auch die ersten Zeichen der Hautalterung f\u00fcr eine glattere Haut, indem es feine Linien und F\u00e4ltchen gl\u00e4ttet und die Hautstruktur ausgleicht. Es bringt das Mikrobiom wieder ins Gleichgewicht und bietet eine Anti-Rezidiv-Wirkung. Seine Anti-Pollution-Formel sch\u00fctzt die Hautbarriere vor Verschmutzung. F\u00fcr fettige Erwachsenenhaut mit Unreinheiten und Akneneigung. Fl\u00fcssige, leichte Creme, getestet in Kombination mit f\u00fchrenden topischen und oralen Aknebehandlungen. Behandlung aus der Pflanzendermatologie, bestehend aus 99 % Inhaltsstoffen nat\u00fcrlichen Ursprungs, einschlie\u00dflich Rhealba\u00ae-Hafer aus biologischem Anbau. S\u00fc\u00dfer und pflanzlicher Duft. Vegane Info: ohne Inhaltsstoffe tierischen Ursprungs.<\/p>\n<p>Allgemeine Beschreibung<\/p>\n<p>Fluid gegen Unreinheiten. Das Anti-Imperfektions-Fluid f\u00f6rdert nicht nur die Beseitigung von Mitessern und roten Flecken, sondern korrigiert auch erste Zeichen der Hautalterung. Seine beruhigende Anti-Rezidiv-Formel begrenzt das Wiederauftreten von Unreinheiten, bringt das Mikrobiom wieder ins Gleichgewicht, reduziert hartn\u00e4ckige rote und braune Flecken und sch\u00fctzt die Hautbarriere vor Verschmutzung. Poren werden sanft gereinigt und das Hautbild verfeinert. Feuchtigkeitsspendende, fl\u00fcssige und leichte Textur. Von Dermatologen zugelassen. Vertr\u00e4glichkeit getestet an empfindlicher und zu Akne neigender Haut.<\/p>\n<p>Verwenden<\/p>\n<p>Morgens und\/oder abends auf das gesamte Gesicht auftragen.<\/p>\n<p>Verwenden<\/p>\n<p>Morgens und\/oder abends auf das gesamte Gesicht auftragen. Ideal als Make-up-Basis. Trocken im Griff, nicht fettend und nicht klebrig. Nicht komedogen. Erwachsene. Den Kontakt mit den Augen vermeiden. Begrenzen Sie die Sonneneinstrahlung w\u00e4hrend der Verwendung des Produkts oder verwenden Sie Sonnenschutz. Bei Unwohlsein empfiehlt es sich, die Anwendung des Produkts jedes zweite Mal zeitlich zu unterbrechen.<\/p>\n<p>Komposition<\/p>\n<p>WASSER (AQUA). GLYCERIN. CAPRYL-\/CAPRIC-TRIGLYCERID. PENTYLEN GLYKOL. GLYCERYLSTEARAT. CETEARYLALKOHOL. BEHENYLALKOHOL. MIKROKRISTALLINE CELLULOSE. MILCHS\u00c4URE. SIMMONDSIA CHINENSIS (JOJOBA)-SAMEN\u00d6L (SIMMONDSIA CHINENSIS-SAMEN\u00d6L)*. GARCINIA-MANGOSTANA-SCHALEN-EXTRAKT. NATRIUMHYALURONAT. AVENA SATIVA (HAFER) BL\u00dcTEN-\/BLATT-\/STIELSAFT (AVENA SATIVA BL\u00dcTEN-\/BLATT-\/STIELSAFT)*. HIBISCUS SABDAIFFA BLUMENEXTRAKT. TARAXACUM OFFICINALE (L\u00d6WENZAHN) RHIZOME\/WURZEL-EXTRAKT (TARAXACUM OFFICINALE RHIZOME\/WURZEL-EXTRAKT). ALOE BARBADENSIS BLATTSAFTPULVER*. CETEARYL-GLUCOSID. DUFT (PARF\u00dcM). HELIANTHUS ANNUUS (SONNENBLUMEN)-SAMEN\u00d6L (HELIANTHUS ANNUUS SEED OIL). Maltodextrin. SKLEROTIUM GUMMI. NATRIUMBENZOAT. NATRIUMHYDROXID. Natriumstearoylglutamat. TOCOPHEROL. XANTHANGUMMI<\/p>\n<p>Komposition<br \/>\n\u00d6FFENTLICHKEIT \/ PATIENT, APOTHEKER, ARZT, PFLEGEHEIM, KRANKENHAUS, KRANKENSCHWESTER, PHYSIOTHERAPIE<\/p>\n<p>WASSER (AQUA). GLYCERIN. CAPRYL-\/CAPRIC-TRIGLYCERID. PENTYLEN GLYKOL. GLYCERYLSTEARAT. CETEARYLALKOHOL. BEHENYLALKOHOL. MIKROKRISTALLINE CELLULOSE. MILCHS\u00c4URE. SIMMONDSIA CHINENSIS (JOJOBA)-SAMEN\u00d6L (SIMMONDSIA CHINENSIS-SAMEN\u00d6L)*. GARCINIA-MANGOSTANA-SCHALEN-EXTRAKT. NATRIUMHYALURONAT. AVENA SATIVA (HAFER) BL\u00dcTEN-\/BLATT-\/STIELSAFT (AVENA SATIVA BL\u00dcTEN-\/BLATT-\/STIELSAFT)*. HIBISCUS SABDAIFFA BLUMENEXTRAKT. TARAXACUM OFFICINALE (L\u00d6WENZAHN) RHIZOME\/WURZEL-EXTRAKT (TARAXACUM OFFICINALE RHIZOME\/WURZEL-EXTRAKT). ALOE BARBADENSIS BLATTSAFTPULVER*. CETEARYL-GLUCOSID. DUFT (PARF\u00dcM). HELIANTHUS ANNUUS (SONNENBLUMEN)-SAMEN\u00d6L (HELIANTHUS ANNUUS SEED OIL). Maltodextrin. SKLEROTIUM GUMMI. NATRIUMBENZOAT. NATRIUMHYDROXID. Natriumstearoylglutamat. TOCOPHEROL. XANTHANGUMMI.<\/p>\n<p>*Zutaten aus biologischem Anbau<\/p>\n<p>Eigenschaften<\/p>\n<p>\u2022 ANTI-IMPERFEKTIONEN, wirkt gegen Pickel, Mitesser, rote und braune Flecken und gl\u00e4ttet die Hautstruktur. \u2022 ANTI-REKURRENZ*. \u2022 Bringt das Mikrobiom wieder ins Gleichgewicht. Vegane Info: ohne Inhaltsstoffe tierischen Ursprungs.<\/p>\n<p>*Eine 1- bis 2-malige Anwendung am Tag tr\u00e4gt dazu bei, das Wiederauftreten von Unreinheiten zu verhindern. Wirksamkeit \u00fcber 12 Wochen nachgewiesen.<\/p>\n<p>Eigenschaften<\/p>\n<p>F\u00fcr fettige und unreine Haut von Erwachsenen mit Neigung zu Akne. Eine leichte, fl\u00fcssige Creme, die in Kombination mit f\u00fchrenden topischen und oralen Aknebehandlungen getestet wurde. Die Formel besteht zu 99 % aus Inhaltsstoffen nat\u00fcrlichen Ursprungs, darunter Rhealba\u00ae-Hafer aus biologischem Anbau. Leicht parf\u00fcmiert mit dem Duft aromatischer Pflanzen.<br \/>\nVegane Info: Enth\u00e4lt keine Inhaltsstoffe tierischen Ursprungs.<\/p>","protected":false},"excerpt":{"rendered":"<p>Allgemeine Beschreibung BIOLOGIE AC PERFECT, 2-in-1-Behandlung, wirkt sowohl auf Unvollkommenheiten als auch auf die ersten Zeichen der Hautalterung. Diese zertifizierte biologische und dermatologische Behandlung f\u00f6rdert die Beseitigung von Pickeln, Mitessern und hartn\u00e4ckigen roten und braunen Flecken. Es korrigiert auch die ersten Zeichen der Hautalterung f\u00fcr eine glattere Haut, indem es feine Linien und F\u00e4ltchen gl\u00e4ttet [&hellip;]<\/p>\n","protected":false},"featured_media":38437,"template":"","meta":{"_acf_changed":false,"footnotes":""},"product_brand":[],"product_cat":[47,42,762],"product_tag":[],"class_list":{"0":"post-38421","1":"product","2":"type-product","3":"status-publish","4":"has-post-thumbnail","6":"product_cat-dermocosmetique","7":"product_cat-para-pharmacie","8":"product_cat-peaux-a-problemes","10":"first","11":"outofstock","12":"taxable","13":"shipping-taxable","14":"purchasable","15":"product-type-simple"},"acf":[],"_links":{"self":[{"href":"https:\/\/www.pharmacieonline.lu\/de\/wp-json\/wp\/v2\/product\/38421","targetHints":{"allow":["GET"]}}],"collection":[{"href":"https:\/\/www.pharmacieonline.lu\/de\/wp-json\/wp\/v2\/product"}],"about":[{"href":"https:\/\/www.pharmacieonline.lu\/de\/wp-json\/wp\/v2\/types\/product"}],"version-history":[{"count":0,"href":"https:\/\/www.pharmacieonline.lu\/de\/wp-json\/wp\/v2\/product\/38421\/revisions"}],"wp:featuredmedia":[{"embeddable":true,"href":"https:\/\/www.pharmacieonline.lu\/de\/wp-json\/wp\/v2\/media\/38437"}],"wp:attachment":[{"href":"https:\/\/www.pharmacieonline.lu\/de\/wp-json\/wp\/v2\/media?parent=38421"}],"wp:term":[{"taxonomy":"product_brand","embeddable":true,"href":"https:\/\/www.pharmacieonline.lu\/de\/wp-json\/wp\/v2\/product_brand?post=38421"},{"taxonomy":"product_cat","embeddable":true,"href":"https:\/\/www.pharmacieonline.lu\/de\/wp-json\/wp\/v2\/product_cat?post=38421"},{"taxonomy":"product_tag","embeddable":true,"href":"https:\/\/www.pharmacieonline.lu\/de\/wp-json\/wp\/v2\/product_tag?post=38421"}],"curies":[{"name":"wp","href":"https:\/\/api.w.org\/{rel}","templated":true}]}}