{"id":38428,"date":"2023-09-07T11:29:54","date_gmt":"2023-09-07T09:29:54","guid":{"rendered":"https:\/\/www.pharmacieonline.lu\/?post_type=product&#038;p=38428"},"modified":"2026-04-11T17:55:18","modified_gmt":"2026-04-11T15:55:18","slug":"lierac-cica-filler-cr-a-ride-repar-40ml","status":"publish","type":"product","link":"https:\/\/www.pharmacieonline.lu\/de\/produit\/lierac-cica-filler-cr-a-ride-repar-40ml\/","title":{"rendered":"LIERAC CICA FILLER CR A\/RIDE REPAR 40ML"},"content":{"rendered":"<p>BESCHREIBUNG<\/p>\n<p>CICA-FILLER Repair Cream Discovery Format 30 ml: die angenehme Anti-Falten-Creme, die normale bis trockene Haut auff\u00fcllt, aufpolstert, gl\u00e4ttet und mit Feuchtigkeit versorgt. Diese t\u00e4gliche Behandlung ist von den Mechanismen der Gewebeheilung inspiriert und enth\u00e4lt einen Wirkstoff der neuen Generation mit einer Retinol-\u00e4hnlichen Funktion: Prokollagen\u00a0Bakuchiol.<\/p>\n<p>Ein Wirkstoff nat\u00fcrlichen Ursprungs, der die Kollagen-I-Synthese wirksamer stimuliert als Retinol, jedoch ohne dessen unerw\u00fcnschte Wirkungen. Der Alchemilla-, Efeu- und Schachtelhalm-Komplex hilft bei der Reparatur der Epidermis und stellt die Spannung der Dermis wieder her, w\u00e4hrend unser charakteristisches Konzentrat Hyalu-3 polstert das Gewebe auf.<br \/>\nProlipide nat\u00fcrlichen Ursprungs pflegen die Haut intensiv.<\/p>\n<p>Seine weiche und cremige Textur verschmilzt mit der Haut. Soft-Focus-Puder kaschieren sofort F\u00e4ltchen und sorgen f\u00fcr einen sch\u00f6nen nat\u00fcrlichen Glanz.<\/p>\n<p>Sein Duft mit Noten von Jasmin, gr\u00fcnem Apfel, Rosenholz und ozonischem Akkord verstr\u00f6mt ein Gef\u00fchl der Frische.<\/p>","protected":false},"excerpt":{"rendered":"<p>BESCHREIBUNG CICA-FILLER Repair Cream Discovery Format 30 ml: die angenehme Anti-Falten-Creme, die normale bis trockene Haut auff\u00fcllt, aufpolstert, gl\u00e4ttet und mit Feuchtigkeit versorgt. Diese t\u00e4gliche Behandlung ist von den Mechanismen der Gewebeheilung inspiriert und enth\u00e4lt einen Wirkstoff der neuen Generation mit einer Retinol-\u00e4hnlichen Funktion: Prokollagen\u00a0Bakuchiol. Ein Wirkstoff nat\u00fcrlichen Ursprungs, der die Kollagen-I-Synthese wirksamer stimuliert als [&hellip;]<\/p>\n","protected":false},"featured_media":38429,"template":"","meta":{"_acf_changed":false,"footnotes":""},"product_brand":[],"product_cat":[54],"product_tag":[],"class_list":{"0":"post-38428","1":"product","2":"type-product","3":"status-publish","4":"has-post-thumbnail","6":"product_cat-soins-du-visage","8":"first","9":"instock","10":"taxable","11":"shipping-taxable","12":"purchasable","13":"product-type-simple"},"acf":[],"_links":{"self":[{"href":"https:\/\/www.pharmacieonline.lu\/de\/wp-json\/wp\/v2\/product\/38428","targetHints":{"allow":["GET"]}}],"collection":[{"href":"https:\/\/www.pharmacieonline.lu\/de\/wp-json\/wp\/v2\/product"}],"about":[{"href":"https:\/\/www.pharmacieonline.lu\/de\/wp-json\/wp\/v2\/types\/product"}],"version-history":[{"count":0,"href":"https:\/\/www.pharmacieonline.lu\/de\/wp-json\/wp\/v2\/product\/38428\/revisions"}],"wp:featuredmedia":[{"embeddable":true,"href":"https:\/\/www.pharmacieonline.lu\/de\/wp-json\/wp\/v2\/media\/38429"}],"wp:attachment":[{"href":"https:\/\/www.pharmacieonline.lu\/de\/wp-json\/wp\/v2\/media?parent=38428"}],"wp:term":[{"taxonomy":"product_brand","embeddable":true,"href":"https:\/\/www.pharmacieonline.lu\/de\/wp-json\/wp\/v2\/product_brand?post=38428"},{"taxonomy":"product_cat","embeddable":true,"href":"https:\/\/www.pharmacieonline.lu\/de\/wp-json\/wp\/v2\/product_cat?post=38428"},{"taxonomy":"product_tag","embeddable":true,"href":"https:\/\/www.pharmacieonline.lu\/de\/wp-json\/wp\/v2\/product_tag?post=38428"}],"curies":[{"name":"wp","href":"https:\/\/api.w.org\/{rel}","templated":true}]}}