{"id":38442,"date":"2023-09-07T15:13:05","date_gmt":"2023-09-07T13:13:05","guid":{"rendered":"https:\/\/www.pharmacieonline.lu\/?post_type=product&#038;p=38442"},"modified":"2026-04-09T05:55:20","modified_gmt":"2026-04-09T03:55:20","slug":"aderma-biology-cr-riche-dermat-40ml","status":"publish","type":"product","link":"https:\/\/www.pharmacieonline.lu\/de\/produit\/aderma-biology-cr-riche-dermat-40ml\/","title":{"rendered":"ADERMA BIOLOGY CR RICHE DERMAT 40ML"},"content":{"rendered":"<p>Allgemeine Beschreibung<\/p>\n<p>Das pflanzliche dermatologische Labor A-DERMA pflegt trockene, empfindliche Haut mit einer reichhaltigen Feuchtigkeitscreme, die dermatologische Standards und Wirksamkeit mit der BIO-Zertifizierung kombiniert. Die BIOLOGIE-REICHE DERMATOLOGISCHE CREME besteht zu 99 % aus Inhaltsstoffen nat\u00fcrlichen Ursprungs und spendet 24 Stunden lang Feuchtigkeit\u00b9, gleicht die Hautbarriere aus und st\u00e4rkt sie, weil sie durch \u00e4u\u00dfere Einfl\u00fcsse (Umweltverschmutzung, Tabak, Kalk, Klimaanlage, Stress usw.) geschw\u00e4cht ist. Seine einzigartige dermatologische Wirksamkeit beruht auf den beiden Hauptwirkstoffen der A-DERMA BIOLOGY-Reihe: Rhealba\u00ae ORGANIC Oat Sap* mit ausgleichenden und feuchtigkeitsspendenden Eigenschaften und Golden Florin Extract mit Anti-Umweltverschmutzung. Eine gute Make-up-Basis, cremige und frische Textur, nicht komedogen, kann allein oder gemischt mit anderen dermatologischen Produkten von BIOLOGY f\u00fcr eine ma\u00dfgeschneiderte Pflege verwendet werden, die an jede empfindliche Haut angepasst ist. Die an allergischer Haut getestete und auf Gesicht und Augenpartie anwendbare RICH CREAM enth\u00e4lt nur essentielle Inhaltsstoffe, um eine optimale Vertr\u00e4glichkeit zu gew\u00e4hrleisten (ohne Parf\u00fcm oder \u00e4therisches \u00d6l). Perfekt mit Feuchtigkeit versorgt und gest\u00e4rkt, erh\u00e4lt die Haut ihr Gleichgewicht, ihr Wohlbefinden und ihre Ausstrahlung zur\u00fcck. Rhealba\u00ae Hafer aus biologischem Anbau. Vegane Info: ohne Inhaltsstoffe tierischen Ursprungs\u00b9 IH Kinetics, 20 Probanden, einmalige Anwendung* IH Kinetics, 20 Probanden, einmalige Anwendung<\/p>\n<p>Indikation<\/p>\n<p>Lichtschutz \u2013 beruhigend \u2013 feuchtigkeitsspendend<\/p>\n<p>Verwenden<\/p>\n<p>Morgens und\/oder abends auf die gereinigte Haut auftragen. Gesicht und Hals.<\/p>\n<p>Komposition<\/p>\n<p>WASSER (AQUA). CAPRYL-\/CAPRIC-TRIGLYCERID. GLYCERIN. CETEARYLALKOHOL. PENTYLEN GLYKOL. BEHENYLALKOHOL. ARGANIA SPINOSA-KERN\u00d6L*. CETEARYL-GLUCOSID. FRUCHTWASSER VON CITRUS AURANTIUM DULCIS (ORANGE) (FRUCHTWASSER VON CITRUS AURANTIUM DULCIS)*. GLYCERYLSTEARAT. ALOE BARBADENSIS BLATTSAFTPULVER*. AVENA SATIVA (HAFER) BL\u00dcTEN-\/BLATT-\/STIELSAFT (AVENA SATIVA BL\u00dcTEN-\/BLATT-\/STIELSAFT)*. ZITRONENS\u00c4URE. GLYCERYL CAPRYLAT. HELIANTHUS ANNUUS (SONNENBLUMEN)-SAMEN\u00d6L (HELIANTHUS ANNUUS SEED OIL). NATRIUMBENZOAT. TARAXACUM OFFICINALE (L\u00d6WENZAHN) RHIZOME\/WURZEL-EXTRAKT (TARAXACUM OFFICINALE RHIZOME\/WURZEL-EXTRAKT). TOCOPHEROL. XANTHANGUMMI<\/p>\n<p>Eigenschaften<\/p>\n<p>\u2022 HYDRAT: Die reichhaltige Feuchtigkeitscreme ist reich an Rhealba\u00ae BIO-Hafersaft*, einem patentierten** Wirkstoff mit feuchtigkeitsspendender Wirkung (steigert die nat\u00fcrliche Produktion von Hyalurons\u00e4ure um +83 %**) und spendet 24 Stunden lang Feuchtigkeit. \u2022 REBALANCE: Rhealba\u00ae BIO-Hafersaft* bringt die Haut ins Gleichgewicht, indem sie die essentiellen Mineralien (Kalzium und Magnesium) erh\u00e4lt. Die Schutzfunktion der Hautbarriere wird gest\u00e4rkt und sie tr\u00e4gt zum Gleichgewicht des Mikrobioms bei. \u2022 VERST\u00c4RKT: Die Hautbarriere wird mit Feuchtigkeit versorgt und wieder ins Gleichgewicht gebracht, sie ist funktionsf\u00e4hig und erh\u00e4lt ihre Schutzfunktion vollst\u00e4ndig zur\u00fcck.<\/p>\n<p>IH-Kinetik, 20 Probanden, Einzelanwendung ** 2 Patente angemeldet (Extraktion und Aktivit\u00e4t des Wirkstoffs) ***In-vitro-Test<\/p>","protected":false},"excerpt":{"rendered":"<p>Allgemeine Beschreibung Das pflanzliche dermatologische Labor A-DERMA pflegt trockene, empfindliche Haut mit einer reichhaltigen Feuchtigkeitscreme, die dermatologische Standards und Wirksamkeit mit der BIO-Zertifizierung kombiniert. Die BIOLOGIE-REICHE DERMATOLOGISCHE CREME besteht zu 99 % aus Inhaltsstoffen nat\u00fcrlichen Ursprungs und spendet 24 Stunden lang Feuchtigkeit\u00b9, gleicht die Hautbarriere aus und st\u00e4rkt sie, weil sie durch \u00e4u\u00dfere Einfl\u00fcsse (Umweltverschmutzung, [&hellip;]<\/p>\n","protected":false},"featured_media":38443,"template":"","meta":{"_acf_changed":false,"footnotes":""},"product_brand":[],"product_cat":[47,42,762],"product_tag":[],"class_list":{"0":"post-38442","1":"product","2":"type-product","3":"status-publish","4":"has-post-thumbnail","6":"product_cat-dermocosmetique","7":"product_cat-para-pharmacie","8":"product_cat-peaux-a-problemes","10":"first","11":"instock","12":"taxable","13":"shipping-taxable","14":"purchasable","15":"product-type-simple"},"acf":[],"_links":{"self":[{"href":"https:\/\/www.pharmacieonline.lu\/de\/wp-json\/wp\/v2\/product\/38442","targetHints":{"allow":["GET"]}}],"collection":[{"href":"https:\/\/www.pharmacieonline.lu\/de\/wp-json\/wp\/v2\/product"}],"about":[{"href":"https:\/\/www.pharmacieonline.lu\/de\/wp-json\/wp\/v2\/types\/product"}],"version-history":[{"count":0,"href":"https:\/\/www.pharmacieonline.lu\/de\/wp-json\/wp\/v2\/product\/38442\/revisions"}],"wp:featuredmedia":[{"embeddable":true,"href":"https:\/\/www.pharmacieonline.lu\/de\/wp-json\/wp\/v2\/media\/38443"}],"wp:attachment":[{"href":"https:\/\/www.pharmacieonline.lu\/de\/wp-json\/wp\/v2\/media?parent=38442"}],"wp:term":[{"taxonomy":"product_brand","embeddable":true,"href":"https:\/\/www.pharmacieonline.lu\/de\/wp-json\/wp\/v2\/product_brand?post=38442"},{"taxonomy":"product_cat","embeddable":true,"href":"https:\/\/www.pharmacieonline.lu\/de\/wp-json\/wp\/v2\/product_cat?post=38442"},{"taxonomy":"product_tag","embeddable":true,"href":"https:\/\/www.pharmacieonline.lu\/de\/wp-json\/wp\/v2\/product_tag?post=38442"}],"curies":[{"name":"wp","href":"https:\/\/api.w.org\/{rel}","templated":true}]}}