{"id":38464,"date":"2023-09-07T16:13:40","date_gmt":"2023-09-07T14:13:40","guid":{"rendered":"https:\/\/www.pharmacieonline.lu\/?post_type=product&#038;p=38464"},"modified":"2026-04-28T04:41:08","modified_gmt":"2026-04-28T02:41:08","slug":"aderma-biology-soin-dermat-a-roug-40ml","status":"publish","type":"product","link":"https:\/\/www.pharmacieonline.lu\/de\/produit\/aderma-biology-soin-dermat-a-roug-40ml\/","title":{"rendered":"ADERMA BIOLOGY SOIN DERMAT A\/ROUG 40ML"},"content":{"rendered":"<p>Allgemeine Beschreibung<\/p>\n<p>Zu Rosacea neigende Haut, die R\u00f6tungen im Gesicht aufweist, bedarf einer wirksamen Pflege. Das A-DERMA-Labor hat BIOLOGIE AR ANTI-REDNESS DERMATOLOGICAL TREATMENT entwickelt, eine dermatologische Behandlung mit optimaler Vertr\u00e4glichkeit und zertifiziertem BIO-Anbau, die an diese empfindliche Haut angepasst ist. Durch die Kombination von Mandarinenextrakt mit dem Flaggschiff-Wirkstoff der BIOLOGY-Reihe, Rhealba\u00ae ORGANIC Oat Sap*, reduziert und begrenzt es das Wiederauftreten von R\u00f6tungen, lindert sofort und dauerhaft Unwohlsein und \u00dcberhitzung und sorgt gleichzeitig f\u00fcr 24-Stunden-Feuchtigkeit und Anti-Aging-Wirkung. Schutz vor Verschmutzung. Biology Arrmatological Anti-Rougeurs Care ist zu 99 % nat\u00fcrlichen Ursprungs und enth\u00e4lt nur die wesentlichen Inhaltsstoffe, um eine optimale Vertr\u00e4glichkeit zu gew\u00e4hrleisten. Getestet an allergischer Haut, in Kombination mit medikament\u00f6sen Behandlungen und vaskul\u00e4rer Post-Laserbehandlung***, wird die parf\u00fcmfreie Formel oder das \u00e4therische \u00d6l auf die Augen- und Gesichtshaut aufgetragen. Die fl\u00fcssige Textur, die frische Wirkung und die nicht komedogene Wirkung k\u00f6nnen allein oder gemischt (1 bis 3 Tropfen) mit dermatologischen Feuchtigkeitscremes von BIOLOGY f\u00fcr eine ma\u00dfgeschneiderte Pflege verwendet werden. Rhealba\u00ae Hafer aus biologischem Anbau. Vegane Info: ohne Inhaltsstoffe tierischen Ursprungs.<\/p>\n<p>Kinetics IH, 20 Probanden, einzigartige Anwendung ** Cinetic IH, 18 Probanden, einzigartige Anwendung *** Oberfl\u00e4chlicher dermatologischer Eingriff<br \/>\nIndikation<\/p>\n<p>Anti-R\u00f6tungen \u2013 Beruhigend \u2013 Feuchtigkeitszufuhr \u2013 Schutz<\/p>\n<p>Verwenden<\/p>\n<p>Morgens und\/oder abends auf die gereinigte Haut auftragen. Gesicht und Hals. Tipp: Abh\u00e4ngig von den Bed\u00fcrfnissen Ihrer Haut kann die dermatologische Behandlung gegen R\u00f6tungen als Kur verwendet oder mit Ihrer feuchtigkeitsspendenden dermatologischen Creme von Biology gemischt (1 bis 3 Tropfen) werden, um eine ma\u00dfgeschneiderte Textur zu erhalten.<\/p>\n<p>Komposition<\/p>\n<p>WASSER (AQUA). GLYCERIN. DICAPRYLYLCARBONAT. PENTYLEN GLYKOL. C14-22-ALKOHOLE. Butylenglykol. HELIANTHUS ANNUUS (SONNENBLUMEN)-SAMEN\u00d6L (HELIANTHUS ANNUUS SEED OIL). BEHENYLALKOHOL. FRUCHTWASSER VON CITRUS AURANTIUM DULCIS (ORANGE) (FRUCHTWASSER VON CITRUS AURANTIUM DULCIS)*. Natriumstearoylglutamat. ALOE BARBADENSIS BLATTSAFTPULVER*. AVENA SATIVA (HAFER) BL\u00dcTEN-\/BLATT-\/STIELSAFT (AVENA SATIVA BL\u00dcTEN-\/BLATT-\/STIELSAFT)*. C12-20-ALKYLGLUCOSID. ZITRONENS\u00c4URE. Citrus reticulata (Mandarinen)-Schalenextrakt (Citrus reticulata-Schalenextrakt). GLYCERYL CAPRYLAT. SKLEROTIUM GUMMI. NATRIUMBENZOAT. TARAXACUM OFFICINALE (L\u00d6WENZAHN) RHIZOME\/WURZEL-EXTRAKT (TARAXACUM OFFICINALE RHIZOME\/WURZEL-EXTRAKT). TOCOPHEROL. XANTHANGUMMI<\/p>\n<p>Eigenschaften<\/p>\n<p>\u2022 HYDRIERT: Reich an Rhealba\u00ae BIO-Hafersaft*, patentiertem Wirkstoff*** mit starker feuchtigkeitsspendender Wirkung (steigert die nat\u00fcrliche Produktion von Hyalurons\u00e4ure um +83 %****), bietet 24-Stunden-Feuchtigkeit* und erh\u00e4lt die Mineralien Gleichgewicht (Kalzium und Magnesium). \u2022 Am\u00e9s\u00e9: Reich an Mandarinenextrakt, beruhigt, mildert und begrenzt das Wiederauftreten festsitzender oder diffuser R\u00f6tungen. \u2022 BERUHIGT: Lindert sofort und nachhaltig Unwohlsein und Hitzegef\u00fchle.<\/p>\n<p>IH-Kinetik, 20 Probanden, Einzelanwendung ** 2 Patente angemeldet (Extraktion und Aktivit\u00e4t des Wirkstoffs) ***In-vitro-Test<\/p>","protected":false},"excerpt":{"rendered":"<p>Allgemeine Beschreibung Zu Rosacea neigende Haut, die R\u00f6tungen im Gesicht aufweist, bedarf einer wirksamen Pflege. Das A-DERMA-Labor hat BIOLOGIE AR ANTI-REDNESS DERMATOLOGICAL TREATMENT entwickelt, eine dermatologische Behandlung mit optimaler Vertr\u00e4glichkeit und zertifiziertem BIO-Anbau, die an diese empfindliche Haut angepasst ist. Durch die Kombination von Mandarinenextrakt mit dem Flaggschiff-Wirkstoff der BIOLOGY-Reihe, Rhealba\u00ae ORGANIC Oat Sap*, reduziert [&hellip;]<\/p>\n","protected":false},"featured_media":38465,"template":"","meta":{"_acf_changed":false,"footnotes":""},"product_brand":[],"product_cat":[47,42,54],"product_tag":[],"class_list":{"0":"post-38464","1":"product","2":"type-product","3":"status-publish","4":"has-post-thumbnail","6":"product_cat-dermocosmetique","7":"product_cat-para-pharmacie","8":"product_cat-soins-du-visage","10":"first","11":"instock","12":"taxable","13":"shipping-taxable","14":"purchasable","15":"product-type-simple"},"acf":[],"_links":{"self":[{"href":"https:\/\/www.pharmacieonline.lu\/de\/wp-json\/wp\/v2\/product\/38464","targetHints":{"allow":["GET"]}}],"collection":[{"href":"https:\/\/www.pharmacieonline.lu\/de\/wp-json\/wp\/v2\/product"}],"about":[{"href":"https:\/\/www.pharmacieonline.lu\/de\/wp-json\/wp\/v2\/types\/product"}],"version-history":[{"count":0,"href":"https:\/\/www.pharmacieonline.lu\/de\/wp-json\/wp\/v2\/product\/38464\/revisions"}],"wp:featuredmedia":[{"embeddable":true,"href":"https:\/\/www.pharmacieonline.lu\/de\/wp-json\/wp\/v2\/media\/38465"}],"wp:attachment":[{"href":"https:\/\/www.pharmacieonline.lu\/de\/wp-json\/wp\/v2\/media?parent=38464"}],"wp:term":[{"taxonomy":"product_brand","embeddable":true,"href":"https:\/\/www.pharmacieonline.lu\/de\/wp-json\/wp\/v2\/product_brand?post=38464"},{"taxonomy":"product_cat","embeddable":true,"href":"https:\/\/www.pharmacieonline.lu\/de\/wp-json\/wp\/v2\/product_cat?post=38464"},{"taxonomy":"product_tag","embeddable":true,"href":"https:\/\/www.pharmacieonline.lu\/de\/wp-json\/wp\/v2\/product_tag?post=38464"}],"curies":[{"name":"wp","href":"https:\/\/api.w.org\/{rel}","templated":true}]}}