{"id":38478,"date":"2023-09-07T17:38:15","date_gmt":"2023-09-07T15:38:15","guid":{"rendered":"https:\/\/www.pharmacieonline.lu\/?post_type=product&#038;p=38478"},"modified":"2026-04-09T07:55:14","modified_gmt":"2026-04-09T05:55:14","slug":"lierac-diopticerne-fluide-ecl-ride-15ml","status":"publish","type":"product","link":"https:\/\/www.pharmacieonline.lu\/de\/produit\/lierac-diopticerne-fluide-ecl-ride-15ml\/","title":{"rendered":"LIERAC DIOPTICERNE FLUIDE ECL RIDE 15ML"},"content":{"rendered":"<p>BESCHREIBUNG<\/p>\n<p>Die feuchtigkeitsspendende Weckgeste<\/p>\n<p>Basierend auf der \u00e4sthetischen Technik der Gewebeoxygenierung kombiniert dieses Augengel biomimetischen Sauerstoff, der die Sauerstoffversorgung der Zellen stimuliert, mit rehydrierender Hyalurons\u00e4ure. Es ist mit abschwellendem Extrakt angereichert und wirkt langanhaltend gegen Schwellungen und Augenringe.<\/p>\n<p>Eine transparente, frische Gel-Aktivtextur, angereichert mit NMF f\u00fcr eine sofortige rehydrierende und gl\u00e4ttende Wirkung.<\/p>\n<p>Eine parf\u00fcmfreie Formel f\u00fcr optimierte Vertr\u00e4glichkeit.<\/p>\n<p>NMF: Nat\u00fcrlicher Feuchtigkeitsfaktor<\/p>","protected":false},"excerpt":{"rendered":"<p>BESCHREIBUNG Die feuchtigkeitsspendende Weckgeste Basierend auf der \u00e4sthetischen Technik der Gewebeoxygenierung kombiniert dieses Augengel biomimetischen Sauerstoff, der die Sauerstoffversorgung der Zellen stimuliert, mit rehydrierender Hyalurons\u00e4ure. Es ist mit abschwellendem Extrakt angereichert und wirkt langanhaltend gegen Schwellungen und Augenringe. Eine transparente, frische Gel-Aktivtextur, angereichert mit NMF f\u00fcr eine sofortige rehydrierende und gl\u00e4ttende Wirkung. Eine parf\u00fcmfreie Formel [&hellip;]<\/p>\n","protected":false},"featured_media":38481,"template":"","meta":{"_acf_changed":false,"footnotes":""},"product_brand":[],"product_cat":[54],"product_tag":[],"class_list":{"0":"post-38478","1":"product","2":"type-product","3":"status-publish","4":"has-post-thumbnail","6":"product_cat-soins-du-visage","8":"first","9":"instock","10":"taxable","11":"shipping-taxable","12":"purchasable","13":"product-type-simple"},"acf":[],"_links":{"self":[{"href":"https:\/\/www.pharmacieonline.lu\/de\/wp-json\/wp\/v2\/product\/38478","targetHints":{"allow":["GET"]}}],"collection":[{"href":"https:\/\/www.pharmacieonline.lu\/de\/wp-json\/wp\/v2\/product"}],"about":[{"href":"https:\/\/www.pharmacieonline.lu\/de\/wp-json\/wp\/v2\/types\/product"}],"version-history":[{"count":0,"href":"https:\/\/www.pharmacieonline.lu\/de\/wp-json\/wp\/v2\/product\/38478\/revisions"}],"wp:featuredmedia":[{"embeddable":true,"href":"https:\/\/www.pharmacieonline.lu\/de\/wp-json\/wp\/v2\/media\/38481"}],"wp:attachment":[{"href":"https:\/\/www.pharmacieonline.lu\/de\/wp-json\/wp\/v2\/media?parent=38478"}],"wp:term":[{"taxonomy":"product_brand","embeddable":true,"href":"https:\/\/www.pharmacieonline.lu\/de\/wp-json\/wp\/v2\/product_brand?post=38478"},{"taxonomy":"product_cat","embeddable":true,"href":"https:\/\/www.pharmacieonline.lu\/de\/wp-json\/wp\/v2\/product_cat?post=38478"},{"taxonomy":"product_tag","embeddable":true,"href":"https:\/\/www.pharmacieonline.lu\/de\/wp-json\/wp\/v2\/product_tag?post=38478"}],"curies":[{"name":"wp","href":"https:\/\/api.w.org\/{rel}","templated":true}]}}