{"id":38487,"date":"2023-09-07T17:46:20","date_gmt":"2023-09-07T15:46:20","guid":{"rendered":"https:\/\/www.pharmacieonline.lu\/?post_type=product&#038;p=38487"},"modified":"2026-04-11T21:55:13","modified_gmt":"2026-04-11T19:55:13","slug":"lierac-dioptipoche-gel-corr-poche-15ml","status":"publish","type":"product","link":"https:\/\/www.pharmacieonline.lu\/de\/produit\/lierac-dioptipoche-gel-corr-poche-15ml\/","title":{"rendered":"LIERAC DIOPTIPOCHE GEL CORR POCHE 15ML"},"content":{"rendered":"<p>BESCHREIBUNG<\/p>\n<p>INTENSIVE ANTI-BLACKNESS-BEHANDLUNG MIT ANTI-BLAULICHT-PEPTIDE<\/p>\n<p>Bek\u00e4mpft Wasser- und Fettansammlungen sowie schlaffe Haut.<\/p>\n<p>Basierend auf der \u00e4sthetischen Technik der Blepharoplastik bietet dieses Gl\u00e4ttungsgel eine dreifache Wirkung gegen die drei Arten von Beuteln: Wasser, Fett und Erschlaffung.<\/p>\n<p>Seine Formel ist mit Anti-Blaulicht-Schutzpeptiden angereichert, die vor periokularen Zellsch\u00e4den sch\u00fctzen und die Korrekturwirkung verst\u00e4rken.<\/p>\n<p>Ab 1 Stunde erscheint die Augenpartie entstaut, ab 7 Tagen ist sie gestrafft. Ein Ergebnis, das mit der Anwendung zunimmt und nach 28 Tagen zu einer sichtbaren Verringerung der Schwellungen f\u00fchrt.<\/p>\n<p>Die ultrafrische Aktiv-Gel-Textur sorgt f\u00fcr eine sofortige abschwellende Wirkung.<\/p>\n<p>&nbsp;<\/p>\n<p>Parf\u00fcmfreie Formel, unter augen\u00e4rztlicher Kontrolle getestet.<\/p>","protected":false},"excerpt":{"rendered":"<p>BESCHREIBUNG INTENSIVE ANTI-BLACKNESS-BEHANDLUNG MIT ANTI-BLAULICHT-PEPTIDE Bek\u00e4mpft Wasser- und Fettansammlungen sowie schlaffe Haut. Basierend auf der \u00e4sthetischen Technik der Blepharoplastik bietet dieses Gl\u00e4ttungsgel eine dreifache Wirkung gegen die drei Arten von Beuteln: Wasser, Fett und Erschlaffung. Seine Formel ist mit Anti-Blaulicht-Schutzpeptiden angereichert, die vor periokularen Zellsch\u00e4den sch\u00fctzen und die Korrekturwirkung verst\u00e4rken. Ab 1 Stunde erscheint die [&hellip;]<\/p>\n","protected":false},"featured_media":38488,"template":"","meta":{"_acf_changed":false,"footnotes":""},"product_brand":[],"product_cat":[54],"product_tag":[],"class_list":{"0":"post-38487","1":"product","2":"type-product","3":"status-publish","4":"has-post-thumbnail","6":"product_cat-soins-du-visage","8":"first","9":"outofstock","10":"taxable","11":"shipping-taxable","12":"purchasable","13":"product-type-simple"},"acf":[],"_links":{"self":[{"href":"https:\/\/www.pharmacieonline.lu\/de\/wp-json\/wp\/v2\/product\/38487","targetHints":{"allow":["GET"]}}],"collection":[{"href":"https:\/\/www.pharmacieonline.lu\/de\/wp-json\/wp\/v2\/product"}],"about":[{"href":"https:\/\/www.pharmacieonline.lu\/de\/wp-json\/wp\/v2\/types\/product"}],"version-history":[{"count":0,"href":"https:\/\/www.pharmacieonline.lu\/de\/wp-json\/wp\/v2\/product\/38487\/revisions"}],"wp:featuredmedia":[{"embeddable":true,"href":"https:\/\/www.pharmacieonline.lu\/de\/wp-json\/wp\/v2\/media\/38488"}],"wp:attachment":[{"href":"https:\/\/www.pharmacieonline.lu\/de\/wp-json\/wp\/v2\/media?parent=38487"}],"wp:term":[{"taxonomy":"product_brand","embeddable":true,"href":"https:\/\/www.pharmacieonline.lu\/de\/wp-json\/wp\/v2\/product_brand?post=38487"},{"taxonomy":"product_cat","embeddable":true,"href":"https:\/\/www.pharmacieonline.lu\/de\/wp-json\/wp\/v2\/product_cat?post=38487"},{"taxonomy":"product_tag","embeddable":true,"href":"https:\/\/www.pharmacieonline.lu\/de\/wp-json\/wp\/v2\/product_tag?post=38487"}],"curies":[{"name":"wp","href":"https:\/\/api.w.org\/{rel}","templated":true}]}}