{"id":38494,"date":"2023-09-07T17:55:16","date_gmt":"2023-09-07T15:55:16","guid":{"rendered":"https:\/\/www.pharmacieonline.lu\/?post_type=product&#038;p=38494"},"modified":"2026-04-09T07:55:13","modified_gmt":"2026-04-09T05:55:13","slug":"lierac-homme-baume-apres-rasage-75-ml","status":"publish","type":"product","link":"https:\/\/www.pharmacieonline.lu\/de\/produit\/lierac-homme-baume-apres-rasage-75-ml\/","title":{"rendered":"LIERAC HOMME BAUME APRES-RASAGE 75 ML"},"content":{"rendered":"<p>BESCHREIBUNG<\/p>\n<p>Aftershave-Balsam \u2013 der Dressing-Effekt.<\/p>\n<p>Erh\u00e4ltlich in einer Box mit kostenlosem Rasierschaum!<\/p>\n<p>3 in 1: Gegen Rasurbrand \u2013 beruhigt \u2013 spendet Feuchtigkeit<br \/>\nEine Formel, die speziell entwickelt wurde, um die Auswirkungen der Rasur zu vermeiden.<br \/>\nDieser Balsam reduziert Unwohlsein, Spannungsgef\u00fchle und Hitzegef\u00fchle nach der Rasur. Es sch\u00fctzt und hydratisiert die Haut den ganzen Tag. Die Haut ist widerstandsf\u00e4higer.<br \/>\n96 % Inhaltsstoffe nat\u00fcrlichen Ursprungs \u2013 Dermatologisch getestet<\/p>\n<p>Ohne Parf\u00fcm<\/p>","protected":false},"excerpt":{"rendered":"<p>BESCHREIBUNG Aftershave-Balsam \u2013 der Dressing-Effekt. Erh\u00e4ltlich in einer Box mit kostenlosem Rasierschaum! 3 in 1: Gegen Rasurbrand \u2013 beruhigt \u2013 spendet Feuchtigkeit Eine Formel, die speziell entwickelt wurde, um die Auswirkungen der Rasur zu vermeiden. Dieser Balsam reduziert Unwohlsein, Spannungsgef\u00fchle und Hitzegef\u00fchle nach der Rasur. Es sch\u00fctzt und hydratisiert die Haut den ganzen Tag. Die [&hellip;]<\/p>\n","protected":false},"featured_media":38495,"template":"","meta":{"_acf_changed":false,"footnotes":""},"product_brand":[],"product_cat":[55],"product_tag":[],"class_list":{"0":"post-38494","1":"product","2":"type-product","3":"status-publish","4":"has-post-thumbnail","6":"product_cat-soins-pour-lhomme","8":"first","9":"instock","10":"taxable","11":"shipping-taxable","12":"purchasable","13":"product-type-simple"},"acf":[],"_links":{"self":[{"href":"https:\/\/www.pharmacieonline.lu\/de\/wp-json\/wp\/v2\/product\/38494","targetHints":{"allow":["GET"]}}],"collection":[{"href":"https:\/\/www.pharmacieonline.lu\/de\/wp-json\/wp\/v2\/product"}],"about":[{"href":"https:\/\/www.pharmacieonline.lu\/de\/wp-json\/wp\/v2\/types\/product"}],"version-history":[{"count":0,"href":"https:\/\/www.pharmacieonline.lu\/de\/wp-json\/wp\/v2\/product\/38494\/revisions"}],"wp:featuredmedia":[{"embeddable":true,"href":"https:\/\/www.pharmacieonline.lu\/de\/wp-json\/wp\/v2\/media\/38495"}],"wp:attachment":[{"href":"https:\/\/www.pharmacieonline.lu\/de\/wp-json\/wp\/v2\/media?parent=38494"}],"wp:term":[{"taxonomy":"product_brand","embeddable":true,"href":"https:\/\/www.pharmacieonline.lu\/de\/wp-json\/wp\/v2\/product_brand?post=38494"},{"taxonomy":"product_cat","embeddable":true,"href":"https:\/\/www.pharmacieonline.lu\/de\/wp-json\/wp\/v2\/product_cat?post=38494"},{"taxonomy":"product_tag","embeddable":true,"href":"https:\/\/www.pharmacieonline.lu\/de\/wp-json\/wp\/v2\/product_tag?post=38494"}],"curies":[{"name":"wp","href":"https:\/\/api.w.org\/{rel}","templated":true}]}}