{"id":38528,"date":"2023-09-08T09:29:14","date_gmt":"2023-09-08T07:29:14","guid":{"rendered":"https:\/\/www.pharmacieonline.lu\/?post_type=product&#038;p=38528"},"modified":"2026-04-07T17:55:24","modified_gmt":"2026-04-07T15:55:24","slug":"aderma-dermalibour-creme-repar-50ml","status":"publish","type":"product","link":"https:\/\/www.pharmacieonline.lu\/de\/produit\/aderma-dermalibour-creme-repar-50ml\/","title":{"rendered":"ADERMA DERMALIBOUR+ CREME REPAR 50ML"},"content":{"rendered":"<p>Allgemeine Beschreibung<\/p>\n<p>DERMALIBOUR+ CICA-Cleansing Repair Cream beruhigt, repariert* und reinigt sofort gereizte Haut der ganzen Familie von Geburt an. K\u00f6rper- und Gesichtsbereiche, die ger\u00f6tet sind, jucken, jucken oder spannen, profitieren von seiner wirksamen Formel aus 24 Stunden\u00b9 und 100 % nat\u00fcrlichem Ursprung. Es enth\u00e4lt nur 14 wesentliche Inhaltsstoffe, darunter den beruhigenden, reparierenden und reizlindernden Extrakt aus Rhealba\u00ae-Haferpflanzen und den Kupfer-Zink-Komplex, der das Risiko der Bakterienvermehrung begrenzt. Dank der DERMALIBOUR+ CICA-Cleansing Repair Cream ist gereizte Haut angesichts der t\u00e4glichen Aggressionen nicht mehr allein. Rhealba\u00ae Hafer aus biologischem Anbau. Vegane Info: keine Inhaltsstoffe tierischen Ursprungs.<\/p>\n<p>F\u00f6rdert die Reparatur der Epidermis. \u00b9 Klinische Studie mit 76 Probanden (S\u00e4uglinge, Kinder, Erwachsene) \u2013 3 Anwendungen pro Tag \u00fcber 21 Tage.<\/p>\n<p>Indikation<br \/>\nF\u00f6rdert die Erholung gereizter Haut.<\/p>\n<p>Verwenden<br \/>\nZwei- bis dreimal t\u00e4glich mit DERMALIBOUR+ CICA-Foaming Gel auf die gereizte Stelle auftragen, die zuvor gereinigt wurde.<\/p>\n<p>Komposition<br \/>\nWASSER (AQUA). CAPRYL-\/CAPRIC-TRIGLYCERID. GLYCERIN. HYDRIERTES PFLANZEN\u00d6L. POLYGLYCERYL-2-DIPOLYHYDROXYSTEARAT. ZINKOXID. MAGNESIUMSULFAT. POLYGLYCERYL-3-DIISOSTEARAT. AVENA SATIVA (HAFER) BLATT-\/STIEL-EXTRAKT (AVENA SATIVA BLATT-\/STIEL-EXTRAKT). KUPFERSULFAT. ZINKSULFAT. HELIANTHUS ANNUUS (SONNENBLUMEN)-SAMEN\u00d6L (HELIANTHUS ANNUUS SEED OIL). SIMMONDSIA CHINENSIS (JOJOBA)-SAMEN\u00d6L (SIMMONDSIA CHINENSIS-SAMEN\u00d6L). TOCOPHEROL<\/p>\n<p>Eigenschaften<br \/>\n\u2022 Beruhigt sofort gereizte Haut, die ger\u00f6tet ist, juckt, juckt oder spannt. \u2022 REPARIERT* die Haut ab 24 Stunden\u00b9 im Gesicht, am K\u00f6rper, an den Augenlidern und im \u00e4u\u00dferen Intimbereich der ganzen Familie. \u2022 DESINFIZIERT gereizte, gesch\u00e4digte und strapazierte Haut.<\/p>\n<p>F\u00f6rdert die Reparatur der Epidermis. \u00b9 Klinische Studie mit 76 Probanden (S\u00e4uglinge, Kinder, Erwachsene) \u2013 3 Anwendungen pro Tag \u00fcber 21 Tage.<\/p>","protected":false},"excerpt":{"rendered":"<p>Allgemeine Beschreibung DERMALIBOUR+ CICA-Cleansing Repair Cream beruhigt, repariert* und reinigt sofort gereizte Haut der ganzen Familie von Geburt an. K\u00f6rper- und Gesichtsbereiche, die ger\u00f6tet sind, jucken, jucken oder spannen, profitieren von seiner wirksamen Formel aus 24 Stunden\u00b9 und 100 % nat\u00fcrlichem Ursprung. Es enth\u00e4lt nur 14 wesentliche Inhaltsstoffe, darunter den beruhigenden, reparierenden und reizlindernden Extrakt [&hellip;]<\/p>\n","protected":false},"featured_media":38529,"template":"","meta":{"_acf_changed":false,"footnotes":""},"product_brand":[],"product_cat":[47,42,54,56],"product_tag":[],"class_list":{"0":"post-38528","1":"product","2":"type-product","3":"status-publish","4":"has-post-thumbnail","6":"product_cat-dermocosmetique","7":"product_cat-para-pharmacie","8":"product_cat-soins-du-visage","9":"product_cat-soins-du-corps","11":"first","12":"instock","13":"taxable","14":"shipping-taxable","15":"purchasable","16":"product-type-simple"},"acf":[],"_links":{"self":[{"href":"https:\/\/www.pharmacieonline.lu\/de\/wp-json\/wp\/v2\/product\/38528","targetHints":{"allow":["GET"]}}],"collection":[{"href":"https:\/\/www.pharmacieonline.lu\/de\/wp-json\/wp\/v2\/product"}],"about":[{"href":"https:\/\/www.pharmacieonline.lu\/de\/wp-json\/wp\/v2\/types\/product"}],"version-history":[{"count":0,"href":"https:\/\/www.pharmacieonline.lu\/de\/wp-json\/wp\/v2\/product\/38528\/revisions"}],"wp:featuredmedia":[{"embeddable":true,"href":"https:\/\/www.pharmacieonline.lu\/de\/wp-json\/wp\/v2\/media\/38529"}],"wp:attachment":[{"href":"https:\/\/www.pharmacieonline.lu\/de\/wp-json\/wp\/v2\/media?parent=38528"}],"wp:term":[{"taxonomy":"product_brand","embeddable":true,"href":"https:\/\/www.pharmacieonline.lu\/de\/wp-json\/wp\/v2\/product_brand?post=38528"},{"taxonomy":"product_cat","embeddable":true,"href":"https:\/\/www.pharmacieonline.lu\/de\/wp-json\/wp\/v2\/product_cat?post=38528"},{"taxonomy":"product_tag","embeddable":true,"href":"https:\/\/www.pharmacieonline.lu\/de\/wp-json\/wp\/v2\/product_tag?post=38528"}],"curies":[{"name":"wp","href":"https:\/\/api.w.org\/{rel}","templated":true}]}}