{"id":38532,"date":"2023-09-08T09:31:55","date_gmt":"2023-09-08T07:31:55","guid":{"rendered":"https:\/\/www.pharmacieonline.lu\/?post_type=product&#038;p=38532"},"modified":"2026-04-15T17:55:26","modified_gmt":"2026-04-15T15:55:26","slug":"aderma-dermalibour-gel-mouss-100ml","status":"publish","type":"product","link":"https:\/\/www.pharmacieonline.lu\/de\/produit\/aderma-dermalibour-gel-mouss-100ml\/","title":{"rendered":"ADERMA DERMALIBOUR+ GEL MOUSS 100ML"},"content":{"rendered":"<p>Allgemeine Beschreibung<\/p>\n<p>Das pflanzliche dermatologische Labor A-DERMA erf\u00fcllt die Bed\u00fcrfnisse gereizter und geschw\u00e4chter Haut, die sich r\u00f6tet, juckt und juckt und auf der Suche nach einem Hygieneprodukt ist, das sowohl sanft als auch reinigend ist. Das DERMALIBOUR + CICA-Desinfektionsschaumgel eignet sich f\u00fcr gereizte Haut der ganzen Familie und reinigt sanft, beruhigt und reinigt die Haut sofort. Es enth\u00e4lt einen Kupfer-Zink-Komplex, Rhealba\u00ae Haferpflanzenextrakt und ultramilde Tenside. Seine Formel mit 90 % Inhaltsstoffen nat\u00fcrlichen Ursprungs bei physiologischem pH-Wert bildet einen zarten und cremigen Schaum, der nicht in den Augen brennt. Es kann auf dem K\u00f6rper, der Kopfhaut und sogar im Gesicht und im \u00e4u\u00dferen Intimbereich angewendet werden. BIOLOGISCH ABBAUBARE* Formel, parf\u00fcm- und seifenfrei, das DERMALIBOUR+ CICA-desinfizierende Schaumgel lindert Reizungen, \u00fcberall und f\u00fcr jeden (S\u00e4uglinge, Kinder, Erwachsene).<\/p>\n<p>Rhealba\u00ae Hafer aus biologischem Anbau. Vegane Info: keine Inhaltsstoffe tierischen Ursprungs.<\/p>\n<p>Gem\u00e4\u00df OECD 301B-Standard<\/p>\n<p>Indikation<br \/>\nReinigen Sie gereizte und geschw\u00e4chte Haut.<\/p>\n<p>Verwenden<br \/>\n1 bis 2 Mal t\u00e4glich auf die zuvor feuchte Haut auftragen. Gr\u00fcndlich aussp\u00fclen.<\/p>\n<p>Komposition<br \/>\nWASSER (AQUA). GLYCERIN. CETEARETH-60 MYRISTYLGLYKOL. DECYLGLUCOSID. ZINKCOCETHSULFAT. DISODIUM LAURETH SULFOSUCCINAT. AVENA SATIVA (HAFER) BLATT-\/STIEL-EXTRAKT (AVENA SATIVA BLATT-\/STIEL-EXTRAKT). KUPFERSULFAT. ZINKSULFAT. ZITRONENS\u00c4URE. KOKO-GLUCOSID. GLYCERYLOLEAT. HYDROGENIERTE PFLANZLICHE GLYCERIDE CITRAT. LAURETH-3. Maleins\u00e4ure. NATRIUMBENZOAT. NATRIUMHYDROXID. TOCOPHEROL. TRISODIUMETHYLENDIAMIN-DISUCZINAT<\/p>\n<p>Eigenschaften<br \/>\n\u2022 REINIGT SANFT, ohne empfindliche, gereizte Haut anzugreifen oder auszutrocknen. \u2022 Beruhigt sofort gereizte Haut, die sich r\u00f6tet, juckt, brennt oder sich spannt. \u2022 DESINFIZIERT gereizte Haut.<\/p>","protected":false},"excerpt":{"rendered":"<p>Allgemeine Beschreibung Das pflanzliche dermatologische Labor A-DERMA erf\u00fcllt die Bed\u00fcrfnisse gereizter und geschw\u00e4chter Haut, die sich r\u00f6tet, juckt und juckt und auf der Suche nach einem Hygieneprodukt ist, das sowohl sanft als auch reinigend ist. Das DERMALIBOUR + CICA-Desinfektionsschaumgel eignet sich f\u00fcr gereizte Haut der ganzen Familie und reinigt sanft, beruhigt und reinigt die Haut [&hellip;]<\/p>\n","protected":false},"featured_media":38533,"template":"","meta":{"_acf_changed":false,"footnotes":""},"product_brand":[],"product_cat":[47,42,54,762,56],"product_tag":[],"class_list":{"0":"post-38532","1":"product","2":"type-product","3":"status-publish","4":"has-post-thumbnail","6":"product_cat-dermocosmetique","7":"product_cat-para-pharmacie","8":"product_cat-soins-du-visage","9":"product_cat-peaux-a-problemes","10":"product_cat-soins-du-corps","12":"first","13":"instock","14":"taxable","15":"shipping-taxable","16":"purchasable","17":"product-type-simple"},"acf":[],"_links":{"self":[{"href":"https:\/\/www.pharmacieonline.lu\/de\/wp-json\/wp\/v2\/product\/38532","targetHints":{"allow":["GET"]}}],"collection":[{"href":"https:\/\/www.pharmacieonline.lu\/de\/wp-json\/wp\/v2\/product"}],"about":[{"href":"https:\/\/www.pharmacieonline.lu\/de\/wp-json\/wp\/v2\/types\/product"}],"version-history":[{"count":0,"href":"https:\/\/www.pharmacieonline.lu\/de\/wp-json\/wp\/v2\/product\/38532\/revisions"}],"wp:featuredmedia":[{"embeddable":true,"href":"https:\/\/www.pharmacieonline.lu\/de\/wp-json\/wp\/v2\/media\/38533"}],"wp:attachment":[{"href":"https:\/\/www.pharmacieonline.lu\/de\/wp-json\/wp\/v2\/media?parent=38532"}],"wp:term":[{"taxonomy":"product_brand","embeddable":true,"href":"https:\/\/www.pharmacieonline.lu\/de\/wp-json\/wp\/v2\/product_brand?post=38532"},{"taxonomy":"product_cat","embeddable":true,"href":"https:\/\/www.pharmacieonline.lu\/de\/wp-json\/wp\/v2\/product_cat?post=38532"},{"taxonomy":"product_tag","embeddable":true,"href":"https:\/\/www.pharmacieonline.lu\/de\/wp-json\/wp\/v2\/product_tag?post=38532"}],"curies":[{"name":"wp","href":"https:\/\/api.w.org\/{rel}","templated":true}]}}