{"id":38555,"date":"2023-09-08T09:56:54","date_gmt":"2023-09-08T07:56:54","guid":{"rendered":"https:\/\/www.pharmacieonline.lu\/?post_type=product&#038;p=38555"},"modified":"2026-04-07T15:55:21","modified_gmt":"2026-04-07T13:55:21","slug":"aderma-epitheliale-ah-gel-huile-40ml-new","status":"publish","type":"product","link":"https:\/\/www.pharmacieonline.lu\/de\/produit\/aderma-epitheliale-ah-gel-huile-40ml-new\/","title":{"rendered":"ADERMA EPITHELIALE AH GEL HUILE 40ML"},"content":{"rendered":"<p>Allgemeine Beschreibung<\/p>\n<p>Dieses Massagegel-\u00d6l wird zweimal t\u00e4glich aufgetragen und hilft, das Auftreten von Narben* und Dehnungsstreifen zu reduzieren. Eine patentierte Gel-\u00d6l-Textur**, die nicht flie\u00dft und w\u00e4hrend der Massage fl\u00fcssig wird. Eine empfohlene Geste, um die Mikrozirkulation zu stimulieren und zu f\u00f6rdern, die Fl\u00fcssigkeitszufuhr zu optimieren und Spannungsgef\u00fchle und Juckreiz zu reduzieren. Die silikonfreie und \u00e4therische \u00d6l-freie Massagegel-\u00d6l-Formel EPITHELIALE A.H besteht aus nur neun Inhaltsstoffen und ist zu 98 % nat\u00fcrlichen Ursprungs. Es wirkt gegen Flecken und verbessert das Erscheinungsbild von Hautflecken bei 100 % der Probanden\u00b9. Empfohlen f\u00fcr schwangere Frauen, aber auch ideal f\u00fcr die ganze Familie. Rhealba\u00ae Hafer aus biologischem Anbau. Vegane Info: keine Inhaltsstoffe tierischen Ursprungs.<\/p>\n<p>\u00b9 % der vom Dermatologen nach 3-monatiger Anwendung beurteilten Probanden \u2013 Klinische Studie mit einem Zentrum, durchgef\u00fchrt an 26 Probanden, die in der Remodellierungsphase zwei symmetrische und vergleichbare Narben aufwiesen. Anwendung 1 bis 2 mal t\u00e4glich.<\/p>\n<p>Re-epidermisierte Narben. ** Zum Patent angemeldet.<\/p>\n<p>Indikation<br \/>\nDieses Massage-Gel-\u00d6l verbessert das Erscheinungsbild von Narben* und Dehnungsstreifen bei 100 % der Probanden\u00b9.<\/p>\n<p>Verwenden<br \/>\n1 bis 2 Mal t\u00e4glich auf die betroffene Stelle (Narben, Dehnungsstreifen) auftragen. Massieren Sie die Haut zun\u00e4chst einige Minuten lang mit kreisenden Bewegungen und f\u00fchren Sie dann eine von der Tastrollenmassage inspirierte Massage durch.<\/p>\n<p>Komposition<br \/>\nCAPRYL-\/CAPRIC-TRIGLYCERID. GLYCERIN. WASSER (AQUA). OLEA EUROPAEA (OLIVE) FRUCHT\u00d6L (OLEA EUROPAEA FRUCHT\u00d6L). LAURATE SUCROSE. TOCOPHERYLACETAT. Alanylglutamin. AVENA SATIVA (HAFER) BLATT-\/STIEL-EXTRAKT (AVENA SATIVA BLATT-\/STIEL-EXTRAKT). NATRIUMHYALURONAT<\/p>\n<p>Eigenschaften<br \/>\n\u2022 F\u00d6RDERT die Massage: Seine patentierte** sich entwickelnde Textur geht unter den Fingern von Gel zu \u00d6l \u00fcber und ist somit ideal f\u00fcr Massagen \u2013 Nat\u00fcrliches Massage\u00f6l. \u2022 VERBESSERT das Erscheinungsbild von Narben* und Dehnungsstreifen. \u2022 Lindert Spannungsgef\u00fchle sofort und nachhaltig.<\/p>\n<p>Re-epidermisierte Narben. ** Zum Patent angemeldet.<\/p>","protected":false},"excerpt":{"rendered":"<p>Allgemeine Beschreibung Dieses Massagegel-\u00d6l wird zweimal t\u00e4glich aufgetragen und hilft, das Auftreten von Narben* und Dehnungsstreifen zu reduzieren. Eine patentierte Gel-\u00d6l-Textur**, die nicht flie\u00dft und w\u00e4hrend der Massage fl\u00fcssig wird. Eine empfohlene Geste, um die Mikrozirkulation zu stimulieren und zu f\u00f6rdern, die Fl\u00fcssigkeitszufuhr zu optimieren und Spannungsgef\u00fchle und Juckreiz zu reduzieren. Die silikonfreie und \u00e4therische [&hellip;]<\/p>\n","protected":false},"featured_media":38556,"template":"","meta":{"_acf_changed":false,"footnotes":""},"product_brand":[],"product_cat":[47,42,54,56],"product_tag":[],"class_list":{"0":"post-38555","1":"product","2":"type-product","3":"status-publish","4":"has-post-thumbnail","6":"product_cat-dermocosmetique","7":"product_cat-para-pharmacie","8":"product_cat-soins-du-visage","9":"product_cat-soins-du-corps","11":"first","12":"outofstock","13":"taxable","14":"shipping-taxable","15":"purchasable","16":"product-type-simple"},"acf":[],"_links":{"self":[{"href":"https:\/\/www.pharmacieonline.lu\/de\/wp-json\/wp\/v2\/product\/38555","targetHints":{"allow":["GET"]}}],"collection":[{"href":"https:\/\/www.pharmacieonline.lu\/de\/wp-json\/wp\/v2\/product"}],"about":[{"href":"https:\/\/www.pharmacieonline.lu\/de\/wp-json\/wp\/v2\/types\/product"}],"version-history":[{"count":0,"href":"https:\/\/www.pharmacieonline.lu\/de\/wp-json\/wp\/v2\/product\/38555\/revisions"}],"wp:featuredmedia":[{"embeddable":true,"href":"https:\/\/www.pharmacieonline.lu\/de\/wp-json\/wp\/v2\/media\/38556"}],"wp:attachment":[{"href":"https:\/\/www.pharmacieonline.lu\/de\/wp-json\/wp\/v2\/media?parent=38555"}],"wp:term":[{"taxonomy":"product_brand","embeddable":true,"href":"https:\/\/www.pharmacieonline.lu\/de\/wp-json\/wp\/v2\/product_brand?post=38555"},{"taxonomy":"product_cat","embeddable":true,"href":"https:\/\/www.pharmacieonline.lu\/de\/wp-json\/wp\/v2\/product_cat?post=38555"},{"taxonomy":"product_tag","embeddable":true,"href":"https:\/\/www.pharmacieonline.lu\/de\/wp-json\/wp\/v2\/product_tag?post=38555"}],"curies":[{"name":"wp","href":"https:\/\/api.w.org\/{rel}","templated":true}]}}