{"id":38589,"date":"2023-09-08T10:20:09","date_gmt":"2023-09-08T08:20:09","guid":{"rendered":"https:\/\/www.pharmacieonline.lu\/?post_type=product&#038;p=38589"},"modified":"2026-04-07T15:55:21","modified_gmt":"2026-04-07T13:55:21","slug":"alphazium-tt-l-bouchees-30pces-vet","status":"publish","type":"product","link":"https:\/\/www.pharmacieonline.lu\/de\/produit\/alphazium-tt-l-bouchees-30pces-vet\/","title":{"rendered":"ALPHAZIUM TT L BOUCHEES 30PCES VET"},"content":{"rendered":"<p>Art und Kategorie des Lebensmittels<\/p>\n<p>Erg\u00e4nzungsfuttermittel f\u00fcr Tiere.<\/p>\n<p>Verwenden<\/p>\n<p>Bei Hunden: ALPHAZIUM TT\u00ae L ist ein Erg\u00e4nzungsfuttermittel zur Anwendung in Situationen, die das Wohlbefinden und\/oder das Verhaltensgleichgewicht des Tieres beeintr\u00e4chtigen k\u00f6nnen. Vorher und in Situationen, die zu einer St\u00f6rung des Wohlbefindens oder des Verhaltensgleichgewichts des Tieres f\u00fchren k\u00f6nnten.<\/p>\n<p>Handbuch<\/p>\n<p>Orale Verabreichung. Appetitliche H\u00e4ppchen f\u00fcr eine einfache Einnahme.<\/p>\n<p>Richtmenge f\u00fcr einen Hund:<\/p>\n<p>Von 20 bis 40 kg: 1 Bissen pro Tag<br \/>\n&gt; 40 kg: 2 Bissen pro Tag<\/p>\n<p>ALPHAZIUM TT\u00ae wird verwendet:<br \/>\n&#8211; Pro Zeitraum von einem Monat, verl\u00e4ngerbar je nach Fortschritt und gem\u00e4\u00df den Empfehlungen Ihres Tierarztes.<br \/>\n&#8211; Gelegentlich: 1 bis 3 Tage vor dem bekannten Ereignis, das m\u00f6glicherweise Beschwerden verursachen k\u00f6nnte, dann einige Tage nach diesem Ereignis.<\/p>\n<p>Die Bisse k\u00f6nnen dem Tier direkt ins Maul gegeben oder zerkr\u00fcmelt und mit dem Futter vermischt werden.<br \/>\nDieses Erg\u00e4nzungsfuttermittel muss entsprechend den auf das Tier abgestimmten Ern\u00e4hrungsempfehlungen verabreicht werden.<\/p>\n<p>Vorsichtsma\u00dfnahmen f\u00fcr den Gebrauch<\/p>\n<p>In der Originalverpackung an einem k\u00fchlen, trockenen Ort aufbewahren. Nach jedem Gebrauch den Beutel gut verschlie\u00dfen.<\/p>\n<p>Au\u00dferhalb der Reichweite und Sichtweite von Kindern aufbewahren.<\/p>\n<p>Komposition<\/p>\n<p>Gefl\u00fcgelnebenprodukte, Molkenprotein (\u03b1-Lactalbumin) (21 %), Glycerin, Magnesiumglycerophosphat (15 %), inaktivierte Hefe, raffiniertes Pflanzen\u00f6l (Palm), Zucker, Mineralien.<\/p>\n<p>Analytische Bestandteile:<br \/>\nRohprotein &#8230;.. 40 %<br \/>\nRohfett &#8230;.. 5%<br \/>\nRohfaser &#8230;.. 0,5 %<br \/>\nRohasche &#8230;.. 11 %<\/p>\n<p>Liste der Zusatzstoffe<\/p>\n<p>Technologisch: Konservierungsstoffe und Antioxidantien<br \/>\nSensorik: Aromastoffe (Stevia rebaudiana)<\/p>\n<p>Inhaltsstoffeigenschaften und Produkteigenschaften<\/p>\n<p>Magnesium ist ein essentielles Spurenelement f\u00fcr das Nervensystem. Magnesiummangel kann zu Stress- oder Angstzust\u00e4nden f\u00fchren. Magnesium in Form von Glycerophosphat weist eine sehr gute Bioverf\u00fcgbarkeit auf<br \/>\n\u03b1-Lactalbumin ist ein aus einem Milchderivat gewonnenes Protein, das f\u00fcr seine beruhigenden Eigenschaften bekannt ist.<\/p>","protected":false},"excerpt":{"rendered":"<p>Art und Kategorie des Lebensmittels Erg\u00e4nzungsfuttermittel f\u00fcr Tiere. Verwenden Bei Hunden: ALPHAZIUM TT\u00ae L ist ein Erg\u00e4nzungsfuttermittel zur Anwendung in Situationen, die das Wohlbefinden und\/oder das Verhaltensgleichgewicht des Tieres beeintr\u00e4chtigen k\u00f6nnen. Vorher und in Situationen, die zu einer St\u00f6rung des Wohlbefindens oder des Verhaltensgleichgewichts des Tieres f\u00fchren k\u00f6nnten. Handbuch Orale Verabreichung. Appetitliche H\u00e4ppchen f\u00fcr eine [&hellip;]<\/p>\n","protected":false},"featured_media":38594,"template":"","meta":{"_acf_changed":false,"footnotes":""},"product_brand":[],"product_cat":[151,46],"product_tag":[],"class_list":{"0":"post-38589","1":"product","2":"type-product","3":"status-publish","4":"has-post-thumbnail","6":"product_cat-chiens","7":"product_cat-veterinaire","9":"first","10":"outofstock","11":"taxable","12":"shipping-taxable","13":"purchasable","14":"product-type-simple"},"acf":[],"_links":{"self":[{"href":"https:\/\/www.pharmacieonline.lu\/de\/wp-json\/wp\/v2\/product\/38589","targetHints":{"allow":["GET"]}}],"collection":[{"href":"https:\/\/www.pharmacieonline.lu\/de\/wp-json\/wp\/v2\/product"}],"about":[{"href":"https:\/\/www.pharmacieonline.lu\/de\/wp-json\/wp\/v2\/types\/product"}],"version-history":[{"count":0,"href":"https:\/\/www.pharmacieonline.lu\/de\/wp-json\/wp\/v2\/product\/38589\/revisions"}],"wp:featuredmedia":[{"embeddable":true,"href":"https:\/\/www.pharmacieonline.lu\/de\/wp-json\/wp\/v2\/media\/38594"}],"wp:attachment":[{"href":"https:\/\/www.pharmacieonline.lu\/de\/wp-json\/wp\/v2\/media?parent=38589"}],"wp:term":[{"taxonomy":"product_brand","embeddable":true,"href":"https:\/\/www.pharmacieonline.lu\/de\/wp-json\/wp\/v2\/product_brand?post=38589"},{"taxonomy":"product_cat","embeddable":true,"href":"https:\/\/www.pharmacieonline.lu\/de\/wp-json\/wp\/v2\/product_cat?post=38589"},{"taxonomy":"product_tag","embeddable":true,"href":"https:\/\/www.pharmacieonline.lu\/de\/wp-json\/wp\/v2\/product_tag?post=38589"}],"curies":[{"name":"wp","href":"https:\/\/api.w.org\/{rel}","templated":true}]}}