{"id":38610,"date":"2023-09-08T10:34:45","date_gmt":"2023-09-08T08:34:45","guid":{"rendered":"https:\/\/www.pharmacieonline.lu\/?post_type=product&#038;p=38610"},"modified":"2026-04-07T21:55:16","modified_gmt":"2026-04-07T19:55:16","slug":"alphazium-tt-s-bouchees-30pces-vet","status":"publish","type":"product","link":"https:\/\/www.pharmacieonline.lu\/de\/produit\/alphazium-tt-s-bouchees-30pces-vet\/","title":{"rendered":"ALPHAZIUM TT S BOUCHEES 30PCES VET"},"content":{"rendered":"<p>Art und Kategorie des Lebensmittels<\/p>\n<p>Erg\u00e4nzungsfuttermittel f\u00fcr Tiere.<\/p>\n<p>Verwenden<\/p>\n<p>Bei Hunden und Katzen: vor und in Situationen, die zu einer St\u00f6rung des Verhaltensgleichgewichts des Tieres f\u00fchren k\u00f6nnten.<\/p>\n<p>Handbuch<\/p>\n<p>Orale Verabreichung. Besonders schmackhafte H\u00e4ppchen f\u00fcr eine einfache Einnahme.<\/p>\n<p>Gewicht pro Tag<br \/>\n&lt; 7,5 kg 1<br \/>\n7,5 \u2013 12,5 kg 2<\/p>\n<p>ALPHAZIUM TT\u00ae wird verwendet:<br \/>\n&#8211; F\u00fcr einen verl\u00e4ngerbaren Zeitraum von einem Monat (konsultieren Sie Ihren Tierarzt)<br \/>\n&#8211; Gelegentlich: 1 bis 3 Tage vor dem bekannten Ereignis, das m\u00f6glicherweise Beschwerden verursachen k\u00f6nnte, dann einige Tage nach diesem Ereignis.<\/p>\n<p>Die Bisse k\u00f6nnen dem Tier direkt ins Maul gegeben oder zerkr\u00fcmelt und mit dem Futter vermischt werden.<\/p>\n<p>F\u00fcr weitere Informationen fragen Sie Ihren Tierarzt um Rat.<\/p>\n<p>Vorsichtsma\u00dfnahmen f\u00fcr den Gebrauch<\/p>\n<p>Au\u00dferhalb der Sicht- und Reichweite von Kindern aufbewahren.<\/p>\n<p>K\u00fchl und trocken lagern. Verschlie\u00dfen Sie den Beutel fest.<\/p>\n<p>Komposition<\/p>\n<p>Gefl\u00fcgelnebenprodukte, Molkenprotein (\u03b1-Lactalbumin) (21 %), Glycerin, Magnesiumglycerophosphat (15 %), inaktivierte Hefe, raffiniertes Pflanzen\u00f6l (Palm), Zucker, Mineralien.<\/p>\n<p>Analytische Bestandteile:<br \/>\nRohprotein &#8230;.. 40 %<br \/>\nRohfett &#8230;.. 5%<br \/>\nRohfaser &#8230;.. 0,5 %<br \/>\nRohasche &#8230;.. 11 %<\/p>\n<p>Liste der Zusatzstoffe<\/p>\n<p>Technologisch: Konservierungsstoffe und Antioxidantien<br \/>\nSensorik: Aromastoffe (Stevia rebaudiana)<\/p>\n<p>Inhaltsstoffeigenschaften und Produkteigenschaften<\/p>\n<p>Magnesium ist wichtig f\u00fcr das Nervensystem, ein Mangel kann zu Stress- oder Angstzust\u00e4nden f\u00fchren.<br \/>\n\u03b1-Lactalbumin, ein Milchderivat, ist f\u00fcr seine beruhigenden Eigenschaften bekannt.<\/p>","protected":false},"excerpt":{"rendered":"<p>Art und Kategorie des Lebensmittels Erg\u00e4nzungsfuttermittel f\u00fcr Tiere. Verwenden Bei Hunden und Katzen: vor und in Situationen, die zu einer St\u00f6rung des Verhaltensgleichgewichts des Tieres f\u00fchren k\u00f6nnten. Handbuch Orale Verabreichung. Besonders schmackhafte H\u00e4ppchen f\u00fcr eine einfache Einnahme. Gewicht pro Tag &lt; 7,5 kg 1 7,5 \u2013 12,5 kg 2 ALPHAZIUM TT\u00ae wird verwendet: &#8211; F\u00fcr [&hellip;]<\/p>\n","protected":false},"featured_media":38613,"template":"","meta":{"_acf_changed":false,"footnotes":""},"product_brand":[],"product_cat":[151,46],"product_tag":[],"class_list":{"0":"post-38610","1":"product","2":"type-product","3":"status-publish","4":"has-post-thumbnail","6":"product_cat-chiens","7":"product_cat-veterinaire","9":"first","10":"outofstock","11":"taxable","12":"shipping-taxable","13":"purchasable","14":"product-type-simple"},"acf":[],"_links":{"self":[{"href":"https:\/\/www.pharmacieonline.lu\/de\/wp-json\/wp\/v2\/product\/38610","targetHints":{"allow":["GET"]}}],"collection":[{"href":"https:\/\/www.pharmacieonline.lu\/de\/wp-json\/wp\/v2\/product"}],"about":[{"href":"https:\/\/www.pharmacieonline.lu\/de\/wp-json\/wp\/v2\/types\/product"}],"version-history":[{"count":0,"href":"https:\/\/www.pharmacieonline.lu\/de\/wp-json\/wp\/v2\/product\/38610\/revisions"}],"wp:featuredmedia":[{"embeddable":true,"href":"https:\/\/www.pharmacieonline.lu\/de\/wp-json\/wp\/v2\/media\/38613"}],"wp:attachment":[{"href":"https:\/\/www.pharmacieonline.lu\/de\/wp-json\/wp\/v2\/media?parent=38610"}],"wp:term":[{"taxonomy":"product_brand","embeddable":true,"href":"https:\/\/www.pharmacieonline.lu\/de\/wp-json\/wp\/v2\/product_brand?post=38610"},{"taxonomy":"product_cat","embeddable":true,"href":"https:\/\/www.pharmacieonline.lu\/de\/wp-json\/wp\/v2\/product_cat?post=38610"},{"taxonomy":"product_tag","embeddable":true,"href":"https:\/\/www.pharmacieonline.lu\/de\/wp-json\/wp\/v2\/product_tag?post=38610"}],"curies":[{"name":"wp","href":"https:\/\/api.w.org\/{rel}","templated":true}]}}