{"id":38616,"date":"2023-09-08T10:40:16","date_gmt":"2023-09-08T08:40:16","guid":{"rendered":"https:\/\/www.pharmacieonline.lu\/?post_type=product&#038;p=38616"},"modified":"2026-04-07T21:55:15","modified_gmt":"2026-04-07T19:55:15","slug":"aderma-exomega-control-baume-emol-400ml","status":"publish","type":"product","link":"https:\/\/www.pharmacieonline.lu\/de\/produit\/aderma-exomega-control-baume-emol-400ml\/","title":{"rendered":"ADERMA EXOMEGA CONTROL BAUME EMOL 400ML"},"content":{"rendered":"<p>Allgemeine Beschreibung<\/p>\n<p>Der juckreizlindernde EMOLLIENT BALM hilft bei einer einzigen Anwendung pro Tag, den Juckreiz* zu lindern, Reizspitzen auszugleichen und gleichzeitig die R\u00f6tung trockener Haut, die zu atopischen Ekzemen neigt, zu reduzieren. Seine 360\u00b0-Wirksamkeit reduziert die Hauttrockenheit, st\u00e4rkt die Hautbarriere und hilft, das Mikrobiom wieder ins Gleichgewicht zu bringen**. Ein n\u00e4hrender Balsam mit einer ultra-reichhaltigen, nicht klebrigen Textur f\u00fcr dreifache beruhigende Wirkung bei einer Anwendung pro Tag. Eine Formel auf Basis von Rhealba\u00ae Haferpflanzenextrakt (junge Hafersprossen), mit 95 % Inhaltsstoffen nat\u00fcrlichen Ursprungs und ohne Duftstoffe, zur Anwendung ab der Geburt. Eine t\u00e4gliche, gezielte, wirksame und beruhigende Geste, die die Empfindlichkeit trockener Haut mit atopischer Tendenz respektiert und gleichzeitig ihr t\u00e4gliches Leben verbessert.<\/p>\n<p>Die neuen umweltfreundlichen Tuben ohne H\u00fclle mit 33 % weniger Kunststoff*** und Recyclingf\u00e4higkeit schonen empfindliche Haut und tragen gleichzeitig zum Schutz der Umwelt bei. Beruhigend und nat\u00fcrlich vereinen sich f\u00fcr noch mehr Weichheit.<\/p>\n<p>Rhealba\u00ae Hafer aus biologischem Anbau. Vegane Info: ohne Inhaltsstoffe tierischen Ursprungs.<\/p>\n<p>&nbsp;<\/p>\n<p>Indikation<\/p>\n<p>Juckreiz \u2013 Reizung<\/p>\n<p>&nbsp;<\/p>\n<p>Verwenden<\/p>\n<p>Schritt 1 Bevor Sie den Balsam auftragen, reinigen Sie die Haut zun\u00e4chst mit einem EXOMEGA CONTROL Hygieneprodukt.<\/p>\n<p>Schritt 2 Gie\u00dfen Sie den Balsam in Ihre H\u00e4nde. Erw\u00e4rme es in deinen H\u00e4nden.<\/p>\n<p>Schritt 3 Tragen Sie den Balsam in breiten Bewegungen auf.<\/p>\n<p>&nbsp;<\/p>\n<p>Komposition<\/p>\n<p>WASSER (AQUA). CAPRYL-\/CAPRIC-TRIGLYCERID. GLYCERIN. CETEARYLALKOHOL. NIACINAMID. 10-HYDROXIDECENS\u00c4URE. AVENA SATIVA (HAFER) BLATT-\/STIEL-EXTRAKT (AVENA SATIVA BLATT-\/STIEL-EXTRAKT). BENZOES\u00c4URE. CAPRYLYL GLYKOL. CARBOMER. CETEARYL-GLUCOSID. GLYCERYLSTEARAT. OENOTHERA BIENNIS-\u00d6L (NACHTkerzen\u00f6l) (OENOTHERA BIENNIS-\u00d6L). PEG-100-STEARAT. POLYACRYLAT-13. POLYISOBUTEN. POLYSORBAT 20. NATRIUMHYDROXID. SORBITAN-ISOSTEARAT. TOCOPHEROL. TOCOPHERYLACETAT<\/p>\n<p>&nbsp;<\/p>\n<p>Eigenschaften<\/p>\n<p>\u2022 DREIFACH BERUHIGENDE WIRKUNG dank Rhealba\u00ae-Haferpflanzenextrakt, verst\u00e4rkt mit BIOVECT, Vektor nat\u00fcrlichen Ursprungs: Linderung von Juckreiz, Reduzierung von R\u00f6tungen und Beseitigung von Reizspitzen. \u2022 ERN\u00c4HRUNG: Reduziert die Trockenheit der Haut und st\u00e4rkt die Hautbarriere dank Filaxerin, Vitamin B3 und dem erweichenden Kern der Formel. \u2022 MIKROBIOM: Rhealba\u00ae Haferkeimlingsextrakt hilft, das Mikrobiom wieder ins Gleichgewicht zu bringen.<\/p>","protected":false},"excerpt":{"rendered":"<p>Allgemeine Beschreibung Der juckreizlindernde EMOLLIENT BALM hilft bei einer einzigen Anwendung pro Tag, den Juckreiz* zu lindern, Reizspitzen auszugleichen und gleichzeitig die R\u00f6tung trockener Haut, die zu atopischen Ekzemen neigt, zu reduzieren. Seine 360\u00b0-Wirksamkeit reduziert die Hauttrockenheit, st\u00e4rkt die Hautbarriere und hilft, das Mikrobiom wieder ins Gleichgewicht zu bringen**. Ein n\u00e4hrender Balsam mit einer ultra-reichhaltigen, [&hellip;]<\/p>\n","protected":false},"featured_media":38617,"template":"","meta":{"_acf_changed":false,"footnotes":""},"product_brand":[],"product_cat":[47,42,56],"product_tag":[],"class_list":{"0":"post-38616","1":"product","2":"type-product","3":"status-publish","4":"has-post-thumbnail","6":"product_cat-dermocosmetique","7":"product_cat-para-pharmacie","8":"product_cat-soins-du-corps","10":"first","11":"instock","12":"taxable","13":"shipping-taxable","14":"purchasable","15":"product-type-simple"},"acf":[],"_links":{"self":[{"href":"https:\/\/www.pharmacieonline.lu\/de\/wp-json\/wp\/v2\/product\/38616","targetHints":{"allow":["GET"]}}],"collection":[{"href":"https:\/\/www.pharmacieonline.lu\/de\/wp-json\/wp\/v2\/product"}],"about":[{"href":"https:\/\/www.pharmacieonline.lu\/de\/wp-json\/wp\/v2\/types\/product"}],"version-history":[{"count":0,"href":"https:\/\/www.pharmacieonline.lu\/de\/wp-json\/wp\/v2\/product\/38616\/revisions"}],"wp:featuredmedia":[{"embeddable":true,"href":"https:\/\/www.pharmacieonline.lu\/de\/wp-json\/wp\/v2\/media\/38617"}],"wp:attachment":[{"href":"https:\/\/www.pharmacieonline.lu\/de\/wp-json\/wp\/v2\/media?parent=38616"}],"wp:term":[{"taxonomy":"product_brand","embeddable":true,"href":"https:\/\/www.pharmacieonline.lu\/de\/wp-json\/wp\/v2\/product_brand?post=38616"},{"taxonomy":"product_cat","embeddable":true,"href":"https:\/\/www.pharmacieonline.lu\/de\/wp-json\/wp\/v2\/product_cat?post=38616"},{"taxonomy":"product_tag","embeddable":true,"href":"https:\/\/www.pharmacieonline.lu\/de\/wp-json\/wp\/v2\/product_tag?post=38616"}],"curies":[{"name":"wp","href":"https:\/\/api.w.org\/{rel}","templated":true}]}}