{"id":38645,"date":"2023-09-08T11:32:24","date_gmt":"2023-09-08T09:32:24","guid":{"rendered":"https:\/\/www.pharmacieonline.lu\/?post_type=product&#038;p=38645"},"modified":"2026-04-07T21:55:15","modified_gmt":"2026-04-07T19:55:15","slug":"aderma-indispensabl-creme-univers-50ml","status":"publish","type":"product","link":"https:\/\/www.pharmacieonline.lu\/de\/produit\/aderma-indispensabl-creme-univers-50ml\/","title":{"rendered":"ADERMA INDISPENSABL CREME UNIVERS  50ML"},"content":{"rendered":"<p>Allgemeine Beschreibung<\/p>\n<p>Diese Creme spendet Feuchtigkeit, n\u00e4hrt, f\u00f6rdert die Reparatur* und beruhigt die Gesichts- und K\u00f6rperhaut der ganzen Familie, aber auch die Augenpartie, die H\u00e4nde und nach der Rasur. Eine multifunktionale Creme mit 98 % Inhaltsstoffen nat\u00fcrlichen Ursprungs. Es enth\u00e4lt Wirkstoffe mit anerkannten Eigenschaften: Rhealba\u00ae Haferextrakt mit beruhigenden und reizlindernden Eigenschaften. Hyalurons\u00e4ure mit feuchtigkeitsspendenden und reparierenden Eigenschaften. Sheabutter mit pflegenden Eigenschaften. Feuchtigkeitsspendendes und sch\u00fctzendes pflanzliches Glycerin. Die empfindliche Haut der ganzen Familie, einschlie\u00dflich der Haut von Kleinkindern (ab 28 Tagen), wird 24 Stunden lang mit Feuchtigkeit versorgt, mit +62 % Feuchtigkeit ab der 1. Stunde\u00b9. Seine beruhigende Wirkung wird bereits nach 3 Testtagen von 98 % der Probanden\u00b2 gelobt. Irritationen werden sofort gelindert und die Haut wird bis zu 6 Stunden lang gepflegt\u00b3. Es ist frei von Duftstoffen und hat einen physiologischen pH-Wert. Es wurde entwickelt, um das Risiko allergischer Reaktionen zu minimieren. Die Verpackung ist umweltfreundlich gestaltet und die Tube enth\u00e4lt 54 % recyceltes HDPE*. Rhealba\u00ae Hafer aus biologischem Anbau. Vegane Info: ohne Inhaltsstoffe tierischen Ursprungs. *F\u00f6rdert die Reparatur der Epidermis.<\/p>\n<p>&nbsp;<\/p>\n<p>Verwenden<\/p>\n<p>1 bis 2 Mal t\u00e4glich mit leichten Massagen auf Gesicht und\/oder K\u00f6rper auftragen, bis es vollst\u00e4ndig eingezogen ist.<\/p>\n<p>&nbsp;<\/p>\n<p>Komposition<\/p>\n<p>WASSER (AQUA). CAPRYL-\/CAPRIC-TRIGLYCERID. GLYCERIN. BUTYROSPERMUM PARKII (SHEA) BUTTER (BUTYROSPERMUM PARKII BUTTER). CETEARYLALKOHOL. GLYCERYLSTEARAT. PALMITINS\u00c4URE. STEARINS\u00c4URE. Alanylglutamin. AVENA SATIVA (HAFER) BLATT-\/STIEL-EXTRAKT (AVENA SATIVA BLATT-\/STIEL-EXTRAKT). BATYLALKOHOL. BENZOES\u00c4URE. CAPRYLYL GLYKOL. CETEARYL-GLUCOSID. POLYACRYLAT-13. POLYISOBUTEN. POLYSORBAT 20. NATRIUMHYALURONAT. NATRIUMHYDROXID. SORBITAN-ISOSTEARAT. TOCOPHERYLACETAT. XANTHANGUMMI<\/p>\n<p>&nbsp;<\/p>\n<p>Eigenschaften<\/p>\n<p>\u2022 HYDRAT: Feuchtigkeitskomplex pflanzlichen Ursprungs (Rhealba\u00ae Haferpflanzen, pflanzliches Glycerin) zur sofortigen und dauerhaften Befeuchtung (24 Stunden\u00b9). \u2022 N\u00c4HRT: Angereichert mit Sheabutter pflegt die Universalcreme empfindliche Haut sofort und nachhaltig\u00b3 \u2022 BERUHIGT: Stellt das Wohlbefinden wieder her und lindert Reizungen dank der reizlindernden und beruhigenden Eigenschaften des Rhealba\u00ae-Haferpflanzenextrakts. \u2022 REPARATUR*: regenerierende Wirkung bei Reizungen (nach der Rasur) *F\u00f6rdert die Reparatur der Epidermis.<\/p>","protected":false},"excerpt":{"rendered":"<p>Allgemeine Beschreibung Diese Creme spendet Feuchtigkeit, n\u00e4hrt, f\u00f6rdert die Reparatur* und beruhigt die Gesichts- und K\u00f6rperhaut der ganzen Familie, aber auch die Augenpartie, die H\u00e4nde und nach der Rasur. Eine multifunktionale Creme mit 98 % Inhaltsstoffen nat\u00fcrlichen Ursprungs. Es enth\u00e4lt Wirkstoffe mit anerkannten Eigenschaften: Rhealba\u00ae Haferextrakt mit beruhigenden und reizlindernden Eigenschaften. Hyalurons\u00e4ure mit feuchtigkeitsspendenden und [&hellip;]<\/p>\n","protected":false},"featured_media":38646,"template":"","meta":{"_acf_changed":false,"footnotes":""},"product_brand":[],"product_cat":[47,42,54,56],"product_tag":[],"class_list":{"0":"post-38645","1":"product","2":"type-product","3":"status-publish","4":"has-post-thumbnail","6":"product_cat-dermocosmetique","7":"product_cat-para-pharmacie","8":"product_cat-soins-du-visage","9":"product_cat-soins-du-corps","11":"first","12":"outofstock","13":"taxable","14":"shipping-taxable","15":"purchasable","16":"product-type-simple"},"acf":[],"_links":{"self":[{"href":"https:\/\/www.pharmacieonline.lu\/de\/wp-json\/wp\/v2\/product\/38645","targetHints":{"allow":["GET"]}}],"collection":[{"href":"https:\/\/www.pharmacieonline.lu\/de\/wp-json\/wp\/v2\/product"}],"about":[{"href":"https:\/\/www.pharmacieonline.lu\/de\/wp-json\/wp\/v2\/types\/product"}],"version-history":[{"count":0,"href":"https:\/\/www.pharmacieonline.lu\/de\/wp-json\/wp\/v2\/product\/38645\/revisions"}],"wp:featuredmedia":[{"embeddable":true,"href":"https:\/\/www.pharmacieonline.lu\/de\/wp-json\/wp\/v2\/media\/38646"}],"wp:attachment":[{"href":"https:\/\/www.pharmacieonline.lu\/de\/wp-json\/wp\/v2\/media?parent=38645"}],"wp:term":[{"taxonomy":"product_brand","embeddable":true,"href":"https:\/\/www.pharmacieonline.lu\/de\/wp-json\/wp\/v2\/product_brand?post=38645"},{"taxonomy":"product_cat","embeddable":true,"href":"https:\/\/www.pharmacieonline.lu\/de\/wp-json\/wp\/v2\/product_cat?post=38645"},{"taxonomy":"product_tag","embeddable":true,"href":"https:\/\/www.pharmacieonline.lu\/de\/wp-json\/wp\/v2\/product_tag?post=38645"}],"curies":[{"name":"wp","href":"https:\/\/api.w.org\/{rel}","templated":true}]}}