{"id":38675,"date":"2023-09-08T12:24:35","date_gmt":"2023-09-08T10:24:35","guid":{"rendered":"https:\/\/www.pharmacieonline.lu\/?post_type=product&#038;p=38675"},"modified":"2026-04-05T11:55:12","modified_gmt":"2026-04-05T09:55:12","slug":"anti-angina-comp-30-unda","status":"publish","type":"product","link":"https:\/\/www.pharmacieonline.lu\/de\/produit\/anti-angina-comp-30-unda\/","title":{"rendered":"ANTI ANGINA COMP 30 UNDA"},"content":{"rendered":"<p>PR\u00c4SENTATION<\/p>\n<p>30 Lutschtabletten \u00e0 290 mg. Drei Blisterpackungen mit 10 Tabletten.<\/p>\n<p>UMFANG<\/p>\n<p>Hom\u00f6opathisches Arzneimittel, das traditionell zur symptomatischen Behandlung von Mandelentz\u00fcndungen und Halsschmerzen eingesetzt wird.<\/p>\n<p>DOSIERUNG<\/p>\n<p>Zu Beginn der Behandlung alle 2 Stunden eine Tablette lutschen.<br \/>\nSobald eine Besserung eintritt, verteilen Sie die Dosis auf 2 bis 3 Tabletten pro Tag.<br \/>\nSchlie\u00dfen Sie die Behandlung ab, indem Sie zwei Tage lang eine Tablette pro Tag einnehmen.<\/p>\n<p>Bei Kindern unter 6 Jahren die Tabletten zerdr\u00fccken.<\/p>\n<p>KOMPOSITION<\/p>\n<p>Aconitum napellus D8 \u2013 Apis mellifica D8 \u2013 Arum triphyllum D4 \u2013 Belladonna D8 \u2013 Kalium bichromicum D10 \u2013 Lachesis mutus D10 \u2013 Mercurius solubilis D10 \u2013 Phytolacca decandra D8 \u2013 Xylitolum, Carmellosum natricum, Lactosum, Magnesii stearas q.s. pro compr. uno.<\/p>","protected":false},"excerpt":{"rendered":"<p>PR\u00c4SENTATION 30 Lutschtabletten \u00e0 290 mg. Drei Blisterpackungen mit 10 Tabletten. UMFANG Hom\u00f6opathisches Arzneimittel, das traditionell zur symptomatischen Behandlung von Mandelentz\u00fcndungen und Halsschmerzen eingesetzt wird. DOSIERUNG Zu Beginn der Behandlung alle 2 Stunden eine Tablette lutschen. Sobald eine Besserung eintritt, verteilen Sie die Dosis auf 2 bis 3 Tabletten pro Tag. Schlie\u00dfen Sie die Behandlung [&hellip;]<\/p>\n","protected":false},"featured_media":38676,"template":"","meta":{"_acf_changed":false,"footnotes":""},"product_brand":[],"product_cat":[43,86,83,88],"product_tag":[],"class_list":{"0":"post-38675","1":"product","2":"type-product","3":"status-publish","4":"has-post-thumbnail","6":"product_cat-medicaments-en-vente-libre","7":"product_cat-grippe","8":"product_cat-gorge","9":"product_cat-homeopathie","11":"first","12":"outofstock","13":"taxable","14":"shipping-taxable","15":"purchasable","16":"product-type-simple"},"acf":[],"_links":{"self":[{"href":"https:\/\/www.pharmacieonline.lu\/de\/wp-json\/wp\/v2\/product\/38675","targetHints":{"allow":["GET"]}}],"collection":[{"href":"https:\/\/www.pharmacieonline.lu\/de\/wp-json\/wp\/v2\/product"}],"about":[{"href":"https:\/\/www.pharmacieonline.lu\/de\/wp-json\/wp\/v2\/types\/product"}],"version-history":[{"count":0,"href":"https:\/\/www.pharmacieonline.lu\/de\/wp-json\/wp\/v2\/product\/38675\/revisions"}],"wp:featuredmedia":[{"embeddable":true,"href":"https:\/\/www.pharmacieonline.lu\/de\/wp-json\/wp\/v2\/media\/38676"}],"wp:attachment":[{"href":"https:\/\/www.pharmacieonline.lu\/de\/wp-json\/wp\/v2\/media?parent=38675"}],"wp:term":[{"taxonomy":"product_brand","embeddable":true,"href":"https:\/\/www.pharmacieonline.lu\/de\/wp-json\/wp\/v2\/product_brand?post=38675"},{"taxonomy":"product_cat","embeddable":true,"href":"https:\/\/www.pharmacieonline.lu\/de\/wp-json\/wp\/v2\/product_cat?post=38675"},{"taxonomy":"product_tag","embeddable":true,"href":"https:\/\/www.pharmacieonline.lu\/de\/wp-json\/wp\/v2\/product_tag?post=38675"}],"curies":[{"name":"wp","href":"https:\/\/api.w.org\/{rel}","templated":true}]}}