{"id":38696,"date":"2023-09-08T12:48:31","date_gmt":"2023-09-08T10:48:31","guid":{"rendered":"https:\/\/www.pharmacieonline.lu\/?post_type=product&#038;p=38696"},"modified":"2026-04-15T21:55:19","modified_gmt":"2026-04-15T19:55:19","slug":"aqtif-100-90-caps","status":"publish","type":"product","link":"https:\/\/www.pharmacieonline.lu\/de\/produit\/aqtif-100-90-caps\/","title":{"rendered":"AQTIF 100 90 CAPS"},"content":{"rendered":"<p>Allgemeine Beschreibung<\/p>\n<p>&nbsp;<\/p>\n<p>ZELLSCHUTZ &amp; OXIDATIVER STRESS *<\/p>\n<p>Der menschliche K\u00f6rper besteht aus Milliarden von Zellen, die st\u00e4ndig mit zahlreichen inneren und \u00e4u\u00dferen Einfl\u00fcssen (Tabak, UV-Strahlung, Umweltverschmutzung, Stress usw.) zurechtkommen m\u00fcssen. Diese Situationen k\u00f6nnen zu einer \u00dcberproduktion freier Radikale im K\u00f6rper f\u00fchren. Dies wird als oxidativer Stress bezeichnet. Es gibt Schutzmechanismen, um diesen oxidativen Stress auszugleichen.<\/p>\n<p>*Vitamin E tr\u00e4gt zum Schutz der Zellen vor oxidativem Stress bei.<\/p>\n<p>Gesetzestext<\/p>\n<p>&nbsp;<\/p>\n<p>Aktif 100 Caps 90 ist ein in der Apotheke erh\u00e4ltliches Nahrungserg\u00e4nzungsmittel. Es kann einen gesunden Lebensstil und eine abwechslungsreiche und ausgewogene Ern\u00e4hrung nicht ersetzen. Nehmen Sie nicht mehr als die auf der Packung angegebene empfohlene Tagesdosis ein. Fragen Sie Ihren Apotheker. Au\u00dferhalb der Reichweite von Kindern aufbewahren.<\/p>\n<p>Kontraindikationen<\/p>\n<p>&nbsp;<\/p>\n<p>Vorsichtsma\u00dfnahmen f\u00fcr den Gebrauch<\/p>\n<p>Schwangere und stillende Frauen sollten ohne R\u00fccksprache mit ihrem Arzt keine Nahrungserg\u00e4nzungsmittel einnehmen.<\/p>\n<p>Verwenden<\/p>\n<p>&nbsp;<\/p>\n<p>1 Kapsel pro Tag w\u00e4hrend einer Mahlzeit einnehmen.<\/p>\n<p>Komposition<\/p>\n<p>&nbsp;<\/p>\n<p>Komposition<\/p>\n<p>100 mg Ubiquinol (Coenzym Q10H12)<br \/>\n12 mg Vitamin E (100 % AR)<br \/>\nnatives Leinsamen\u00f6l<\/p>\n<p>Coenzym Q10 kommt im K\u00f6rper in zwei Formen vor: der aktiven, nicht oxidierten Form Ubiquinol (Q10H2) und der inaktiven oxidierten Form Ubiquinon (Q10). Ubiquinol ist die Hauptform im K\u00f6rper.<\/p>\n<p>AQtif 100 enth\u00e4lt Ubiquinol.<\/p>\n<p>Ubiquinol ist ein Molek\u00fcl nat\u00fcrlichen Ursprungs, das durch Fermentation von Hefe entsteht. Es enth\u00e4lt daher keine Verunreinigungen aufgrund der chemischen Synthese.<\/p>\n<p>Eigenschaften<\/p>\n<p>&nbsp;<\/p>\n<p>Eigenschaften<\/p>\n<p>Mitochondrien sind die Energiekraftwerke unserer Zellen. Sie erm\u00f6glichen die Produktion von Energie in Form von ATP. An diesem Produktionsprozess sind viele Enzyme und Coenzyme beteiligt.<\/p>\n<p>Coenzym Q10H2 ist ein Molek\u00fcl, das in allen Zellen des K\u00f6rpers und in gr\u00f6\u00dferen Mengen in Zellen vorkommt, die die meiste Energie ben\u00f6tigen, wie z. B. denen des Herzens, der Lunge, der Leber und der Muskeln.<\/p>\n<p>Vitamin E tr\u00e4gt dazu bei, die Zellen vor oxidativem Stress zu sch\u00fctzen.<\/p>","protected":false},"excerpt":{"rendered":"<p>Allgemeine Beschreibung &nbsp; ZELLSCHUTZ &amp; OXIDATIVER STRESS * Der menschliche K\u00f6rper besteht aus Milliarden von Zellen, die st\u00e4ndig mit zahlreichen inneren und \u00e4u\u00dferen Einfl\u00fcssen (Tabak, UV-Strahlung, Umweltverschmutzung, Stress usw.) zurechtkommen m\u00fcssen. Diese Situationen k\u00f6nnen zu einer \u00dcberproduktion freier Radikale im K\u00f6rper f\u00fchren. Dies wird als oxidativer Stress bezeichnet. Es gibt Schutzmechanismen, um diesen oxidativen Stress [&hellip;]<\/p>\n","protected":false},"featured_media":38697,"template":"","meta":{"_acf_changed":false,"footnotes":""},"product_brand":[],"product_cat":[953,781],"product_tag":[],"class_list":{"0":"post-38696","1":"product","2":"type-product","3":"status-publish","4":"has-post-thumbnail","6":"product_cat-complements-alimentaires","7":"product_cat-sommeil-stress","9":"first","10":"instock","11":"taxable","12":"shipping-taxable","13":"purchasable","14":"product-type-simple"},"acf":[],"_links":{"self":[{"href":"https:\/\/www.pharmacieonline.lu\/de\/wp-json\/wp\/v2\/product\/38696","targetHints":{"allow":["GET"]}}],"collection":[{"href":"https:\/\/www.pharmacieonline.lu\/de\/wp-json\/wp\/v2\/product"}],"about":[{"href":"https:\/\/www.pharmacieonline.lu\/de\/wp-json\/wp\/v2\/types\/product"}],"version-history":[{"count":0,"href":"https:\/\/www.pharmacieonline.lu\/de\/wp-json\/wp\/v2\/product\/38696\/revisions"}],"wp:featuredmedia":[{"embeddable":true,"href":"https:\/\/www.pharmacieonline.lu\/de\/wp-json\/wp\/v2\/media\/38697"}],"wp:attachment":[{"href":"https:\/\/www.pharmacieonline.lu\/de\/wp-json\/wp\/v2\/media?parent=38696"}],"wp:term":[{"taxonomy":"product_brand","embeddable":true,"href":"https:\/\/www.pharmacieonline.lu\/de\/wp-json\/wp\/v2\/product_brand?post=38696"},{"taxonomy":"product_cat","embeddable":true,"href":"https:\/\/www.pharmacieonline.lu\/de\/wp-json\/wp\/v2\/product_cat?post=38696"},{"taxonomy":"product_tag","embeddable":true,"href":"https:\/\/www.pharmacieonline.lu\/de\/wp-json\/wp\/v2\/product_tag?post=38696"}],"curies":[{"name":"wp","href":"https:\/\/api.w.org\/{rel}","templated":true}]}}