{"id":38728,"date":"2023-09-08T15:53:49","date_gmt":"2023-09-08T13:53:49","guid":{"rendered":"https:\/\/www.pharmacieonline.lu\/?post_type=product&#038;p=38728"},"modified":"2026-04-05T15:55:12","modified_gmt":"2026-04-05T13:55:12","slug":"allerderm-spot-on-62-ml-vet","status":"publish","type":"product","link":"https:\/\/www.pharmacieonline.lu\/de\/produit\/allerderm-spot-on-62-ml-vet\/","title":{"rendered":"ALLERDERM SPOT ON 6*2 ML VET"},"content":{"rendered":"<p>Allgemeine Beschreibung<\/p>\n<p>Topisches Produkt, besonders geeignet f\u00fcr Tiere mit Hautproblemen<\/p>\n<p>EIGENSCHAFTEN:<br \/>\nALLERDERM\u00ae Spot-On enth\u00e4lt eine exklusive Mischung aus Ceramiden, Fetts\u00e4uren und Cholesterin (\u201eSkin Lipid Complex\u201c), \u00e4hnlich denen, die in gesunder Hunde- und Katzenhaut vorkommen. ALLERDERM\u00ae Spot-On ist ein topisches Produkt, das sich besonders f\u00fcr Tiere mit Hautproblemen eignet.<br \/>\nEs wird besonders als erg\u00e4nzende Behandlung zur Behandlung von Dermatosen bei Hunden und Katzen empfohlen, die mit oberfl\u00e4chlichen Hautver\u00e4nderungen einhergehen, da eine Kombination von Inhaltsstoffen zur Wiederherstellung der Hautintegrit\u00e4t beitr\u00e4gt.<br \/>\nIndikation<br \/>\nAnwendung von ALLERDERM\u00ae Spot-On:<br \/>\n1 tr\u00e4gt zur Wiederherstellung der Schutzbarrierefunktion der Epidermis (Haut) bei.<br \/>\n2 und f\u00f6rdert so seine Hydratation, verringert seine Empfindlichkeit und verst\u00e4rkt seine Schutzfunktion.<br \/>\nVerwenden<br \/>\nANWENDUNGSTIPPS:<br \/>\nUm die Pipette zu \u00f6ffnen, halten Sie sie senkrecht und drehen Sie die Spitze fest, bis sie zerbricht.<br \/>\nTeilen Sie das Fell zwischen den Schulterbl\u00e4ttern des Hundes, bis die Haut sichtbar ist.<br \/>\nSetzen Sie die Kan\u00fcle direkt auf die Haut und dr\u00fccken Sie sanft auf den Pipettenk\u00f6rper, um sie auf die Haut zu entleeren.<br \/>\nVerteilen Sie den gesamten Inhalt an mehreren Stellen entlang der R\u00fcckenlinie des Hundes.<br \/>\nALLERDERM\u00ae\u00a0Spot-On kann auch direkt auf verletzte Stellen aufgetragen werden.<\/p>\n<p>MENGE UND NUTZUNGSRATE:<br \/>\n\u2022 Eine Pipette pro Woche f\u00fcr 4 Wochen. Die Dosen k\u00f6nnen erh\u00f6ht werden (von zwei auf drei).<br \/>\nPipetten pro Woche bis zu einer pro Tag), abh\u00e4ngig von der Schwere der L\u00e4sionen.<br \/>\n\u2022 Um Haut und Fell gesund zu halten, tragen Sie zur Erhaltung eine Pipette pro Monat auf.<br \/>\nF\u00fcr optimale Ergebnisse nach dem Baden auftragen, wenn das Fell vollst\u00e4ndig trocken ist.<\/p>\n<p>KOMPOSITION:<br \/>\nCeramide 3, Ceramide 6 II, Ceramide 1, Cholesterin, Natriumlauroyllactylat, Xanthangummi, Wasser.<\/p>","protected":false},"excerpt":{"rendered":"<p>Allgemeine Beschreibung Topisches Produkt, besonders geeignet f\u00fcr Tiere mit Hautproblemen EIGENSCHAFTEN: ALLERDERM\u00ae Spot-On enth\u00e4lt eine exklusive Mischung aus Ceramiden, Fetts\u00e4uren und Cholesterin (\u201eSkin Lipid Complex\u201c), \u00e4hnlich denen, die in gesunder Hunde- und Katzenhaut vorkommen. ALLERDERM\u00ae Spot-On ist ein topisches Produkt, das sich besonders f\u00fcr Tiere mit Hautproblemen eignet. Es wird besonders als erg\u00e4nzende Behandlung zur [&hellip;]<\/p>\n","protected":false},"featured_media":38729,"template":"","meta":{"_acf_changed":false,"footnotes":""},"product_brand":[],"product_cat":[151,150,46],"product_tag":[],"class_list":{"0":"post-38728","1":"product","2":"type-product","3":"status-publish","4":"has-post-thumbnail","6":"product_cat-chiens","7":"product_cat-chats","8":"product_cat-veterinaire","10":"first","11":"outofstock","12":"taxable","13":"shipping-taxable","14":"purchasable","15":"product-type-simple"},"acf":[],"_links":{"self":[{"href":"https:\/\/www.pharmacieonline.lu\/de\/wp-json\/wp\/v2\/product\/38728","targetHints":{"allow":["GET"]}}],"collection":[{"href":"https:\/\/www.pharmacieonline.lu\/de\/wp-json\/wp\/v2\/product"}],"about":[{"href":"https:\/\/www.pharmacieonline.lu\/de\/wp-json\/wp\/v2\/types\/product"}],"version-history":[{"count":0,"href":"https:\/\/www.pharmacieonline.lu\/de\/wp-json\/wp\/v2\/product\/38728\/revisions"}],"wp:featuredmedia":[{"embeddable":true,"href":"https:\/\/www.pharmacieonline.lu\/de\/wp-json\/wp\/v2\/media\/38729"}],"wp:attachment":[{"href":"https:\/\/www.pharmacieonline.lu\/de\/wp-json\/wp\/v2\/media?parent=38728"}],"wp:term":[{"taxonomy":"product_brand","embeddable":true,"href":"https:\/\/www.pharmacieonline.lu\/de\/wp-json\/wp\/v2\/product_brand?post=38728"},{"taxonomy":"product_cat","embeddable":true,"href":"https:\/\/www.pharmacieonline.lu\/de\/wp-json\/wp\/v2\/product_cat?post=38728"},{"taxonomy":"product_tag","embeddable":true,"href":"https:\/\/www.pharmacieonline.lu\/de\/wp-json\/wp\/v2\/product_tag?post=38728"}],"curies":[{"name":"wp","href":"https:\/\/api.w.org\/{rel}","templated":true}]}}