{"id":38787,"date":"2023-09-08T17:56:10","date_gmt":"2023-09-08T15:56:10","guid":{"rendered":"https:\/\/www.pharmacieonline.lu\/?post_type=product&#038;p=38787"},"modified":"2026-04-08T03:55:18","modified_gmt":"2026-04-08T01:55:18","slug":"alvityl-miel-de-manuka-iaa-5-250g","status":"publish","type":"product","link":"https:\/\/www.pharmacieonline.lu\/de\/produit\/alvityl-miel-de-manuka-iaa-5-250g\/","title":{"rendered":"ALVITYL MIEL DE MANUKA IAA 5+ 250G"},"content":{"rendered":"<p>Manuka-Honig wird seit Jahrhunderten in der traditionellen Medizin verwendet und ist viel wirksamer als andere Honige. Zahlreiche wissenschaftliche Ver\u00f6ffentlichungen belegen, dass es einzigartige Eigenschaften aufweist, die zum Teil auf seine nicht-peroxidische Aktivit\u00e4t zur\u00fcckzuf\u00fchren sind, die sich aus der hohen Konzentration an Methylglyoxal, einem spezifischen Wirkstoff im Manuka-Honig, ergibt. Die hohe Aktivit\u00e4t wird durch den IAA-Index garantiert. Je h\u00f6her der Index, desto aktiver ist der Honig. Nicht alle Manuka-Honigsorten sind wirksam. Alvityl garantiert die Wirksamkeit seiner Active Manuka Honige durch systematische Tests.<\/p>\n<p>Der IAA 5+ Index ist die erste Aktivit\u00e4tsstufe im Alvityl-Honigsortiment von Manuka Active. Seine Konzentration an Methylglyoxal (MGO) betr\u00e4gt daher mindestens 83 mg\/kg. Humer empfiehlt, dass Sie die Aktivit\u00e4t und Konzentration von Methylglyoxal in Ihrem Glas mit Active 5+ Manuka-Honig \u00fcberpr\u00fcfen, indem Sie direkt die Chargennummer des Produkts eingeben. Diese Analysen werden systematisch von einem unabh\u00e4ngigen Labor durchgef\u00fchrt.<br \/>\nIAA 5+ ist charakteristisch f\u00fcr die Region von Wellington bis Greymouth in Neuseeland. Humer bezieht seine Lieferungen direkt in Neuseeland von sorgf\u00e4ltig ausgew\u00e4hlten Imkern.<\/p>\n<p>Kontraindikationen:<br \/>\nKinder unter 1 Jahr.<\/p>\n<p>Wirksame Bestandteile:<br \/>\n100 % Manuka-Honig, Methylglyoxal-Konzentration gr\u00f6\u00dfer oder gleich 83 mg\/kg<\/p>\n<p>Vorsichtsma\u00dfnahmen f\u00fcr die Verwendung:<br \/>\nAu\u00dferhalb der Reichweite von kleinen Kindern aufbewahren.<br \/>\nAn einem trockenen Ort aufbewahren, gesch\u00fctzt vor Licht und Feuchtigkeit.<br \/>\nEmpfohlen werden 1 bis 2 Teel\u00f6ffel pro Tag.<\/p>","protected":false},"excerpt":{"rendered":"<p>Manuka-Honig wird seit Jahrhunderten in der traditionellen Medizin verwendet und ist viel wirksamer als andere Honige. Zahlreiche wissenschaftliche Ver\u00f6ffentlichungen belegen, dass es einzigartige Eigenschaften aufweist, die zum Teil auf seine nicht-peroxidische Aktivit\u00e4t zur\u00fcckzuf\u00fchren sind, die sich aus der hohen Konzentration an Methylglyoxal, einem spezifischen Wirkstoff im Manuka-Honig, ergibt. Die hohe Aktivit\u00e4t wird durch den IAA-Index [&hellip;]<\/p>\n","protected":false},"featured_media":38788,"template":"","meta":{"_acf_changed":false,"footnotes":""},"product_brand":[],"product_cat":[81,79],"product_tag":[],"class_list":{"0":"post-38787","1":"product","2":"type-product","3":"status-publish","4":"has-post-thumbnail","6":"product_cat-stimulants-de-limmunite","7":"product_cat-aromatherapie","9":"first","10":"instock","11":"taxable","12":"shipping-taxable","13":"purchasable","14":"product-type-simple"},"acf":[],"_links":{"self":[{"href":"https:\/\/www.pharmacieonline.lu\/de\/wp-json\/wp\/v2\/product\/38787","targetHints":{"allow":["GET"]}}],"collection":[{"href":"https:\/\/www.pharmacieonline.lu\/de\/wp-json\/wp\/v2\/product"}],"about":[{"href":"https:\/\/www.pharmacieonline.lu\/de\/wp-json\/wp\/v2\/types\/product"}],"version-history":[{"count":0,"href":"https:\/\/www.pharmacieonline.lu\/de\/wp-json\/wp\/v2\/product\/38787\/revisions"}],"wp:featuredmedia":[{"embeddable":true,"href":"https:\/\/www.pharmacieonline.lu\/de\/wp-json\/wp\/v2\/media\/38788"}],"wp:attachment":[{"href":"https:\/\/www.pharmacieonline.lu\/de\/wp-json\/wp\/v2\/media?parent=38787"}],"wp:term":[{"taxonomy":"product_brand","embeddable":true,"href":"https:\/\/www.pharmacieonline.lu\/de\/wp-json\/wp\/v2\/product_brand?post=38787"},{"taxonomy":"product_cat","embeddable":true,"href":"https:\/\/www.pharmacieonline.lu\/de\/wp-json\/wp\/v2\/product_cat?post=38787"},{"taxonomy":"product_tag","embeddable":true,"href":"https:\/\/www.pharmacieonline.lu\/de\/wp-json\/wp\/v2\/product_tag?post=38787"}],"curies":[{"name":"wp","href":"https:\/\/api.w.org\/{rel}","templated":true}]}}