{"id":38868,"date":"2023-09-11T10:54:38","date_gmt":"2023-09-11T08:54:38","guid":{"rendered":"https:\/\/www.pharmacieonline.lu\/?post_type=product&#038;p=38868"},"modified":"2026-04-07T02:55:13","modified_gmt":"2026-04-07T00:55:13","slug":"aplazyl-chien-120-cpr-vet","status":"publish","type":"product","link":"https:\/\/www.pharmacieonline.lu\/de\/produit\/aplazyl-chien-120-cpr-vet\/","title":{"rendered":"APLAZYL CHIEN 120 CPR VET"},"content":{"rendered":"<p>Unterst\u00fctzt die Bewegungsfunktionen und sorgt f\u00fcr gesunde Gelenke bei Hunden und Katzen<\/p>\n<p>APLAZYL\u00ae ist ein Erg\u00e4nzungsfuttermittel zur Unterst\u00fctzung der Bewegungsfunktionen und zur Erhaltung gesunder Gelenke. APLAZYL\u00ae schmiert die Gelenke, unterst\u00fctzt und erh\u00e4lt den Knorpel, deckt den erh\u00f6hten N\u00e4hrstoffbedarf des Bewegungsapparates w\u00e4hrend des Wachstums und bei intensiver Anstrengung und erh\u00e4lt die Flexibilit\u00e4t der Gelenke.<\/p>\n<p>Hinweise:<br \/>\nAPLAZYL\u00ae wird f\u00fcr \u00e4ltere Tiere, f\u00fcr Tiere in der Wachstumsphase, in der Rekonvaleszenz- oder Revalidierungsphase, f\u00fcr Sporttiere in der Vorbereitungs- und Erholungsphase, f\u00fcr tr\u00e4chtige und\/oder s\u00e4ugende Weibchen empfohlen.<\/p>\n<p>Komposition:<br \/>\nGr\u00fcnlippmuschelpulver (Perna canaliculus) \u2013 Glucosaminsulfat \u2013 Chondroitinsulfat \u2013 Algenpulver (Chlorella pyrenoidosa) \u2013 Fisch\u00f6l, Brennnesselpulver (Urtica Urens).<\/p>\n<p>Analytische Bestandteile:<br \/>\nRohprotein 37,8 % \u2013 Rohasche 14,0 % \u2013 Rohfett 10,0 % \u2013 Rohfaser 0,5 %.<br \/>\nAdditive:<br \/>\nSpurenelemente: Manganchelat von Aminos\u00e4uren, hydratisiert, Mn (E 5) 2.400 mg\/kg. Aromastoffe \u2013 Pflanzenextrakte: Teufelskrallenextrakt (Harpagophytum procumbens) 16.000 mg\/kg \u2013 Weihrauchextrakt (Boswellia serrata) 60.000 mg\/kg.<\/p>\n<p>Anwendungstipps:<br \/>\nOrale Verabreichung, entweder direkt in den Mund gegeben oder in die Futterration gemischt oder zerkleinert.<\/p>\n<p>Welpen in der Wachstumsphase<br \/>\n\u00bd Tablette pro Tag, ab der sechsten Woche bis zum Alter von sechs Monaten.<\/p>\n<p>Hunde in der Erholungsphase, Rekonvaleszenz, Sporthunde, Hunde mit Steifheit<br \/>\n1 Tablette\/Tag\/10 kg, f\u00fcr 1 bis 2 Monate.<\/p>\n<p>\u00c4ltere Hunde, tr\u00e4chtige Hunde<br \/>\n&lt; 20 kg: 1 Tablette\/Tag, &gt; 20 kg: 2 Tabletten\/Tag.<\/p>\n<p>\u00c4ltere, steife, sich erholende Katzen<br \/>\n\u00bd Tablette\/Tag\/5 kg.<\/p>\n<p>Bei alten Tieren wird eine 12-w\u00f6chige Behandlung empfohlen, zweimal im Jahr, bei tr\u00e4chtigen Weibchen 30 Tage vor und bis zu 60 Tage nach der Geburt.<\/p>\n<p>Konditionierung:<br \/>\nSchachtel mit 120 Tabletten<\/p>","protected":false},"excerpt":{"rendered":"<p>Unterst\u00fctzt die Bewegungsfunktionen und sorgt f\u00fcr gesunde Gelenke bei Hunden und Katzen APLAZYL\u00ae ist ein Erg\u00e4nzungsfuttermittel zur Unterst\u00fctzung der Bewegungsfunktionen und zur Erhaltung gesunder Gelenke. APLAZYL\u00ae schmiert die Gelenke, unterst\u00fctzt und erh\u00e4lt den Knorpel, deckt den erh\u00f6hten N\u00e4hrstoffbedarf des Bewegungsapparates w\u00e4hrend des Wachstums und bei intensiver Anstrengung und erh\u00e4lt die Flexibilit\u00e4t der Gelenke. Hinweise: APLAZYL\u00ae [&hellip;]<\/p>\n","protected":false},"featured_media":38870,"template":"","meta":{"_acf_changed":false,"footnotes":""},"product_brand":[],"product_cat":[151,46],"product_tag":[],"class_list":{"0":"post-38868","1":"product","2":"type-product","3":"status-publish","4":"has-post-thumbnail","6":"product_cat-chiens","7":"product_cat-veterinaire","9":"first","10":"outofstock","11":"taxable","12":"shipping-taxable","13":"purchasable","14":"product-type-simple"},"acf":[],"_links":{"self":[{"href":"https:\/\/www.pharmacieonline.lu\/de\/wp-json\/wp\/v2\/product\/38868","targetHints":{"allow":["GET"]}}],"collection":[{"href":"https:\/\/www.pharmacieonline.lu\/de\/wp-json\/wp\/v2\/product"}],"about":[{"href":"https:\/\/www.pharmacieonline.lu\/de\/wp-json\/wp\/v2\/types\/product"}],"version-history":[{"count":0,"href":"https:\/\/www.pharmacieonline.lu\/de\/wp-json\/wp\/v2\/product\/38868\/revisions"}],"wp:featuredmedia":[{"embeddable":true,"href":"https:\/\/www.pharmacieonline.lu\/de\/wp-json\/wp\/v2\/media\/38870"}],"wp:attachment":[{"href":"https:\/\/www.pharmacieonline.lu\/de\/wp-json\/wp\/v2\/media?parent=38868"}],"wp:term":[{"taxonomy":"product_brand","embeddable":true,"href":"https:\/\/www.pharmacieonline.lu\/de\/wp-json\/wp\/v2\/product_brand?post=38868"},{"taxonomy":"product_cat","embeddable":true,"href":"https:\/\/www.pharmacieonline.lu\/de\/wp-json\/wp\/v2\/product_cat?post=38868"},{"taxonomy":"product_tag","embeddable":true,"href":"https:\/\/www.pharmacieonline.lu\/de\/wp-json\/wp\/v2\/product_tag?post=38868"}],"curies":[{"name":"wp","href":"https:\/\/api.w.org\/{rel}","templated":true}]}}