{"id":38884,"date":"2023-09-11T11:27:03","date_gmt":"2023-09-11T09:27:03","guid":{"rendered":"https:\/\/www.pharmacieonline.lu\/?post_type=product&#038;p=38884"},"modified":"2026-04-09T14:25:18","modified_gmt":"2026-04-09T12:25:18","slug":"algisite-m-1010-cm-a-10","status":"publish","type":"product","link":"https:\/\/www.pharmacieonline.lu\/de\/produit\/algisite-m-1010-cm-a-10\/","title":{"rendered":"ALGISITE M 10*10 CM A 10"},"content":{"rendered":"<p>AlgiSite M ist ein steriler Calciumalginat-Verband, der aus Meeresalgenfasern besteht. Dieser Verband bildet bei Kontakt mit einer n\u00e4ssenden Wunde ein Gel, so dass ein feuchtes Milieu entsteht. AlgiSite M wirkt haupts\u00e4chlich durch vertikale Absorption und ist daher weniger f\u00fcr die Mazeration von Wundr\u00e4ndern geeignet.<\/p>\n<p>Oberfl\u00e4chliche oder tiefe Wunden, m\u00e4\u00dfig bis stark n\u00e4ssend, mit h\u00e4morrhagischer Tendenz (Dekubitus, diabetische Bein- und Fu\u00dfgeschw\u00fcre, postoperative Wunden etc.)<\/p>\n<p>AlgiSite M eignet sich zur Behandlung von fibrin\u00f6sen Wunden mit m\u00e4\u00dfiger bis starker Exsudation.<\/p>","protected":false},"excerpt":{"rendered":"<p>AlgiSite M ist ein steriler Calciumalginat-Verband, der aus Meeresalgenfasern besteht. Dieser Verband bildet bei Kontakt mit einer n\u00e4ssenden Wunde ein Gel, so dass ein feuchtes Milieu entsteht. AlgiSite M wirkt haupts\u00e4chlich durch vertikale Absorption und ist daher weniger f\u00fcr die Mazeration von Wundr\u00e4ndern geeignet. Oberfl\u00e4chliche oder tiefe Wunden, m\u00e4\u00dfig bis stark n\u00e4ssend, mit h\u00e4morrhagischer Tendenz [&hellip;]<\/p>\n","protected":false},"featured_media":38888,"template":"","meta":{"_acf_changed":false,"footnotes":""},"product_brand":[],"product_cat":[789,45],"product_tag":[],"class_list":{"0":"post-38884","1":"product","2":"type-product","3":"status-publish","4":"has-post-thumbnail","6":"product_cat-pansements","7":"product_cat-materiel-medical","9":"first","10":"outofstock","11":"taxable","12":"shipping-taxable","13":"purchasable","14":"product-type-simple"},"acf":[],"_links":{"self":[{"href":"https:\/\/www.pharmacieonline.lu\/de\/wp-json\/wp\/v2\/product\/38884","targetHints":{"allow":["GET"]}}],"collection":[{"href":"https:\/\/www.pharmacieonline.lu\/de\/wp-json\/wp\/v2\/product"}],"about":[{"href":"https:\/\/www.pharmacieonline.lu\/de\/wp-json\/wp\/v2\/types\/product"}],"version-history":[{"count":0,"href":"https:\/\/www.pharmacieonline.lu\/de\/wp-json\/wp\/v2\/product\/38884\/revisions"}],"wp:featuredmedia":[{"embeddable":true,"href":"https:\/\/www.pharmacieonline.lu\/de\/wp-json\/wp\/v2\/media\/38888"}],"wp:attachment":[{"href":"https:\/\/www.pharmacieonline.lu\/de\/wp-json\/wp\/v2\/media?parent=38884"}],"wp:term":[{"taxonomy":"product_brand","embeddable":true,"href":"https:\/\/www.pharmacieonline.lu\/de\/wp-json\/wp\/v2\/product_brand?post=38884"},{"taxonomy":"product_cat","embeddable":true,"href":"https:\/\/www.pharmacieonline.lu\/de\/wp-json\/wp\/v2\/product_cat?post=38884"},{"taxonomy":"product_tag","embeddable":true,"href":"https:\/\/www.pharmacieonline.lu\/de\/wp-json\/wp\/v2\/product_tag?post=38884"}],"curies":[{"name":"wp","href":"https:\/\/api.w.org\/{rel}","templated":true}]}}