{"id":38893,"date":"2023-09-11T11:33:01","date_gmt":"2023-09-11T09:33:01","guid":{"rendered":"https:\/\/www.pharmacieonline.lu\/?post_type=product&#038;p=38893"},"modified":"2026-04-09T16:25:27","modified_gmt":"2026-04-09T14:25:27","slug":"algisite-m-meches-230-cm-a-5","status":"publish","type":"product","link":"https:\/\/www.pharmacieonline.lu\/de\/produit\/algisite-m-meches-230-cm-a-5\/","title":{"rendered":"ALGISITE M MECHES 2*30 CM A 5"},"content":{"rendered":"<p>Calciumalginat-Verband<\/p>\n<p>Oberfl\u00e4chliche oder tiefe Wunden, m\u00e4\u00dfig bis stark n\u00e4ssend, mit h\u00e4morrhagischer Tendenz (Dekubitus, diabetische Bein- und Fu\u00dfgeschw\u00fcre, postoperative Wunden usw.)<\/p>\n<p>\u2022 Reines Calciumalginat<\/p>\n<p>\u2022 Sehr hohe Aufnahmekapazit\u00e4t<\/p>\n<p>\u2022 Schnelle Gelierung bei Kontakt mit dem Exsudat<\/p>\n<p>\u2022 Lokale blutstillende Wirkung (leichte Blutung)<\/p>\n<p>\u2022 Atraumatische Entfernung in einem St\u00fcck (ohne R\u00fcckst\u00e4nde)<\/p>\n<p>\u2022 Anpassungsf\u00e4higkeit an die Wundoberfl\u00e4che<\/p>\n<p>\u2022 H\u00e4lt die feuchte Umgebung aufrecht<\/p>\n<p>\u2022 Schneidbar<\/p>\n<p>\u2022 Geschmeidig und weich<\/p>","protected":false},"excerpt":{"rendered":"<p>Calciumalginat-Verband Oberfl\u00e4chliche oder tiefe Wunden, m\u00e4\u00dfig bis stark n\u00e4ssend, mit h\u00e4morrhagischer Tendenz (Dekubitus, diabetische Bein- und Fu\u00dfgeschw\u00fcre, postoperative Wunden usw.) \u2022 Reines Calciumalginat \u2022 Sehr hohe Aufnahmekapazit\u00e4t \u2022 Schnelle Gelierung bei Kontakt mit dem Exsudat \u2022 Lokale blutstillende Wirkung (leichte Blutung) \u2022 Atraumatische Entfernung in einem St\u00fcck (ohne R\u00fcckst\u00e4nde) \u2022 Anpassungsf\u00e4higkeit an die Wundoberfl\u00e4che \u2022 [&hellip;]<\/p>\n","protected":false},"featured_media":38897,"template":"","meta":{"_acf_changed":false,"footnotes":""},"product_brand":[],"product_cat":[789,45],"product_tag":[],"class_list":{"0":"post-38893","1":"product","2":"type-product","3":"status-publish","4":"has-post-thumbnail","6":"product_cat-pansements","7":"product_cat-materiel-medical","9":"first","10":"instock","11":"taxable","12":"shipping-taxable","13":"purchasable","14":"product-type-simple"},"acf":[],"_links":{"self":[{"href":"https:\/\/www.pharmacieonline.lu\/de\/wp-json\/wp\/v2\/product\/38893","targetHints":{"allow":["GET"]}}],"collection":[{"href":"https:\/\/www.pharmacieonline.lu\/de\/wp-json\/wp\/v2\/product"}],"about":[{"href":"https:\/\/www.pharmacieonline.lu\/de\/wp-json\/wp\/v2\/types\/product"}],"version-history":[{"count":0,"href":"https:\/\/www.pharmacieonline.lu\/de\/wp-json\/wp\/v2\/product\/38893\/revisions"}],"wp:featuredmedia":[{"embeddable":true,"href":"https:\/\/www.pharmacieonline.lu\/de\/wp-json\/wp\/v2\/media\/38897"}],"wp:attachment":[{"href":"https:\/\/www.pharmacieonline.lu\/de\/wp-json\/wp\/v2\/media?parent=38893"}],"wp:term":[{"taxonomy":"product_brand","embeddable":true,"href":"https:\/\/www.pharmacieonline.lu\/de\/wp-json\/wp\/v2\/product_brand?post=38893"},{"taxonomy":"product_cat","embeddable":true,"href":"https:\/\/www.pharmacieonline.lu\/de\/wp-json\/wp\/v2\/product_cat?post=38893"},{"taxonomy":"product_tag","embeddable":true,"href":"https:\/\/www.pharmacieonline.lu\/de\/wp-json\/wp\/v2\/product_tag?post=38893"}],"curies":[{"name":"wp","href":"https:\/\/api.w.org\/{rel}","templated":true}]}}