{"id":38896,"date":"2023-09-11T11:34:33","date_gmt":"2023-09-11T09:34:33","guid":{"rendered":"https:\/\/www.pharmacieonline.lu\/?post_type=product&#038;p=38896"},"modified":"2026-04-15T01:55:17","modified_gmt":"2026-04-14T23:55:17","slug":"aromacalm-collier-chat","status":"publish","type":"product","link":"https:\/\/www.pharmacieonline.lu\/de\/produit\/aromacalm-collier-chat\/","title":{"rendered":"AROMACALM COLLIER CHAT"},"content":{"rendered":"<p>&nbsp;<\/p>\n<p>Das Halsband DERMOSCENT AROMACALM\u00ae f\u00fcr Katzen basiert auf den Vorteilen der Phytotherapie und Aromatherapie dank seiner Synergie \u00e4therischer \u00d6le, angereichert mit essentiellen Fetts\u00e4uren pflanzlichen Ursprungs.<\/p>\n<p>Das DERMOSCENT AROMACALM\u00ae Katzenhalsband wird f\u00fcr Tiere mit Hauterkrankungen im Zusammenhang mit Stress oder Allergien empfohlen.<\/p>\n<p>Befestigen Sie dazu einfach das Halsband um den Hals der Katze, passen Sie es an und schneiden Sie den \u00fcbersch\u00fcssigen Teil ab. Das Aromacalm-Halsband sollte alle 4 Wochen erneuert werden. Vor jedem Bad entfernen.<\/p>\n<p>Das DERMOSCENT AROMACALM\u00ae Katzenhalsband misst 35 cm.<\/p>","protected":false},"excerpt":{"rendered":"<p>&nbsp; Das Halsband DERMOSCENT AROMACALM\u00ae f\u00fcr Katzen basiert auf den Vorteilen der Phytotherapie und Aromatherapie dank seiner Synergie \u00e4therischer \u00d6le, angereichert mit essentiellen Fetts\u00e4uren pflanzlichen Ursprungs. Das DERMOSCENT AROMACALM\u00ae Katzenhalsband wird f\u00fcr Tiere mit Hauterkrankungen im Zusammenhang mit Stress oder Allergien empfohlen. Befestigen Sie dazu einfach das Halsband um den Hals der Katze, passen Sie [&hellip;]<\/p>\n","protected":false},"featured_media":38900,"template":"","meta":{"_acf_changed":false,"footnotes":""},"product_brand":[],"product_cat":[150,46],"product_tag":[],"class_list":{"0":"post-38896","1":"product","2":"type-product","3":"status-publish","4":"has-post-thumbnail","6":"product_cat-chats","7":"product_cat-veterinaire","9":"first","10":"outofstock","11":"taxable","12":"shipping-taxable","13":"purchasable","14":"product-type-simple"},"acf":[],"_links":{"self":[{"href":"https:\/\/www.pharmacieonline.lu\/de\/wp-json\/wp\/v2\/product\/38896","targetHints":{"allow":["GET"]}}],"collection":[{"href":"https:\/\/www.pharmacieonline.lu\/de\/wp-json\/wp\/v2\/product"}],"about":[{"href":"https:\/\/www.pharmacieonline.lu\/de\/wp-json\/wp\/v2\/types\/product"}],"version-history":[{"count":0,"href":"https:\/\/www.pharmacieonline.lu\/de\/wp-json\/wp\/v2\/product\/38896\/revisions"}],"wp:featuredmedia":[{"embeddable":true,"href":"https:\/\/www.pharmacieonline.lu\/de\/wp-json\/wp\/v2\/media\/38900"}],"wp:attachment":[{"href":"https:\/\/www.pharmacieonline.lu\/de\/wp-json\/wp\/v2\/media?parent=38896"}],"wp:term":[{"taxonomy":"product_brand","embeddable":true,"href":"https:\/\/www.pharmacieonline.lu\/de\/wp-json\/wp\/v2\/product_brand?post=38896"},{"taxonomy":"product_cat","embeddable":true,"href":"https:\/\/www.pharmacieonline.lu\/de\/wp-json\/wp\/v2\/product_cat?post=38896"},{"taxonomy":"product_tag","embeddable":true,"href":"https:\/\/www.pharmacieonline.lu\/de\/wp-json\/wp\/v2\/product_tag?post=38896"}],"curies":[{"name":"wp","href":"https:\/\/api.w.org\/{rel}","templated":true}]}}