{"id":38924,"date":"2023-09-11T13:13:42","date_gmt":"2023-09-11T11:13:42","guid":{"rendered":"https:\/\/www.pharmacieonline.lu\/?post_type=product&#038;p=38924"},"modified":"2026-04-07T05:55:20","modified_gmt":"2026-04-07T03:55:20","slug":"ascopet-500-g","status":"publish","type":"product","link":"https:\/\/www.pharmacieonline.lu\/de\/produit\/ascopet-500-g\/","title":{"rendered":"ASCOPET 500 G"},"content":{"rendered":"<p>Beschreibung<\/p>\n<p>Ascopet ist ein reines Naturprodukt auf Basis der Algen Ascophyllum nodosum, die in den kalten K\u00fcstengew\u00e4ssern Norwegens geerntet werden. Ascopet ist \u00e4u\u00dferst reich an Vitaminen, Mineralien und Aminos\u00e4uren.<\/p>\n<p>-Naturprodukt auf Basis von Meeresalgen.<br \/>\n-Hilft, Koprophagie zu reduzieren.<br \/>\n&#8211; Tr\u00e4gt zur Verbesserung der Fellqualit\u00e4t bei.<br \/>\n&#8211; Tr\u00e4gt zum Allgemeinzustand bei.<br \/>\n-Unterst\u00fctzt die Darmflora.<br \/>\n-Reich an Vitaminen, Mineralien und Aminos\u00e4uren.<\/p>\n<p>Arbeit<br \/>\nEin Teel\u00f6ffel pro Tag f\u00fcr Welpen und Katzen.<br \/>\nEin Teel\u00f6ffel pro Tag f\u00fcr gro\u00dfe Hunde.<br \/>\nZutaten<\/p>\n<p>Analytische Bestandteile:<\/p>\n<p>Luftfeuchtigkeit: 11,6 %.<br \/>\nRohprotein: 8,3 %.<br \/>\nRohfett: 2,3 %.<br \/>\nRohfaser: 4,1 %.<br \/>\nRohasche: 25,5 %.<\/p>\n<p>Ern\u00e4hrungszus\u00e4tze:<\/p>\n<p>Vitamine<\/p>\n<p>Vitamin B2 Riboflavin 0,6 mg\/kg<br \/>\nVitamin B3 Niacin 8,6 mg\/kg<br \/>\nVitamin B9 Fols\u00e4ure 1,4 mg\/kg<br \/>\nVitamin E RRR-alpha-Tocopherol 75 mg\/kg<br \/>\nMineralien<\/p>\n<p>Kalium 2,3 %<br \/>\nPhosphor 0,12 %<br \/>\nNatrium 3,2 %<br \/>\nKalzium 2,3 %<br \/>\nMagnesium 0,82 %<br \/>\nEisen 567 mg\/kg<br \/>\nMangan 15,8 mg\/kg<br \/>\nKupfer 6,4 mg\/kg<br \/>\nZink 55 mg\/kg<br \/>\nJod 920 mg\/kg<br \/>\nWarnung<\/p>\n<p>Nicht an Tiere mit perforiertem Trommelfell verabreichen.<br \/>\nAu\u00dferhalb der Reichweite von Kindern aufbewahren.<br \/>\nBei Verdacht auf eine Allergie gegen einen der Bestandteile nicht verabreichen.<\/p>","protected":false},"excerpt":{"rendered":"<p>Beschreibung Ascopet ist ein reines Naturprodukt auf Basis der Algen Ascophyllum nodosum, die in den kalten K\u00fcstengew\u00e4ssern Norwegens geerntet werden. Ascopet ist \u00e4u\u00dferst reich an Vitaminen, Mineralien und Aminos\u00e4uren. -Naturprodukt auf Basis von Meeresalgen. -Hilft, Koprophagie zu reduzieren. &#8211; Tr\u00e4gt zur Verbesserung der Fellqualit\u00e4t bei. &#8211; Tr\u00e4gt zum Allgemeinzustand bei. -Unterst\u00fctzt die Darmflora. -Reich an [&hellip;]<\/p>\n","protected":false},"featured_media":38925,"template":"","meta":{"_acf_changed":false,"footnotes":""},"product_brand":[],"product_cat":[151,150,46],"product_tag":[],"class_list":{"0":"post-38924","1":"product","2":"type-product","3":"status-publish","4":"has-post-thumbnail","6":"product_cat-chiens","7":"product_cat-chats","8":"product_cat-veterinaire","10":"first","11":"outofstock","12":"taxable","13":"shipping-taxable","14":"purchasable","15":"product-type-simple"},"acf":[],"_links":{"self":[{"href":"https:\/\/www.pharmacieonline.lu\/de\/wp-json\/wp\/v2\/product\/38924","targetHints":{"allow":["GET"]}}],"collection":[{"href":"https:\/\/www.pharmacieonline.lu\/de\/wp-json\/wp\/v2\/product"}],"about":[{"href":"https:\/\/www.pharmacieonline.lu\/de\/wp-json\/wp\/v2\/types\/product"}],"version-history":[{"count":0,"href":"https:\/\/www.pharmacieonline.lu\/de\/wp-json\/wp\/v2\/product\/38924\/revisions"}],"wp:featuredmedia":[{"embeddable":true,"href":"https:\/\/www.pharmacieonline.lu\/de\/wp-json\/wp\/v2\/media\/38925"}],"wp:attachment":[{"href":"https:\/\/www.pharmacieonline.lu\/de\/wp-json\/wp\/v2\/media?parent=38924"}],"wp:term":[{"taxonomy":"product_brand","embeddable":true,"href":"https:\/\/www.pharmacieonline.lu\/de\/wp-json\/wp\/v2\/product_brand?post=38924"},{"taxonomy":"product_cat","embeddable":true,"href":"https:\/\/www.pharmacieonline.lu\/de\/wp-json\/wp\/v2\/product_cat?post=38924"},{"taxonomy":"product_tag","embeddable":true,"href":"https:\/\/www.pharmacieonline.lu\/de\/wp-json\/wp\/v2\/product_tag?post=38924"}],"curies":[{"name":"wp","href":"https:\/\/api.w.org\/{rel}","templated":true}]}}