{"id":38958,"date":"2023-09-11T15:02:17","date_gmt":"2023-09-11T13:02:17","guid":{"rendered":"https:\/\/www.pharmacieonline.lu\/?post_type=product&#038;p=38958"},"modified":"2026-04-28T10:25:18","modified_gmt":"2026-04-28T08:25:18","slug":"aromaflor-bio-bardane-40g","status":"publish","type":"product","link":"https:\/\/www.pharmacieonline.lu\/de\/produit\/aromaflor-bio-bardane-40g\/","title":{"rendered":"AROMAFLOR BIO BARDANE 40G"},"content":{"rendered":"<p>Klette, eine in Frankreich weit verbreitete Pflanze, tr\u00e4gt insbesondere dank ihrer antibakteriellen Eigenschaften zur Reinigung der Haut bei. Es wird nicht nur bei Hauterkrankungen eingesetzt, sondern aufgrund seiner entschlackenden und entw\u00e4ssernden Eigenschaften auch zur Ausleitung von Giftstoffen aus dem K\u00f6rper in der Leber und bei den K\u00f6niginnen.<\/p>","protected":false},"excerpt":{"rendered":"<p>Klette, eine in Frankreich weit verbreitete Pflanze, tr\u00e4gt insbesondere dank ihrer antibakteriellen Eigenschaften zur Reinigung der Haut bei. Es wird nicht nur bei Hauterkrankungen eingesetzt, sondern aufgrund seiner entschlackenden und entw\u00e4ssernden Eigenschaften auch zur Ausleitung von Giftstoffen aus dem K\u00f6rper in der Leber und bei den K\u00f6niginnen.<\/p>\n","protected":false},"featured_media":38961,"template":"","meta":{"_acf_changed":false,"footnotes":""},"product_brand":[],"product_cat":[1041],"product_tag":[],"class_list":{"0":"post-38958","1":"product","2":"type-product","3":"status-publish","4":"has-post-thumbnail","6":"product_cat-tisanes","8":"first","9":"instock","10":"taxable","11":"shipping-taxable","12":"purchasable","13":"product-type-simple"},"acf":[],"_links":{"self":[{"href":"https:\/\/www.pharmacieonline.lu\/de\/wp-json\/wp\/v2\/product\/38958","targetHints":{"allow":["GET"]}}],"collection":[{"href":"https:\/\/www.pharmacieonline.lu\/de\/wp-json\/wp\/v2\/product"}],"about":[{"href":"https:\/\/www.pharmacieonline.lu\/de\/wp-json\/wp\/v2\/types\/product"}],"version-history":[{"count":0,"href":"https:\/\/www.pharmacieonline.lu\/de\/wp-json\/wp\/v2\/product\/38958\/revisions"}],"wp:featuredmedia":[{"embeddable":true,"href":"https:\/\/www.pharmacieonline.lu\/de\/wp-json\/wp\/v2\/media\/38961"}],"wp:attachment":[{"href":"https:\/\/www.pharmacieonline.lu\/de\/wp-json\/wp\/v2\/media?parent=38958"}],"wp:term":[{"taxonomy":"product_brand","embeddable":true,"href":"https:\/\/www.pharmacieonline.lu\/de\/wp-json\/wp\/v2\/product_brand?post=38958"},{"taxonomy":"product_cat","embeddable":true,"href":"https:\/\/www.pharmacieonline.lu\/de\/wp-json\/wp\/v2\/product_cat?post=38958"},{"taxonomy":"product_tag","embeddable":true,"href":"https:\/\/www.pharmacieonline.lu\/de\/wp-json\/wp\/v2\/product_tag?post=38958"}],"curies":[{"name":"wp","href":"https:\/\/api.w.org\/{rel}","templated":true}]}}