{"id":38987,"date":"2023-09-11T15:21:37","date_gmt":"2023-09-11T13:21:37","guid":{"rendered":"https:\/\/www.pharmacieonline.lu\/?post_type=product&#038;p=38987"},"modified":"2026-04-04T17:55:17","modified_gmt":"2026-04-04T15:55:17","slug":"aromaflor-bio-fenugrec-semences-100-g","status":"publish","type":"product","link":"https:\/\/www.pharmacieonline.lu\/de\/produit\/aromaflor-bio-fenugrec-semences-100-g\/","title":{"rendered":"AROMAFLOR BIO FENUGREC SEMENCES 100 G"},"content":{"rendered":"<p>Zubereitungstipps:<\/p>\n<p>Infusion:<\/p>\n<p>F\u00fcr Bl\u00fcten, Bl\u00e4tter, Beeren und Samen 3 bis 5 g pro \u00bd l Wasser \u00b1 10 Minuten ziehen lassen.<\/p>\n<p>Dekokt:<\/p>\n<p>F\u00fcr die Wurzeln 5 bis 8 g pro 1\/2 l Wasser, um es \u00b1 20 Minuten lang kochen zu lassen.<\/p>\n<p>Um die Reinheit der Aromaflor-Pflanzen optimal zu nutzen, verwenden Sie bei Ihren Zubereitungen immer Mineralwasser.<\/p>\n<p>Erhaltung:<\/p>\n<p>Vor Hitze und Feuchtigkeit gesch\u00fctzt.<\/p>","protected":false},"excerpt":{"rendered":"<p>Zubereitungstipps: Infusion: F\u00fcr Bl\u00fcten, Bl\u00e4tter, Beeren und Samen 3 bis 5 g pro \u00bd l Wasser \u00b1 10 Minuten ziehen lassen. Dekokt: F\u00fcr die Wurzeln 5 bis 8 g pro 1\/2 l Wasser, um es \u00b1 20 Minuten lang kochen zu lassen. Um die Reinheit der Aromaflor-Pflanzen optimal zu nutzen, verwenden Sie bei Ihren Zubereitungen [&hellip;]<\/p>\n","protected":false},"featured_media":38988,"template":"","meta":{"_acf_changed":false,"footnotes":""},"product_brand":[],"product_cat":[1041],"product_tag":[],"class_list":{"0":"post-38987","1":"product","2":"type-product","3":"status-publish","4":"has-post-thumbnail","6":"product_cat-tisanes","8":"first","9":"outofstock","10":"taxable","11":"shipping-taxable","12":"purchasable","13":"product-type-simple"},"acf":[],"_links":{"self":[{"href":"https:\/\/www.pharmacieonline.lu\/de\/wp-json\/wp\/v2\/product\/38987","targetHints":{"allow":["GET"]}}],"collection":[{"href":"https:\/\/www.pharmacieonline.lu\/de\/wp-json\/wp\/v2\/product"}],"about":[{"href":"https:\/\/www.pharmacieonline.lu\/de\/wp-json\/wp\/v2\/types\/product"}],"version-history":[{"count":0,"href":"https:\/\/www.pharmacieonline.lu\/de\/wp-json\/wp\/v2\/product\/38987\/revisions"}],"wp:featuredmedia":[{"embeddable":true,"href":"https:\/\/www.pharmacieonline.lu\/de\/wp-json\/wp\/v2\/media\/38988"}],"wp:attachment":[{"href":"https:\/\/www.pharmacieonline.lu\/de\/wp-json\/wp\/v2\/media?parent=38987"}],"wp:term":[{"taxonomy":"product_brand","embeddable":true,"href":"https:\/\/www.pharmacieonline.lu\/de\/wp-json\/wp\/v2\/product_brand?post=38987"},{"taxonomy":"product_cat","embeddable":true,"href":"https:\/\/www.pharmacieonline.lu\/de\/wp-json\/wp\/v2\/product_cat?post=38987"},{"taxonomy":"product_tag","embeddable":true,"href":"https:\/\/www.pharmacieonline.lu\/de\/wp-json\/wp\/v2\/product_tag?post=38987"}],"curies":[{"name":"wp","href":"https:\/\/api.w.org\/{rel}","templated":true}]}}