{"id":39003,"date":"2023-09-11T15:32:44","date_gmt":"2023-09-11T13:32:44","guid":{"rendered":"https:\/\/www.pharmacieonline.lu\/?post_type=product&#038;p=39003"},"modified":"2026-04-12T12:25:22","modified_gmt":"2026-04-12T10:25:22","slug":"aromaflor-bio-romarin-feuille-80g","status":"publish","type":"product","link":"https:\/\/www.pharmacieonline.lu\/de\/produit\/aromaflor-bio-romarin-feuille-80g\/","title":{"rendered":"AROMAFLOR BIO ROMARIN FEUILLE 80G"},"content":{"rendered":"<p>Eigenschaften<br \/>\nNahrungserg\u00e4nzungsmittel, das zur ordnungsgem\u00e4\u00dfen Funktion der Leber beitr\u00e4gt.<\/p>\n<p>Handbuch<br \/>\nAufguss: 3 bis 5 g pro 1\/2 l Wasser 10 Minuten lang ziehen lassen.<br \/>\nAbkochung: 5 bis 8 g pro 1\/2 l Wasser 20 Minuten kochen lassen.<br \/>\nAnwendungstipps<br \/>\nEs wird empfohlen, f\u00fcr Ihre Zubereitungen Mineralwasser zu verwenden.<br \/>\nVor Hitze und Feuchtigkeit gesch\u00fctzt lagern.<\/p>","protected":false},"excerpt":{"rendered":"<p>Eigenschaften Nahrungserg\u00e4nzungsmittel, das zur ordnungsgem\u00e4\u00dfen Funktion der Leber beitr\u00e4gt. Handbuch Aufguss: 3 bis 5 g pro 1\/2 l Wasser 10 Minuten lang ziehen lassen. Abkochung: 5 bis 8 g pro 1\/2 l Wasser 20 Minuten kochen lassen. Anwendungstipps Es wird empfohlen, f\u00fcr Ihre Zubereitungen Mineralwasser zu verwenden. Vor Hitze und Feuchtigkeit gesch\u00fctzt lagern.<\/p>\n","protected":false},"featured_media":39007,"template":"","meta":{"_acf_changed":false,"footnotes":""},"product_brand":[],"product_cat":[1041],"product_tag":[],"class_list":{"0":"post-39003","1":"product","2":"type-product","3":"status-publish","4":"has-post-thumbnail","6":"product_cat-tisanes","8":"first","9":"instock","10":"taxable","11":"shipping-taxable","12":"purchasable","13":"product-type-simple"},"acf":[],"_links":{"self":[{"href":"https:\/\/www.pharmacieonline.lu\/de\/wp-json\/wp\/v2\/product\/39003","targetHints":{"allow":["GET"]}}],"collection":[{"href":"https:\/\/www.pharmacieonline.lu\/de\/wp-json\/wp\/v2\/product"}],"about":[{"href":"https:\/\/www.pharmacieonline.lu\/de\/wp-json\/wp\/v2\/types\/product"}],"version-history":[{"count":0,"href":"https:\/\/www.pharmacieonline.lu\/de\/wp-json\/wp\/v2\/product\/39003\/revisions"}],"wp:featuredmedia":[{"embeddable":true,"href":"https:\/\/www.pharmacieonline.lu\/de\/wp-json\/wp\/v2\/media\/39007"}],"wp:attachment":[{"href":"https:\/\/www.pharmacieonline.lu\/de\/wp-json\/wp\/v2\/media?parent=39003"}],"wp:term":[{"taxonomy":"product_brand","embeddable":true,"href":"https:\/\/www.pharmacieonline.lu\/de\/wp-json\/wp\/v2\/product_brand?post=39003"},{"taxonomy":"product_cat","embeddable":true,"href":"https:\/\/www.pharmacieonline.lu\/de\/wp-json\/wp\/v2\/product_cat?post=39003"},{"taxonomy":"product_tag","embeddable":true,"href":"https:\/\/www.pharmacieonline.lu\/de\/wp-json\/wp\/v2\/product_tag?post=39003"}],"curies":[{"name":"wp","href":"https:\/\/api.w.org\/{rel}","templated":true}]}}