{"id":39022,"date":"2023-09-11T16:21:44","date_gmt":"2023-09-11T14:21:44","guid":{"rendered":"https:\/\/www.pharmacieonline.lu\/?post_type=product&#038;p=39022"},"modified":"2026-04-09T22:25:37","modified_gmt":"2026-04-09T20:25:37","slug":"allpremed-atopix-basis-sens-sch-cr-200ml","status":"publish","type":"product","link":"https:\/\/www.pharmacieonline.lu\/de\/produit\/allpremed-atopix-basis-sens-sch-cr-200ml\/","title":{"rendered":"ALLPREMED ATOPIX BASIS SENS SCH-CR 200ML"},"content":{"rendered":"<p>Allpremed\u00a0atopix BASIC CARE Lipid-Schaum-Creme wurde f\u00fcr die t\u00e4gliche Pflege gereizter, juckender und trockener Haut, insbesondere f\u00fcr die t\u00e4gliche Pflege bei Neurodermitis, entwickelt. Trockene Haut wird intensiv mit Lipiden und Feuchtigkeit versorgt, die Hautbarriere wird repariert und die nat\u00fcrliche Hautregeneration angekurbelt. Durch den Verzicht auf k\u00fcnstliche Duft-, Farb- und Konservierungsstoffe ist die Schaumcreme besonders gut vertr\u00e4glich. Zu den Inhaltsstoffen unserer Lipid-Schaumcreme auf Basis der patentierten BarrioExpert LIPO2 Skin Repair Technology geh\u00f6ren hautverwandte Lipide, die nachweislich in die gesch\u00e4digte Hautbarriere passen und so zur Reparatur der gesch\u00e4digten Barriere atopischer Haut beitragen.<\/p>\n<p>Medizinische Hautpflege bei Neurodermitis<br \/>\nZur t\u00e4glichen Pflege gereizter, juckender und trockener Haut<br \/>\nTrockene Haut wird intensiv mit Lipiden und Feuchtigkeit versorgt<br \/>\nRepariert die Hautbarriere und f\u00f6rdert die Hautregeneration<br \/>\nErzeugt ein atmungsaktives Netz auf der Haut, ohne die nat\u00fcrlichen Funktionen der Haut zu beeintr\u00e4chtigen<br \/>\nZieht schnell ein. Die Kleidung kann sofort nach Gebrauch angezogen werden<br \/>\nKeine k\u00fcnstlichen Duft-, Farb- oder Konservierungsstoffe<\/p>","protected":false},"excerpt":{"rendered":"<p>Allpremed\u00a0atopix BASIC CARE Lipid-Schaum-Creme wurde f\u00fcr die t\u00e4gliche Pflege gereizter, juckender und trockener Haut, insbesondere f\u00fcr die t\u00e4gliche Pflege bei Neurodermitis, entwickelt. Trockene Haut wird intensiv mit Lipiden und Feuchtigkeit versorgt, die Hautbarriere wird repariert und die nat\u00fcrliche Hautregeneration angekurbelt. Durch den Verzicht auf k\u00fcnstliche Duft-, Farb- und Konservierungsstoffe ist die Schaumcreme besonders gut vertr\u00e4glich. [&hellip;]<\/p>\n","protected":false},"featured_media":39023,"template":"","meta":{"_acf_changed":false,"footnotes":""},"product_brand":[],"product_cat":[56],"product_tag":[],"class_list":{"0":"post-39022","1":"product","2":"type-product","3":"status-publish","4":"has-post-thumbnail","6":"product_cat-soins-du-corps","8":"first","9":"outofstock","10":"taxable","11":"shipping-taxable","12":"purchasable","13":"product-type-simple"},"acf":[],"_links":{"self":[{"href":"https:\/\/www.pharmacieonline.lu\/de\/wp-json\/wp\/v2\/product\/39022","targetHints":{"allow":["GET"]}}],"collection":[{"href":"https:\/\/www.pharmacieonline.lu\/de\/wp-json\/wp\/v2\/product"}],"about":[{"href":"https:\/\/www.pharmacieonline.lu\/de\/wp-json\/wp\/v2\/types\/product"}],"version-history":[{"count":0,"href":"https:\/\/www.pharmacieonline.lu\/de\/wp-json\/wp\/v2\/product\/39022\/revisions"}],"wp:featuredmedia":[{"embeddable":true,"href":"https:\/\/www.pharmacieonline.lu\/de\/wp-json\/wp\/v2\/media\/39023"}],"wp:attachment":[{"href":"https:\/\/www.pharmacieonline.lu\/de\/wp-json\/wp\/v2\/media?parent=39022"}],"wp:term":[{"taxonomy":"product_brand","embeddable":true,"href":"https:\/\/www.pharmacieonline.lu\/de\/wp-json\/wp\/v2\/product_brand?post=39022"},{"taxonomy":"product_cat","embeddable":true,"href":"https:\/\/www.pharmacieonline.lu\/de\/wp-json\/wp\/v2\/product_cat?post=39022"},{"taxonomy":"product_tag","embeddable":true,"href":"https:\/\/www.pharmacieonline.lu\/de\/wp-json\/wp\/v2\/product_tag?post=39022"}],"curies":[{"name":"wp","href":"https:\/\/api.w.org\/{rel}","templated":true}]}}