{"id":39045,"date":"2023-09-11T16:52:33","date_gmt":"2023-09-11T14:52:33","guid":{"rendered":"https:\/\/www.pharmacieonline.lu\/?post_type=product&#038;p=39045"},"modified":"2026-04-07T11:55:14","modified_gmt":"2026-04-07T09:55:14","slug":"avene-antirougeurs-calm-masque-50-ml","status":"publish","type":"product","link":"https:\/\/www.pharmacieonline.lu\/de\/produit\/avene-antirougeurs-calm-masque-50-ml\/","title":{"rendered":"AVENE ANTIROUGEURS CALM MASQUE 50 ML"},"content":{"rendered":"<p>Allgemeine Beschreibung<br \/>\nDiese Maske bietet eine sch\u00fctzende Wirkung auf die Hautoberfl\u00e4che f\u00fcr mehr Komfort und Leichtigkeit. Beim Kontakt mit der Haut sorgt die sich entwickelnde Textur f\u00fcr ein intensives Fra\u00eecheur-Gef\u00fchl. Diese Anti-Rouge-Maske mit Gel-Textur ist reich an Av\u00e8ne-Thermalwasser und enth\u00e4lt Hesp\u00e9ridinmethylchalcon, einen Wirkstoff, der die Mikrozirkulation der Haut f\u00f6rdert. Das aktive TRP-Regulin\u2122 verringert das Unbehagen und verst\u00e4rkt die Schmerzlinderung. Die Rougeurs sind nicht sichtbar.<\/p>\n<p>Indikation<br \/>\nAntirougeurs CALM Die Anti-Rougeurs-Maske ist speziell f\u00fcr alle empfindlichen Hauttypen mit Rougeurs geeignet.<\/p>\n<p>Verwendung<br \/>\nAuf das Gesicht auftragen und auf dem Sofa auftragen. 10 Minuten ruhen lassen. Ziehen Sie die Delikatesse mit der Hilfe eines Mouchoirs ab. Termine en pulv\u00e9risant a fine brume d&#8217;Eau Thermale d&#8217;Av\u00e8ne apaisante.<\/p>\n<p>Komposition<br \/>\nAVENE THERMALWASSER (AVENE AQUA). OCTYLDODECANOL. GLYCERIN. 1,2-HEXANDIOL. 4-T-BUTYLCYCLOHEXANOL. ACRYLATE\/C10-30 ALKYLACRYLAT-KREUZPOLYMER. BHT. BLAU 1 (CI 42090). CAPRYLYL GLYKOL. Dinatrium-EDTA. HESPERIDIN-METHYLKALKON. METHYLDIHYDROJASMONAT. PONGAMIA GLABRA-SAMEN\u00d6L. NATRIUMHYDROXID. TOCOPHERYLACETAT. TROPOLONE. WASSER (AQUA)<\/p>\n<p>Eigentum<br \/>\n\u2022 ANTI-ROUGEURS: Das TRP-Regulin\u2122 verringert die Hautreaktivit\u00e4t.\u2022 HYDRATANT: Verleiht der Hautoberfl\u00e4che eine sch\u00fctzende Wirkung.<\/p>","protected":false},"excerpt":{"rendered":"<p>Allgemeine Beschreibung Diese Maske bietet eine sch\u00fctzende Wirkung auf die Hautoberfl\u00e4che f\u00fcr mehr Komfort und Leichtigkeit. Beim Kontakt mit der Haut sorgt die sich entwickelnde Textur f\u00fcr ein intensives Fra\u00eecheur-Gef\u00fchl. Diese Anti-Rouge-Maske mit Gel-Textur ist reich an Av\u00e8ne-Thermalwasser und enth\u00e4lt Hesp\u00e9ridinmethylchalcon, einen Wirkstoff, der die Mikrozirkulation der Haut f\u00f6rdert. Das aktive TRP-Regulin\u2122 verringert das Unbehagen [&hellip;]<\/p>\n","protected":false},"featured_media":39050,"template":"","meta":{"_acf_changed":false,"footnotes":""},"product_brand":[],"product_cat":[47,42,54],"product_tag":[],"class_list":{"0":"post-39045","1":"product","2":"type-product","3":"status-publish","4":"has-post-thumbnail","6":"product_cat-dermocosmetique","7":"product_cat-para-pharmacie","8":"product_cat-soins-du-visage","10":"first","11":"outofstock","12":"taxable","13":"shipping-taxable","14":"purchasable","15":"product-type-simple"},"acf":[],"_links":{"self":[{"href":"https:\/\/www.pharmacieonline.lu\/de\/wp-json\/wp\/v2\/product\/39045","targetHints":{"allow":["GET"]}}],"collection":[{"href":"https:\/\/www.pharmacieonline.lu\/de\/wp-json\/wp\/v2\/product"}],"about":[{"href":"https:\/\/www.pharmacieonline.lu\/de\/wp-json\/wp\/v2\/types\/product"}],"version-history":[{"count":0,"href":"https:\/\/www.pharmacieonline.lu\/de\/wp-json\/wp\/v2\/product\/39045\/revisions"}],"wp:featuredmedia":[{"embeddable":true,"href":"https:\/\/www.pharmacieonline.lu\/de\/wp-json\/wp\/v2\/media\/39050"}],"wp:attachment":[{"href":"https:\/\/www.pharmacieonline.lu\/de\/wp-json\/wp\/v2\/media?parent=39045"}],"wp:term":[{"taxonomy":"product_brand","embeddable":true,"href":"https:\/\/www.pharmacieonline.lu\/de\/wp-json\/wp\/v2\/product_brand?post=39045"},{"taxonomy":"product_cat","embeddable":true,"href":"https:\/\/www.pharmacieonline.lu\/de\/wp-json\/wp\/v2\/product_cat?post=39045"},{"taxonomy":"product_tag","embeddable":true,"href":"https:\/\/www.pharmacieonline.lu\/de\/wp-json\/wp\/v2\/product_tag?post=39045"}],"curies":[{"name":"wp","href":"https:\/\/api.w.org\/{rel}","templated":true}]}}