{"id":39061,"date":"2023-09-11T17:00:20","date_gmt":"2023-09-11T15:00:20","guid":{"rendered":"https:\/\/www.pharmacieonline.lu\/?post_type=product&#038;p=39061"},"modified":"2026-04-10T00:25:35","modified_gmt":"2026-04-09T22:25:35","slug":"avene-cleanance-masque-gommage-50ml","status":"publish","type":"product","link":"https:\/\/www.pharmacieonline.lu\/de\/produit\/avene-cleanance-masque-gommage-50ml\/","title":{"rendered":"AVENE CLEANANCE MASQUE GOMMAGE 50ML"},"content":{"rendered":"<p>Allgemeine Beschreibung<br \/>\nDiese 2-in-1-Maske basiert auf wei\u00dfer Tonerde (Kaolin) und reinigt sanft, absorbiert \u00fcbersch\u00fcssigen Talg, befreit die Haut von Verstopfungen und schont gleichzeitig fettige Haut mit Unreinheiten. Eine erg\u00e4nzende Behandlung zu allen Cleanance-Behandlungen (Cleanance Comedomed oder Cleanance Mattierungsbehandlung) \u2013 1 bis 2 Mal pro Woche anzuwenden. Cleanance MASK Die Peeling-Maske reinigt die Haut und verfeinert die Poren.<\/p>\n<p>Indikation<br \/>\nErg\u00e4nzende 2-in-1-Absorptions- und Peeling-Behandlung, die speziell f\u00fcr fettige Haut mit Unreinheiten entwickelt wurde. Entfernt Unreinheiten und mattiert die Haut, um sie klarer und glatter zu machen.<\/p>\n<p>Verwenden<br \/>\n1 bis 2 Mal w\u00f6chentlich auf das gesamte Gesicht auf die trockene Haut auftragen und 5 Minuten einwirken lassen. Gesicht anfeuchten und mit leichten kreisenden Bewegungen einmassieren. Gr\u00fcndlich aussp\u00fclen und dann trocknen. F\u00fcr noch mehr Geschmeidigkeit k\u00f6nnen Sie zum Abschluss einen Spr\u00fchsto\u00df Av\u00e8ne-Thermalwasser auftragen.<\/p>\n<p>Komposition<br \/>\nAVENE THERMALWASSER (AVENE AQUA). KAOLIN. CETEARYLALKOHOL. TRIETHYLHEXANOIN. GLYCERYLSTEARAT. GLYKOLS\u00c4URE. NATRIUMHYDROXID. WASSER (AQUA). CETEARETH-33. ZELLULOSE. CAPRYL-\/CAPRIC-GLYCERIDE. TITANDIOXID (CI 77891). Zinkgluconat. BISABOLOL. CETRIMONIUMBROMID. DUFT (PARF\u00dcM). GLYCERYLLAURAT. MIKROKRISTALLINE CELLULOSE. PYRIDOXIN HCL. SALICYLS\u00c4URE. NATRIUMCHLORID. XANTHANGUMMI<\/p>\n<p>Eigenschaften<br \/>\n\u2022 DESCRUSTANT: Schont fettige Haut mit Unreinheiten. \u2022 MATTIEREND: Es absorbiert \u00fcbersch\u00fcssigen Talg. \u2022 BERUHIGEND: Dank der Eigenschaften des Av\u00e8ne-Thermalwassers.<\/p>","protected":false},"excerpt":{"rendered":"<p>Allgemeine Beschreibung Diese 2-in-1-Maske basiert auf wei\u00dfer Tonerde (Kaolin) und reinigt sanft, absorbiert \u00fcbersch\u00fcssigen Talg, befreit die Haut von Verstopfungen und schont gleichzeitig fettige Haut mit Unreinheiten. Eine erg\u00e4nzende Behandlung zu allen Cleanance-Behandlungen (Cleanance Comedomed oder Cleanance Mattierungsbehandlung) \u2013 1 bis 2 Mal pro Woche anzuwenden. Cleanance MASK Die Peeling-Maske reinigt die Haut und verfeinert [&hellip;]<\/p>\n","protected":false},"featured_media":39064,"template":"","meta":{"_acf_changed":false,"footnotes":""},"product_brand":[],"product_cat":[47,42,54],"product_tag":[],"class_list":{"0":"post-39061","1":"product","2":"type-product","3":"status-publish","4":"has-post-thumbnail","6":"product_cat-dermocosmetique","7":"product_cat-para-pharmacie","8":"product_cat-soins-du-visage","10":"first","11":"outofstock","12":"taxable","13":"shipping-taxable","14":"purchasable","15":"product-type-simple"},"acf":[],"_links":{"self":[{"href":"https:\/\/www.pharmacieonline.lu\/de\/wp-json\/wp\/v2\/product\/39061","targetHints":{"allow":["GET"]}}],"collection":[{"href":"https:\/\/www.pharmacieonline.lu\/de\/wp-json\/wp\/v2\/product"}],"about":[{"href":"https:\/\/www.pharmacieonline.lu\/de\/wp-json\/wp\/v2\/types\/product"}],"version-history":[{"count":0,"href":"https:\/\/www.pharmacieonline.lu\/de\/wp-json\/wp\/v2\/product\/39061\/revisions"}],"wp:featuredmedia":[{"embeddable":true,"href":"https:\/\/www.pharmacieonline.lu\/de\/wp-json\/wp\/v2\/media\/39064"}],"wp:attachment":[{"href":"https:\/\/www.pharmacieonline.lu\/de\/wp-json\/wp\/v2\/media?parent=39061"}],"wp:term":[{"taxonomy":"product_brand","embeddable":true,"href":"https:\/\/www.pharmacieonline.lu\/de\/wp-json\/wp\/v2\/product_brand?post=39061"},{"taxonomy":"product_cat","embeddable":true,"href":"https:\/\/www.pharmacieonline.lu\/de\/wp-json\/wp\/v2\/product_cat?post=39061"},{"taxonomy":"product_tag","embeddable":true,"href":"https:\/\/www.pharmacieonline.lu\/de\/wp-json\/wp\/v2\/product_tag?post=39061"}],"curies":[{"name":"wp","href":"https:\/\/api.w.org\/{rel}","templated":true}]}}