{"id":39062,"date":"2023-09-11T17:00:29","date_gmt":"2023-09-11T15:00:29","guid":{"rendered":"https:\/\/www.pharmacieonline.lu\/?post_type=product&#038;p=39062"},"modified":"2026-04-28T16:25:15","modified_gmt":"2026-04-28T14:25:15","slug":"allpresan-4-pedi-hornhautred-creme-40-ml","status":"publish","type":"product","link":"https:\/\/www.pharmacieonline.lu\/de\/produit\/allpresan-4-pedi-hornhautred-creme-40-ml\/","title":{"rendered":"ALLPRESAN 4 PEDI HORNHAUTRED CREME 40 ML"},"content":{"rendered":"<p>Hornhaut bildet sich \u00fcberall dort, wo die Haut besonders beansprucht wird \u2013 besonders an den Fu\u00dfsohlen. \u00dcberm\u00e4\u00dfige Hornhaut-Bildung kann zum Problem werden, wenn die unelastische Hornhaut rei\u00dft und sich Rhagaden und Schrunden bilden. Diese werden leicht zum Einfallstor f\u00fcr infekti\u00f6se Bakterien und Keime. Die Hornhautreduzier-Creme mit 18% Urea und Allantoin ist optimal abgestimmt auf die Bed\u00fcrfnisse stark verhornter und rissiger Haut an den F\u00fc\u00dfen. Die Spezialpflege mit Applikatorschw\u00e4mmchen eignet sich perfekt f\u00fcr ein zielgenaues Auftragen auf die stark verhornten Hautareale. Die Hornhaut wird effektiv erweicht, reduziert und die Haut gegl\u00e4ttet.<\/p>\n<ul>\n<li>Spezialpflege f\u00fcr besonders hartn\u00e4ckige Hornhaut mit 18% Urea &amp; Allantoin<\/li>\n<li>1 bis 2 mal t\u00e4glich auf die betroffenen und gereinigten Stellen auftragen<\/li>\n<li>Spendet Feuchtigkeit und gl\u00e4ttet die Hautoberfl\u00e4che<\/li>\n<li>Vegan, (lt. Gesetz) ohne Tierversuche, Made in Germany<\/li>\n<\/ul>\n<p><\/p>","protected":false},"excerpt":{"rendered":"<p>Hornhaut bildet sich \u00fcberall dort, wo die Haut besonders beansprucht wird \u2013 besonders an den Fu\u00dfsohlen. \u00dcberm\u00e4\u00dfige Hornhaut-Bildung kann zum Problem werden, wenn die unelastische Hornhaut rei\u00dft und sich Rhagaden und Schrunden bilden. Diese werden leicht zum Einfallstor f\u00fcr infekti\u00f6se Bakterien und Keime. Die Hornhautreduzier-Creme mit 18% Urea und Allantoin ist optimal abgestimmt auf die [&hellip;]<\/p>\n","protected":false},"featured_media":39066,"template":"","meta":{"_acf_changed":false,"footnotes":""},"product_brand":[],"product_cat":[765],"product_tag":[],"class_list":{"0":"post-39062","1":"product","2":"type-product","3":"status-publish","4":"has-post-thumbnail","6":"product_cat-soins-pieds","8":"first","9":"instock","10":"taxable","11":"shipping-taxable","12":"purchasable","13":"product-type-simple"},"acf":[],"_links":{"self":[{"href":"https:\/\/www.pharmacieonline.lu\/de\/wp-json\/wp\/v2\/product\/39062","targetHints":{"allow":["GET"]}}],"collection":[{"href":"https:\/\/www.pharmacieonline.lu\/de\/wp-json\/wp\/v2\/product"}],"about":[{"href":"https:\/\/www.pharmacieonline.lu\/de\/wp-json\/wp\/v2\/types\/product"}],"version-history":[{"count":0,"href":"https:\/\/www.pharmacieonline.lu\/de\/wp-json\/wp\/v2\/product\/39062\/revisions"}],"wp:featuredmedia":[{"embeddable":true,"href":"https:\/\/www.pharmacieonline.lu\/de\/wp-json\/wp\/v2\/media\/39066"}],"wp:attachment":[{"href":"https:\/\/www.pharmacieonline.lu\/de\/wp-json\/wp\/v2\/media?parent=39062"}],"wp:term":[{"taxonomy":"product_brand","embeddable":true,"href":"https:\/\/www.pharmacieonline.lu\/de\/wp-json\/wp\/v2\/product_brand?post=39062"},{"taxonomy":"product_cat","embeddable":true,"href":"https:\/\/www.pharmacieonline.lu\/de\/wp-json\/wp\/v2\/product_cat?post=39062"},{"taxonomy":"product_tag","embeddable":true,"href":"https:\/\/www.pharmacieonline.lu\/de\/wp-json\/wp\/v2\/product_tag?post=39062"}],"curies":[{"name":"wp","href":"https:\/\/api.w.org\/{rel}","templated":true}]}}