{"id":39105,"date":"2023-09-11T17:21:31","date_gmt":"2023-09-11T15:21:31","guid":{"rendered":"https:\/\/www.pharmacieonline.lu\/?post_type=product&#038;p=39105"},"modified":"2026-04-07T11:55:13","modified_gmt":"2026-04-07T09:55:13","slug":"avene-dermabsolu-serum-30-ml","status":"publish","type":"product","link":"https:\/\/www.pharmacieonline.lu\/de\/produit\/avene-dermabsolu-serum-30-ml\/","title":{"rendered":"AVENE DERMABSOLU SERUM 30 ML"},"content":{"rendered":"<p>Allgemeine Beschreibung<br \/>\nEine hochkonzentrierte \u201eSerum-in-\u00d6l\u201c-Behandlung mit Wirkstoffen f\u00fcr eine verdichtete, gestraffte Haut und ein sichtbar neu gestaltetes Gesichtsoval.<\/p>\n<p>Indikation<br \/>\nDas DermAbsolu Fundamental Serum richtet sich an Frauen mit empfindlicher Haut, die Komfort suchen und schlaffer Haut und Dichteverlust entgegenwirken m\u00f6chten.<\/p>\n<p>Verwenden<br \/>\nTragen Sie morgens und\/oder abends ein paar Tropfen Serum auf und massieren Sie es mit kleinen kreisenden Bewegungen ein.<\/p>\n<p>Komposition<br \/>\nAVENE THERMALWASSER (AVENE AQUA). CAPRYL-\/CAPRIC-TRIGLYCERID. GLYCERIN. METHYLGLUCETH-20. COCO-CAPRYLAT\/CAPRAT. DIMETHICONE. BAKUCHIOL. GLYCERYLLINOLEAT. SIMMONDSIA CHINENSIS (JOJOBA)-SAMEN\u00d6L (SIMMONDSIA CHINENSIS-SAMEN\u00d6L). 1,2-HEXANDIOL. CAPRYLYL GLYKOL. CETYLALKOHOL. DUFT (PARF\u00dcM). GLYCERYLINOLENAT. GLYCERYLOLEAT. GLYCERYLPALMITAT. GLYCERYLSTEARAT. GLYCIN-SOJA-\u00d6L. HELIANTHUS ANNUUS (SONNENBLUMEN)-SAMEN\u00d6L (HELIANTHUS ANNUUS SEED OIL). Hydriertes Polyisobuten. HYDRIERTES ST\u00c4RKEHYDROLYSAT. HYDROXYETHYL ACRYLAT\/NATRIUMACRYLOYLDIMETHYLTAURAT-COPOLYMER. MILCHS\u00c4URE. GLIMMER. PALMITINS\u00c4URE. PEG-7-TRIMETHYLOLPROPAN-KOKOSNUSSETHER. PROPYLENGLYKOL. Natriumstearoylglutamat. SORBITAN-ISOSTEARAT. STEARINS\u00c4URE. TITANDIOXID (CI 77891). TOCOPHEROL. TOCOPHERYL GLUCOSID. TROPOLONE. VANILLE TAHITENSIS FRUCHTEXTRAKT. WASSER (AQUA). Es wird empfohlen, dass der Verbraucher vor dem Kauf die Zusammensetzung des Produkts systematisch \u00fcberpr\u00fcft.<\/p>\n<p>Eigenschaften<br \/>\nEine einzigartige Kombination patentierter Wirkstoffe*, die sichtbar gegen schlaffe Haut, Dichteverlust und mangelnden Komfort wirkt:<\/p>\n<p>REDENSIFIZIERENDE Vanille-Polyphenole, Booster der Hyalurons\u00e4ure, helfen, schlaffe Haut zu bek\u00e4mpfen und der Haut Substanz und Dichte wiederherzustellen.<br \/>\nGESTALTUNG DES OVALS DES GESICHTS SytenolTM, ein leistungsstarker Zellrestrukturierer, st\u00e4rkt die Zellen und tr\u00e4gt zur Aufrechterhaltung des Gesichtsvolumens bei.<br \/>\nN\u00c4HRENDES Glykolol, ein Vorl\u00e4ufer essentieller Hautlipide, stellt dank seiner sofortigen und dauerhaften N\u00e4hrwirkung die Geschmeidigkeit und das Wohlbefinden Ihrer Haut wieder her, indem es die nat\u00fcrliche Lipidsynthese in der Haut wieder in Gang setzt.<br \/>\nREVITALIZER Seine Wirkstoffkombination wirkt auf die Haut und stellt Dichte, Vitalit\u00e4t und Komfort wieder her. Die Haut ist gefestigt, gestrafft, strahlend und voller Vitalit\u00e4t.<br \/>\nBERUHIGEND Verleiht der Haut dank Av\u00e8ne-Thermalwasser ein sofortiges Wohlgef\u00fchl, das auf nat\u00fcrliche Weise beruhigend und reizlindernd wirkt. Eine 24-Stunden-Feuchtigkeitswirkung f\u00fcr ein Hautgef\u00fchl ohne Spannungsgef\u00fchl den ganzen Tag. *Patent registriert\u2122 von Sytheon USA.<\/p>","protected":false},"excerpt":{"rendered":"<p>Allgemeine Beschreibung Eine hochkonzentrierte \u201eSerum-in-\u00d6l\u201c-Behandlung mit Wirkstoffen f\u00fcr eine verdichtete, gestraffte Haut und ein sichtbar neu gestaltetes Gesichtsoval. Indikation Das DermAbsolu Fundamental Serum richtet sich an Frauen mit empfindlicher Haut, die Komfort suchen und schlaffer Haut und Dichteverlust entgegenwirken m\u00f6chten. Verwenden Tragen Sie morgens und\/oder abends ein paar Tropfen Serum auf und massieren Sie es [&hellip;]<\/p>\n","protected":false},"featured_media":39108,"template":"","meta":{"_acf_changed":false,"footnotes":""},"product_brand":[],"product_cat":[47,42,54],"product_tag":[],"class_list":{"0":"post-39105","1":"product","2":"type-product","3":"status-publish","4":"has-post-thumbnail","6":"product_cat-dermocosmetique","7":"product_cat-para-pharmacie","8":"product_cat-soins-du-visage","10":"first","11":"outofstock","12":"taxable","13":"shipping-taxable","14":"purchasable","15":"product-type-simple"},"acf":[],"_links":{"self":[{"href":"https:\/\/www.pharmacieonline.lu\/de\/wp-json\/wp\/v2\/product\/39105","targetHints":{"allow":["GET"]}}],"collection":[{"href":"https:\/\/www.pharmacieonline.lu\/de\/wp-json\/wp\/v2\/product"}],"about":[{"href":"https:\/\/www.pharmacieonline.lu\/de\/wp-json\/wp\/v2\/types\/product"}],"version-history":[{"count":0,"href":"https:\/\/www.pharmacieonline.lu\/de\/wp-json\/wp\/v2\/product\/39105\/revisions"}],"wp:featuredmedia":[{"embeddable":true,"href":"https:\/\/www.pharmacieonline.lu\/de\/wp-json\/wp\/v2\/media\/39108"}],"wp:attachment":[{"href":"https:\/\/www.pharmacieonline.lu\/de\/wp-json\/wp\/v2\/media?parent=39105"}],"wp:term":[{"taxonomy":"product_brand","embeddable":true,"href":"https:\/\/www.pharmacieonline.lu\/de\/wp-json\/wp\/v2\/product_brand?post=39105"},{"taxonomy":"product_cat","embeddable":true,"href":"https:\/\/www.pharmacieonline.lu\/de\/wp-json\/wp\/v2\/product_cat?post=39105"},{"taxonomy":"product_tag","embeddable":true,"href":"https:\/\/www.pharmacieonline.lu\/de\/wp-json\/wp\/v2\/product_tag?post=39105"}],"curies":[{"name":"wp","href":"https:\/\/api.w.org\/{rel}","templated":true}]}}