{"id":39120,"date":"2023-09-11T17:40:40","date_gmt":"2023-09-11T15:40:40","guid":{"rendered":"https:\/\/www.pharmacieonline.lu\/?post_type=product&#038;p=39120"},"modified":"2026-04-07T13:55:16","modified_gmt":"2026-04-07T11:55:16","slug":"avene-xeracalm-nutrition-creme-douche-200ml","status":"publish","type":"product","link":"https:\/\/www.pharmacieonline.lu\/de\/produit\/avene-xeracalm-nutrition-creme-douche-200ml\/","title":{"rendered":"AVENE XERACALM NUTRITION CREME DOUCHE 200ML"},"content":{"rendered":"<p>Allgemeine Beschreibung<br \/>\nDiese hochvertr\u00e4gliche Tagespflege mit leichtem Duft reinigt und pflegt in einer einzigen Geste und lindert Spannungsgef\u00fchle bei trockener, empfindlicher Haut f\u00fcr die ganze Familie. Diese Duschcreme besteht zu 99 % aus Inhaltsstoffen nat\u00fcrlichen Ursprungs und ist mit pflegenden Wirkstoffen angereichert. Seine cremige, seifenfreie Textur mit neutralem pH-Wert f\u00fcr die Haut und zartem Duft sorgt f\u00fcr Hautkomfort und Anwendungsvergn\u00fcgen. Es sch\u00e4umt beim Auftragen und brennt weder in den Augen noch im \u00e4u\u00dferen Intimbereich. Es profitiert von einem umweltbewussten Ansatz. Die 500-ml-Verpackung enth\u00e4lt 73 % recycelte Materialien. Die Flasche besteht zu 100 % aus recyceltem Kunststoff*.<br \/>\n*ohne Pumpe<\/p>\n<p>Indikation<br \/>\nReinigt, spendet Feuchtigkeit, beruhigt.<\/p>\n<p>Verwenden<br \/>\nAuf die zuvor feuchte Haut auftragen, gr\u00fcndlich absp\u00fclen und sanft trocknen.<\/p>\n<p>Komposition<br \/>\nAVENE THERMALWASSER (AVENE AQUA). GLYCERIN. WASSER (AQUA). KOKO-GLUCOSID. Natriumcocoylglutamat. ALGIN. ZITRONENS\u00c4URE. DUFT (PARF\u00dcM). GLYCERYLOLEAT. GLYKOL-DISTEARAT. HELIANTHUS ANNUUS (SONNENBLUMEN)-SAMEN\u00d6L (HELIANTHUS ANNUUS SEED OIL). HYDROGENIERTE PFLANZLICHE GLYCERIDE CITRAT. NIACINAMID. Silybum Marianum-Samen\u00f6l. NATRIUMBENZOAT. TOCOPHEROL. XANTHANGUMMI<\/p>\n<p>Eigenschaften<br \/>\n\u00d6FFENTLICHKEIT \/ PATIENT, APOTHEKER, ARZT, PFLEGEHEIM, KRANKENHAUS, KRANKENSCHWESTER, PHYSIOTHERAPIE<\/p>\n<p>\u2022 Reinigt sanft. \u2022 PFLEGT \u2022 BERUHIGT dank der Eigenschaften des Av\u00e8ne-Thermalwassers<\/p>","protected":false},"excerpt":{"rendered":"<p>Allgemeine Beschreibung Diese hochvertr\u00e4gliche Tagespflege mit leichtem Duft reinigt und pflegt in einer einzigen Geste und lindert Spannungsgef\u00fchle bei trockener, empfindlicher Haut f\u00fcr die ganze Familie. Diese Duschcreme besteht zu 99 % aus Inhaltsstoffen nat\u00fcrlichen Ursprungs und ist mit pflegenden Wirkstoffen angereichert. Seine cremige, seifenfreie Textur mit neutralem pH-Wert f\u00fcr die Haut und zartem Duft [&hellip;]<\/p>\n","protected":false},"featured_media":39121,"template":"","meta":{"_acf_changed":false,"footnotes":""},"product_brand":[],"product_cat":[47,42,112],"product_tag":[],"class_list":{"0":"post-39120","1":"product","2":"type-product","3":"status-publish","4":"has-post-thumbnail","6":"product_cat-dermocosmetique","7":"product_cat-para-pharmacie","8":"product_cat-douche-bain","10":"first","11":"instock","12":"sale","13":"taxable","14":"shipping-taxable","15":"purchasable","16":"product-type-simple"},"acf":[],"_links":{"self":[{"href":"https:\/\/www.pharmacieonline.lu\/de\/wp-json\/wp\/v2\/product\/39120","targetHints":{"allow":["GET"]}}],"collection":[{"href":"https:\/\/www.pharmacieonline.lu\/de\/wp-json\/wp\/v2\/product"}],"about":[{"href":"https:\/\/www.pharmacieonline.lu\/de\/wp-json\/wp\/v2\/types\/product"}],"version-history":[{"count":0,"href":"https:\/\/www.pharmacieonline.lu\/de\/wp-json\/wp\/v2\/product\/39120\/revisions"}],"wp:featuredmedia":[{"embeddable":true,"href":"https:\/\/www.pharmacieonline.lu\/de\/wp-json\/wp\/v2\/media\/39121"}],"wp:attachment":[{"href":"https:\/\/www.pharmacieonline.lu\/de\/wp-json\/wp\/v2\/media?parent=39120"}],"wp:term":[{"taxonomy":"product_brand","embeddable":true,"href":"https:\/\/www.pharmacieonline.lu\/de\/wp-json\/wp\/v2\/product_brand?post=39120"},{"taxonomy":"product_cat","embeddable":true,"href":"https:\/\/www.pharmacieonline.lu\/de\/wp-json\/wp\/v2\/product_cat?post=39120"},{"taxonomy":"product_tag","embeddable":true,"href":"https:\/\/www.pharmacieonline.lu\/de\/wp-json\/wp\/v2\/product_tag?post=39120"}],"curies":[{"name":"wp","href":"https:\/\/api.w.org\/{rel}","templated":true}]}}