{"id":39129,"date":"2023-09-11T17:49:43","date_gmt":"2023-09-11T15:49:43","guid":{"rendered":"https:\/\/www.pharmacieonline.lu\/?post_type=product&#038;p=39129"},"modified":"2026-04-07T11:55:12","modified_gmt":"2026-04-07T09:55:12","slug":"avene-xeracalm-nutrition-gel-nettoyant-750-ml","status":"publish","type":"product","link":"https:\/\/www.pharmacieonline.lu\/de\/produit\/avene-xeracalm-nutrition-gel-nettoyant-750-ml\/","title":{"rendered":"AVENE XERACALM NUTRITION GEL NETTOYANT 750 ML"},"content":{"rendered":"<p>Allgemeine Beschreibung<br \/>\nDiese hochvertr\u00e4gliche Tagespflege mit leichtem Duft reinigt sanft und sorgt f\u00fcr ein angenehmes Hautgef\u00fchl. Reinigungsgel f\u00fcr Gesicht und K\u00f6rper f\u00fcr empfindliche und trockene Haut der ganzen Familie. Es besteht zu 99 % aus Inhaltsstoffen nat\u00fcrlichen Ursprungs und schont die empfindlichste Haut. Seine seifenfreie Geltextur mit neutralem pH-Wert f\u00fcr die Haut sch\u00e4umt beim Auftragen auf und brennt weder in den Augen noch im \u00e4u\u00dferen Intimbereich. Das XERACALM NUTRITION Reinigungsgel profitiert von einem umweltbewussten Ansatz. Die 500-ml-Verpackung enth\u00e4lt 73 % recycelte Materialien. Die Flasche besteht zu 100 % aus recyceltem Kunststoff*.<br \/>\n*ohne Pumpe<\/p>\n<p>Verwenden<br \/>\nAuf die zuvor feuchte Haut auftragen, gr\u00fcndlich absp\u00fclen und sanft trocknen.<\/p>\n<p>Komposition<br \/>\nAVENE THERMALWASSER (AVENE AQUA). GLYCERIN. DECYLGLUCOSID. WASSER (AQUA). Natriumcocoylglutamat. ALGIN. CARRAGEENAN. ZITRONENS\u00c4URE. DUFT (PARF\u00dcM). HELIANTHUS ANNUUS (SONNENBLUMEN)-SAMEN\u00d6L (HELIANTHUS ANNUUS SEED OIL). NIACINAMID. Silybum Marianum-Samen\u00f6l. NATRIUMBENZOAT. TOCOPHEROL<\/p>\n<p>Eigenschaften<br \/>\n\u2022 REINIGT empfindliche und trockene Haut f\u00fcr die ganze Familie. \u2022 SORGT f\u00fcr ein angenehmes Hautgef\u00fchl. \u2022 Physiologischer pH-Wert und seifenfrei<\/p>","protected":false},"excerpt":{"rendered":"<p>Allgemeine Beschreibung Diese hochvertr\u00e4gliche Tagespflege mit leichtem Duft reinigt sanft und sorgt f\u00fcr ein angenehmes Hautgef\u00fchl. Reinigungsgel f\u00fcr Gesicht und K\u00f6rper f\u00fcr empfindliche und trockene Haut der ganzen Familie. Es besteht zu 99 % aus Inhaltsstoffen nat\u00fcrlichen Ursprungs und schont die empfindlichste Haut. Seine seifenfreie Geltextur mit neutralem pH-Wert f\u00fcr die Haut sch\u00e4umt beim Auftragen [&hellip;]<\/p>\n","protected":false},"featured_media":39130,"template":"","meta":{"_acf_changed":false,"footnotes":""},"product_brand":[],"product_cat":[47,42,112],"product_tag":[],"class_list":{"0":"post-39129","1":"product","2":"type-product","3":"status-publish","4":"has-post-thumbnail","6":"product_cat-dermocosmetique","7":"product_cat-para-pharmacie","8":"product_cat-douche-bain","10":"first","11":"instock","12":"taxable","13":"shipping-taxable","14":"purchasable","15":"product-type-simple"},"acf":[],"_links":{"self":[{"href":"https:\/\/www.pharmacieonline.lu\/de\/wp-json\/wp\/v2\/product\/39129","targetHints":{"allow":["GET"]}}],"collection":[{"href":"https:\/\/www.pharmacieonline.lu\/de\/wp-json\/wp\/v2\/product"}],"about":[{"href":"https:\/\/www.pharmacieonline.lu\/de\/wp-json\/wp\/v2\/types\/product"}],"version-history":[{"count":0,"href":"https:\/\/www.pharmacieonline.lu\/de\/wp-json\/wp\/v2\/product\/39129\/revisions"}],"wp:featuredmedia":[{"embeddable":true,"href":"https:\/\/www.pharmacieonline.lu\/de\/wp-json\/wp\/v2\/media\/39130"}],"wp:attachment":[{"href":"https:\/\/www.pharmacieonline.lu\/de\/wp-json\/wp\/v2\/media?parent=39129"}],"wp:term":[{"taxonomy":"product_brand","embeddable":true,"href":"https:\/\/www.pharmacieonline.lu\/de\/wp-json\/wp\/v2\/product_brand?post=39129"},{"taxonomy":"product_cat","embeddable":true,"href":"https:\/\/www.pharmacieonline.lu\/de\/wp-json\/wp\/v2\/product_cat?post=39129"},{"taxonomy":"product_tag","embeddable":true,"href":"https:\/\/www.pharmacieonline.lu\/de\/wp-json\/wp\/v2\/product_tag?post=39129"}],"curies":[{"name":"wp","href":"https:\/\/api.w.org\/{rel}","templated":true}]}}