{"id":39139,"date":"2023-09-11T18:27:21","date_gmt":"2023-09-11T16:27:21","guid":{"rendered":"https:\/\/www.pharmacieonline.lu\/?post_type=product&#038;p=39139"},"modified":"2026-04-07T13:55:15","modified_gmt":"2026-04-07T11:55:15","slug":"api-regent-pommade-venin-dabeille-50-ml","status":"publish","type":"product","link":"https:\/\/www.pharmacieonline.lu\/de\/produit\/api-regent-pommade-venin-dabeille-50-ml\/","title":{"rendered":"API REGENT POMMADE VENIN D&#8217;ABEILLE 50 ML"},"content":{"rendered":"<p>Beschreibung<br \/>\nDiese Creme kombiniert die Wirkung von Bienengift mit reichhaltigen Pflanzen\u00f6len aus Mandel und Rizinus. Die gezielte Zusammensetzung \u00e4therischer \u00d6le rundet diese Bienengiftcreme ab. Zudem dringt die Creme gut ein und klebt nicht.<br \/>\nDie Salbe kann zur Massage der Haut verwendet werden, traditionell bei Prellungen, Zerrungen, Muskel- und Gelenkschmerzen, als Salbe bei Erk\u00e4ltungen und vielem mehr.<\/p>\n<p>Tragen Sie zun\u00e4chst ein wenig Salbe auf eine kleine, unauff\u00e4llige Hautstelle auf, um die Wirkung der Creme zu testen, da es manchmal zu allergischen Reaktionen kommen kann.<br \/>\nArbeit<br \/>\nTragen Sie die Creme d\u00fcnn auf die betroffenen Stellen auf und massieren Sie sie ein. Nicht f\u00fcr den internen Gebrauch geeignet. Vermeiden Sie jeglichen Kontakt mit Augen und Schleimh\u00e4uten. Waschen Sie Ihre H\u00e4nde nach der Anwendung gr\u00fcndlich.<br \/>\nZutaten<br \/>\nMandel\u00f6l, Lanolin, Bienenwachs, \u00e4therische \u00d6le (Wacholderbeere, Pfefferminze, Rosmarin, Kajeput, Thymian, Zirbelkiefer, Menthol, Eukalyptus, Kampfer, Nelke) und echtes nat\u00fcrliches Bienengift.<br \/>\nWarnung<br \/>\nBei Raumtemperatur an einem dunklen, dicht verschlossenen Ort aufbewahren. Au\u00dferhalb der Reichweite von Kindern aufbewahren.<br \/>\nNach dem \u00d6ffnen der Tube ist das Produkt 12 Monate bei Raumtemperatur haltbar.<br \/>\nEs k\u00f6nnen allergische Reaktionen wie R\u00f6tung oder Juckreiz auftreten. Beenden Sie in diesem Fall die Verwendung des Produkts sofort. Wenn Sie empfindlich sind oder in der Vergangenheit Allergien hatten, empfiehlt es sich, die Creme an einer kleinen, unauff\u00e4lligen Hautstelle zu testen. Verwenden Sie die Creme nicht, wenn bei Ihnen eine Allergie gegen einen der Inhaltsstoffe bekannt ist.<\/p>","protected":false},"excerpt":{"rendered":"<p>Beschreibung Diese Creme kombiniert die Wirkung von Bienengift mit reichhaltigen Pflanzen\u00f6len aus Mandel und Rizinus. Die gezielte Zusammensetzung \u00e4therischer \u00d6le rundet diese Bienengiftcreme ab. Zudem dringt die Creme gut ein und klebt nicht. Die Salbe kann zur Massage der Haut verwendet werden, traditionell bei Prellungen, Zerrungen, Muskel- und Gelenkschmerzen, als Salbe bei Erk\u00e4ltungen und vielem [&hellip;]<\/p>\n","protected":false},"featured_media":39140,"template":"","meta":{"_acf_changed":false,"footnotes":""},"product_brand":[],"product_cat":[43],"product_tag":[],"class_list":{"0":"post-39139","1":"product","2":"type-product","3":"status-publish","4":"has-post-thumbnail","6":"product_cat-medicaments-en-vente-libre","8":"first","9":"instock","10":"taxable","11":"shipping-taxable","12":"purchasable","13":"product-type-simple"},"acf":[],"_links":{"self":[{"href":"https:\/\/www.pharmacieonline.lu\/de\/wp-json\/wp\/v2\/product\/39139","targetHints":{"allow":["GET"]}}],"collection":[{"href":"https:\/\/www.pharmacieonline.lu\/de\/wp-json\/wp\/v2\/product"}],"about":[{"href":"https:\/\/www.pharmacieonline.lu\/de\/wp-json\/wp\/v2\/types\/product"}],"version-history":[{"count":0,"href":"https:\/\/www.pharmacieonline.lu\/de\/wp-json\/wp\/v2\/product\/39139\/revisions"}],"wp:featuredmedia":[{"embeddable":true,"href":"https:\/\/www.pharmacieonline.lu\/de\/wp-json\/wp\/v2\/media\/39140"}],"wp:attachment":[{"href":"https:\/\/www.pharmacieonline.lu\/de\/wp-json\/wp\/v2\/media?parent=39139"}],"wp:term":[{"taxonomy":"product_brand","embeddable":true,"href":"https:\/\/www.pharmacieonline.lu\/de\/wp-json\/wp\/v2\/product_brand?post=39139"},{"taxonomy":"product_cat","embeddable":true,"href":"https:\/\/www.pharmacieonline.lu\/de\/wp-json\/wp\/v2\/product_cat?post=39139"},{"taxonomy":"product_tag","embeddable":true,"href":"https:\/\/www.pharmacieonline.lu\/de\/wp-json\/wp\/v2\/product_tag?post=39139"}],"curies":[{"name":"wp","href":"https:\/\/api.w.org\/{rel}","templated":true}]}}