{"id":39208,"date":"2023-09-12T12:54:27","date_gmt":"2023-09-12T10:54:27","guid":{"rendered":"https:\/\/www.pharmacieonline.lu\/?post_type=product&#038;p=39208"},"modified":"2026-04-08T15:55:15","modified_gmt":"2026-04-08T13:55:15","slug":"aprolis-pommade-reparatrice-manuka-40ml","status":"publish","type":"product","link":"https:\/\/www.pharmacieonline.lu\/de\/produit\/aprolis-pommade-reparatrice-manuka-40ml\/","title":{"rendered":"APROLIS POMMADE REPARATRICE MANUKA 40ML"},"content":{"rendered":"<p>Dieses Kosmetikum ist eine intensive reparierende und n\u00e4hrende Behandlung f\u00fcr Gesicht und K\u00f6rper. Speziell f\u00fcr gesch\u00e4digte und sensibilisierte Haut entwickelt.<br \/>\nCreme auf Basis von Manukahonig, Propolis und Pflanzen\u00f6len.<br \/>\nTube aus 100 % recyceltem Kunststoff<\/p>\n<p>Manuka-Honig ist f\u00fcr seine st\u00e4rkende Wirkung bekannt. Die Wirksamkeit des Honigs wird durch seinen Mindestgehalt von 250 mg Methylglyoxal pro kg gew\u00e4hrleistet. Methylglyoxal ist einer der wichtigen nat\u00fcrlichen Bestandteile von hochwertigem Manukahonig.<\/p>\n<p>Das von Bienen zur Erhaltung des Bienenstocks verwendete Propolisharz ist f\u00fcr seine reinigenden und sch\u00fctzenden Eigenschaften bekannt.<\/p>\n<p>Inka-Inchi-\u00d6l, kostbares \u00d6l aus dem Amazonas, das n\u00e4hrt und beruhigt.<\/p>\n<p>Der rote Saft \u201eSangre del Drago\u201c, der wegen seiner intensiven roten Farbe so genannt wird, hat au\u00dfergew\u00f6hnliche heilende und st\u00e4rkende Eigenschaften.<\/p>\n<p>Bisabolol lindert Unwohlsein.<\/p>\n<p>Dermatologisch getestetes Produkt<\/p>\n<p>&nbsp;<\/p>\n<p>Beratung :<\/p>\n<p>Als reparierende und n\u00e4hrende Tagespflege f\u00fcr gesch\u00e4digte, gereizte und sehr trockene Haut. Nicht fettende und nicht klebrige Textur, zieht leicht ein.<\/p>\n<p>&nbsp;<\/p>\n<p>Zutaten :<\/p>\n<p>Aqua, Mel*, Calendula officinalis-Bl\u00fctenwasser*, Plukenetia volubilis-Samen\u00f6l*, Glycerylstearat se, Alkohol**, Butyrospermum parkii-Butterextrakt, Nigella sativa-Samen\u00f6l*, Sklerotiumgummi, \u00d6ls\u00e4ure-\/Linols\u00e4ure-\/Linolens\u00e4ure-Polyglyceride, Aloe barbadensis-Blattsaft Pulver*, Propolis-Extrakt*, Bisabolol*, Natriumdehydroacetat, Argania-spinosa-Kern\u00f6l, Croton-lechleri-Harzextrakt, Lavandula-angustifolia-\u00d6l*, Chamomilla-recutita-Bl\u00fctenextrakt*, Maltodextrin**, Tocopherol, Kaliumsorbat, Beta-Sitosterin, Squalen , Zitronens\u00e4ure, Linalool(1)<br \/>\n*Zutaten aus biologischem Anbau<br \/>\n** Aus Bio-Zutaten verarbeitet<br \/>\n(1)Nat\u00fcrliche Bestandteile \u00e4therischer \u00d6le und Parf\u00fcme<\/p>\n<p>&nbsp;<\/p>\n<p>99,7 % der gesamten Inhaltsstoffe sind nat\u00fcrlichen Ursprungs.<\/p>\n<p>89,2 % der gesamten Inhaltsstoffe stammen aus biologischem Anbau.<\/p>\n<p>&nbsp;<\/p>\n<p>Empfehlungen:<\/p>\n<p>Nicht in Augenn\u00e4he auftragen. Externe Verwendung.<\/p>","protected":false},"excerpt":{"rendered":"<p>Dieses Kosmetikum ist eine intensive reparierende und n\u00e4hrende Behandlung f\u00fcr Gesicht und K\u00f6rper. Speziell f\u00fcr gesch\u00e4digte und sensibilisierte Haut entwickelt. Creme auf Basis von Manukahonig, Propolis und Pflanzen\u00f6len. Tube aus 100 % recyceltem Kunststoff Manuka-Honig ist f\u00fcr seine st\u00e4rkende Wirkung bekannt. Die Wirksamkeit des Honigs wird durch seinen Mindestgehalt von 250 mg Methylglyoxal pro kg [&hellip;]<\/p>\n","protected":false},"featured_media":39209,"template":"","meta":{"_acf_changed":false,"footnotes":""},"product_brand":[],"product_cat":[47,42,54,56],"product_tag":[],"class_list":{"0":"post-39208","1":"product","2":"type-product","3":"status-publish","4":"has-post-thumbnail","6":"product_cat-dermocosmetique","7":"product_cat-para-pharmacie","8":"product_cat-soins-du-visage","9":"product_cat-soins-du-corps","11":"first","12":"instock","13":"taxable","14":"shipping-taxable","15":"purchasable","16":"product-type-simple"},"acf":[],"_links":{"self":[{"href":"https:\/\/www.pharmacieonline.lu\/de\/wp-json\/wp\/v2\/product\/39208","targetHints":{"allow":["GET"]}}],"collection":[{"href":"https:\/\/www.pharmacieonline.lu\/de\/wp-json\/wp\/v2\/product"}],"about":[{"href":"https:\/\/www.pharmacieonline.lu\/de\/wp-json\/wp\/v2\/types\/product"}],"version-history":[{"count":0,"href":"https:\/\/www.pharmacieonline.lu\/de\/wp-json\/wp\/v2\/product\/39208\/revisions"}],"wp:featuredmedia":[{"embeddable":true,"href":"https:\/\/www.pharmacieonline.lu\/de\/wp-json\/wp\/v2\/media\/39209"}],"wp:attachment":[{"href":"https:\/\/www.pharmacieonline.lu\/de\/wp-json\/wp\/v2\/media?parent=39208"}],"wp:term":[{"taxonomy":"product_brand","embeddable":true,"href":"https:\/\/www.pharmacieonline.lu\/de\/wp-json\/wp\/v2\/product_brand?post=39208"},{"taxonomy":"product_cat","embeddable":true,"href":"https:\/\/www.pharmacieonline.lu\/de\/wp-json\/wp\/v2\/product_cat?post=39208"},{"taxonomy":"product_tag","embeddable":true,"href":"https:\/\/www.pharmacieonline.lu\/de\/wp-json\/wp\/v2\/product_tag?post=39208"}],"curies":[{"name":"wp","href":"https:\/\/api.w.org\/{rel}","templated":true}]}}