{"id":39211,"date":"2023-09-12T12:59:48","date_gmt":"2023-09-12T10:59:48","guid":{"rendered":"https:\/\/www.pharmacieonline.lu\/?post_type=product&#038;p=39211"},"modified":"2026-04-08T17:55:20","modified_gmt":"2026-04-08T15:55:20","slug":"aprolis-soin-reparateur-main-manuka-50ml","status":"publish","type":"product","link":"https:\/\/www.pharmacieonline.lu\/de\/produit\/aprolis-soin-reparateur-main-manuka-50ml\/","title":{"rendered":"APROLIS SOIN REPARATEUR MAIN MANUKA 50ML"},"content":{"rendered":"<p>Dieses auf Manukahonig und Propolis basierende Kosmetikum ist eine intensiv reparierende Handbehandlung, die sehr trockene Haut mit Feuchtigkeit versorgt. Es ist ideal f\u00fcr besch\u00e4digte und gereizte H\u00e4nde.<br \/>\nTube aus 100 % recyceltem Kunststoff.<\/p>\n<p>Nicht fettende und nicht klebrige Textur: bequem zu jeder Tageszeit anzuwenden<\/p>\n<p>Manuka-Honig ist f\u00fcr seine st\u00e4rkende Wirkung bekannt<\/p>\n<p>Propolis: Harz, das von Bienen zum Schutz des Bienenstocks verwendet wird und f\u00fcr seine reinigenden und sch\u00fctzenden Eigenschaften bekannt ist.<\/p>\n<p>Der rote Saft \u201eSangre del Drago\u201c, der wegen seiner intensiven roten Farbe so genannt wird, hat au\u00dfergew\u00f6hnliche heilende und st\u00e4rkende Eigenschaften.<\/p>\n<p>Jojoba- bzw. Macadamia\u00f6l f\u00fcr ihre weichmachenden und pflegenden Eigenschaften<\/p>\n<p>&nbsp;<\/p>\n<p>Beratung :<\/p>\n<p>Als reparierende und n\u00e4hrende Tagespflege f\u00fcr gesch\u00e4digte, gereizte und sehr trockene H\u00e4nde. Nicht fettende und nicht klebrige Textur, zieht leicht ein.<\/p>\n<p>Zutaten :<\/p>\n<p>Aqua, Glycerylstearat se, Mel*, Macadamia ternifolia-Samen\u00f6l*, Simmondsia chinensis-Samen\u00f6l*, Glycerin, Butyrospermum Parkii-Butterextrakt, Alkohol**, Parf\u00fcm, Aloe Barbadensis-Blattsaftpulver*, Xanthangummi, Chondrus Crispus-Pulver, \u00d6ls\u00e4ure\/ Linol-\/Linolens\u00e4urepolyglyceride, Cera alba*, Dehydroessigs\u00e4ure, Argania spinosa-Kern\u00f6l, Croton-lechleri-Harzextrakt, Glucose, Tocopherol, Propolis-Extrakt*, Beta-Sitosterol, Squalen, Linalool(1), Limonen(1)<br \/>\n*Zutaten aus biologischem Anbau<br \/>\n**Aus Bio-Zutaten verarbeitet<\/p>\n<p>99 % der gesamten Inhaltsstoffe sind nat\u00fcrlichen Ursprungs<br \/>\n81 % der gesamten Zutaten stammen aus biologischem Anbau<\/p>\n<p>&nbsp;<\/p>\n<p>Empfehlungen:<\/p>\n<p>Externe Verwendung. F\u00fcr Erwachsene und Kinder ab 3 Jahren. Bei Raumtemperatur lagern.<\/p>","protected":false},"excerpt":{"rendered":"<p>Dieses auf Manukahonig und Propolis basierende Kosmetikum ist eine intensiv reparierende Handbehandlung, die sehr trockene Haut mit Feuchtigkeit versorgt. Es ist ideal f\u00fcr besch\u00e4digte und gereizte H\u00e4nde. Tube aus 100 % recyceltem Kunststoff. Nicht fettende und nicht klebrige Textur: bequem zu jeder Tageszeit anzuwenden Manuka-Honig ist f\u00fcr seine st\u00e4rkende Wirkung bekannt Propolis: Harz, das von [&hellip;]<\/p>\n","protected":false},"featured_media":39212,"template":"","meta":{"_acf_changed":false,"footnotes":""},"product_brand":[],"product_cat":[47,42,764],"product_tag":[],"class_list":{"0":"post-39211","1":"product","2":"type-product","3":"status-publish","4":"has-post-thumbnail","6":"product_cat-dermocosmetique","7":"product_cat-para-pharmacie","8":"product_cat-soins-mains","10":"first","11":"instock","12":"taxable","13":"shipping-taxable","14":"purchasable","15":"product-type-simple"},"acf":[],"_links":{"self":[{"href":"https:\/\/www.pharmacieonline.lu\/de\/wp-json\/wp\/v2\/product\/39211","targetHints":{"allow":["GET"]}}],"collection":[{"href":"https:\/\/www.pharmacieonline.lu\/de\/wp-json\/wp\/v2\/product"}],"about":[{"href":"https:\/\/www.pharmacieonline.lu\/de\/wp-json\/wp\/v2\/types\/product"}],"version-history":[{"count":0,"href":"https:\/\/www.pharmacieonline.lu\/de\/wp-json\/wp\/v2\/product\/39211\/revisions"}],"wp:featuredmedia":[{"embeddable":true,"href":"https:\/\/www.pharmacieonline.lu\/de\/wp-json\/wp\/v2\/media\/39212"}],"wp:attachment":[{"href":"https:\/\/www.pharmacieonline.lu\/de\/wp-json\/wp\/v2\/media?parent=39211"}],"wp:term":[{"taxonomy":"product_brand","embeddable":true,"href":"https:\/\/www.pharmacieonline.lu\/de\/wp-json\/wp\/v2\/product_brand?post=39211"},{"taxonomy":"product_cat","embeddable":true,"href":"https:\/\/www.pharmacieonline.lu\/de\/wp-json\/wp\/v2\/product_cat?post=39211"},{"taxonomy":"product_tag","embeddable":true,"href":"https:\/\/www.pharmacieonline.lu\/de\/wp-json\/wp\/v2\/product_tag?post=39211"}],"curies":[{"name":"wp","href":"https:\/\/api.w.org\/{rel}","templated":true}]}}