{"id":39225,"date":"2023-09-12T13:32:57","date_gmt":"2023-09-12T11:32:57","guid":{"rendered":"https:\/\/www.pharmacieonline.lu\/?post_type=product&#038;p=39225"},"modified":"2026-04-06T03:55:18","modified_gmt":"2026-04-06T01:55:18","slug":"astoral-immustim-h-30-cpr-vet","status":"publish","type":"product","link":"https:\/\/www.pharmacieonline.lu\/de\/produit\/astoral-immustim-h-30-cpr-vet\/","title":{"rendered":"ASTORAL IMMUSTIM H 30 CPR VET"},"content":{"rendered":"<p>Astoral\u00ae ImmuStim H von almapharm zur F\u00f6rderung der Rekonvaleszenz von Hunden<\/p>\n<p>Astoral\u00ae ImmuStim H Tabletten enthalten verschiedene Zus\u00e4tze zur F\u00f6rderung der Rekonvaleszenz.<\/p>\n<p>Bestandteile der Hefezellwand und des Hefezytoplasmas wie 1,3\/1,6-Beta-Glucane und Nukleotide f\u00f6rdern die Makrophagenaktivit\u00e4t und liefern wichtige Rohstoffe f\u00fcr die Zellteilung anderer Leukozyten.<\/p>\n<p>Die Beta-Oxidation der Fetts\u00e4uren f\u00fcr ihren Energiestoffwechsel wird durch eine ausreichende Zufuhr von L-Carnitin sichergestellt. Organisch gebundenes Zink und Selen wirken in Kombination mit Vitamin E als Radikalf\u00e4nger und verbessern die Stabilit\u00e4t der Zellwand-Phospholipidmembranen w\u00e4hrend der Erholung.<\/p>\n<p>bei Hunden w\u00e4hrend der Rekonvaleszenz<br \/>\nals Adjuvans (Auffrischimpfung) f\u00fcr Hundeimpfungen<br \/>\nR\u00fcckf\u00e4lle nach Antibiotika-Behandlung<br \/>\nchronische Infektionen<br \/>\nzur unterst\u00fctzenden Therapie und Nachbehandlung von Pilzinfektionen<br \/>\nbei Dermatosen und Dermatitis<br \/>\nWelpen vom Muttertier entw\u00f6hnen<br \/>\nEntz\u00fcndungen der Haut an den Pfoten beim Hund<br \/>\nGeriatrische Hunde<br \/>\nvor und nach der Operation<\/p>\n<p>Analytische Komponenten:<br \/>\nProtein 19,9 %, Fettgehalt 6,5 %, Rohfaser 0,5 %, anorganische Stoffe 14,6 %, Natrium 0,3 %, Kalium 1,0 %.<\/p>\n<p>Zusatzstoffe pro kg:<br \/>\nVitamine: Vitamin E (3a700) 22500 mg.<\/p>\n<p>Spurenelemente: Zink in Form von Zinkchloridhydroxid, Monohydrat (3b609) 11200 mg, Zink in Form von Aminos\u00e4uren, Zinkchelat, Hydrat (E6) 1300 mg, Selen in organischer Form aus Saccharomyces cerevisea CNCM I.3060[interaktiviert Selenhefe (3b 8.10)<\/p>\n<p>Komposition :<br \/>\nWeizenmehl, Hefe (1,3\/1,6-Beta-D-Glucane) 31,0 %, Molkenpulver, Dicalciumphosphat, Magnesiumstearat.<\/p>\n<p>Wesentliche N\u00e4hrwertmerkmale:<br \/>\nHoher Energiegehalt, hohe Konzentration wichtiger N\u00e4hrstoffe, leicht verdauliche Einzelnahrung.<\/p>\n<p>F\u00fctterungsanleitung (pro Tag):<br \/>\n1 Tablette pro 10 kg K\u00f6rpergewicht direkt in den Mund oder mit der Nahrung verabreichen.<\/p>\n<p>Dauer der F\u00fctterung bis zur Genesung.<br \/>\nMaximale Tagesmenge: 1,7 g (2 Tabletten).<\/p>","protected":false},"excerpt":{"rendered":"<p>Astoral\u00ae ImmuStim H von almapharm zur F\u00f6rderung der Rekonvaleszenz von Hunden Astoral\u00ae ImmuStim H Tabletten enthalten verschiedene Zus\u00e4tze zur F\u00f6rderung der Rekonvaleszenz. Bestandteile der Hefezellwand und des Hefezytoplasmas wie 1,3\/1,6-Beta-Glucane und Nukleotide f\u00f6rdern die Makrophagenaktivit\u00e4t und liefern wichtige Rohstoffe f\u00fcr die Zellteilung anderer Leukozyten. Die Beta-Oxidation der Fetts\u00e4uren f\u00fcr ihren Energiestoffwechsel wird durch eine ausreichende [&hellip;]<\/p>\n","protected":false},"featured_media":39226,"template":"","meta":{"_acf_changed":false,"footnotes":""},"product_brand":[],"product_cat":[151,46],"product_tag":[],"class_list":{"0":"post-39225","1":"product","2":"type-product","3":"status-publish","4":"has-post-thumbnail","6":"product_cat-chiens","7":"product_cat-veterinaire","9":"first","10":"outofstock","11":"taxable","12":"shipping-taxable","13":"purchasable","14":"product-type-simple"},"acf":[],"_links":{"self":[{"href":"https:\/\/www.pharmacieonline.lu\/de\/wp-json\/wp\/v2\/product\/39225","targetHints":{"allow":["GET"]}}],"collection":[{"href":"https:\/\/www.pharmacieonline.lu\/de\/wp-json\/wp\/v2\/product"}],"about":[{"href":"https:\/\/www.pharmacieonline.lu\/de\/wp-json\/wp\/v2\/types\/product"}],"version-history":[{"count":0,"href":"https:\/\/www.pharmacieonline.lu\/de\/wp-json\/wp\/v2\/product\/39225\/revisions"}],"wp:featuredmedia":[{"embeddable":true,"href":"https:\/\/www.pharmacieonline.lu\/de\/wp-json\/wp\/v2\/media\/39226"}],"wp:attachment":[{"href":"https:\/\/www.pharmacieonline.lu\/de\/wp-json\/wp\/v2\/media?parent=39225"}],"wp:term":[{"taxonomy":"product_brand","embeddable":true,"href":"https:\/\/www.pharmacieonline.lu\/de\/wp-json\/wp\/v2\/product_brand?post=39225"},{"taxonomy":"product_cat","embeddable":true,"href":"https:\/\/www.pharmacieonline.lu\/de\/wp-json\/wp\/v2\/product_cat?post=39225"},{"taxonomy":"product_tag","embeddable":true,"href":"https:\/\/www.pharmacieonline.lu\/de\/wp-json\/wp\/v2\/product_tag?post=39225"}],"curies":[{"name":"wp","href":"https:\/\/api.w.org\/{rel}","templated":true}]}}