{"id":39248,"date":"2023-09-12T14:23:25","date_gmt":"2023-09-12T12:23:25","guid":{"rendered":"https:\/\/www.pharmacieonline.lu\/?post_type=product&#038;p=39248"},"modified":"2026-04-14T05:55:16","modified_gmt":"2026-04-14T03:55:16","slug":"atheria-rev-gesundheitsbad-10-btl-2","status":"publish","type":"product","link":"https:\/\/www.pharmacieonline.lu\/de\/produit\/atheria-rev-gesundheitsbad-10-btl-2\/","title":{"rendered":"ATHERIA REV GESUNDHEITSBAD 10 BTL"},"content":{"rendered":"<p>\u00c4theria\u00ae Revitalisierendes Gesundheitsbad enth\u00e4lt ausgew\u00e4hlte \u00e4therische Inhaltsstoffe.<br \/>\nDas Gesundheitsbad wirkt belebend und wohltuend bei Erk\u00e4ltungen oder dient einfach der Entspannung in der nasskalten Jahreszeit und nach k\u00f6rperlicher Anstrengung. Mit 5 nat\u00fcrlichen \u00e4therischen \u00d6len in Arzneibuchqualit\u00e4t: Eukalyptus, Fichtennadel, Latschenkiefer, Zitrone und Menthol.<\/p>\n<p>Seifenfrei, pH-neutral, frei von Konservierungsstoffen.<\/p>\n<p>Dermatologisch best\u00e4tigte Hautvertr\u00e4glichkeit. Keine R\u00fcckst\u00e4nde in der Badewanne! Biologisch abbaubar.<\/p>\n<p>Von Kindern fernhalten. Badeempfehlung: 10-20 Minuten bei 35\u00b0-38\u00b0C. 1 Beutel reicht f\u00fcr ein komplettes Bad.<br \/>\nNicht bei S\u00e4uglingen und Kleinkindern anwenden.<\/p>","protected":false},"excerpt":{"rendered":"<p>\u00c4theria\u00ae Revitalisierendes Gesundheitsbad enth\u00e4lt ausgew\u00e4hlte \u00e4therische Inhaltsstoffe. Das Gesundheitsbad wirkt belebend und wohltuend bei Erk\u00e4ltungen oder dient einfach der Entspannung in der nasskalten Jahreszeit und nach k\u00f6rperlicher Anstrengung. Mit 5 nat\u00fcrlichen \u00e4therischen \u00d6len in Arzneibuchqualit\u00e4t: Eukalyptus, Fichtennadel, Latschenkiefer, Zitrone und Menthol. Seifenfrei, pH-neutral, frei von Konservierungsstoffen. Dermatologisch best\u00e4tigte Hautvertr\u00e4glichkeit. Keine R\u00fcckst\u00e4nde in der Badewanne! Biologisch [&hellip;]<\/p>\n","protected":false},"featured_media":39250,"template":"","meta":{"_acf_changed":false,"footnotes":""},"product_brand":[],"product_cat":[85],"product_tag":[],"class_list":{"0":"post-39248","1":"product","2":"type-product","3":"status-publish","4":"has-post-thumbnail","6":"product_cat-rhume","8":"first","9":"instock","10":"taxable","11":"shipping-taxable","12":"purchasable","13":"product-type-simple"},"acf":[],"_links":{"self":[{"href":"https:\/\/www.pharmacieonline.lu\/de\/wp-json\/wp\/v2\/product\/39248","targetHints":{"allow":["GET"]}}],"collection":[{"href":"https:\/\/www.pharmacieonline.lu\/de\/wp-json\/wp\/v2\/product"}],"about":[{"href":"https:\/\/www.pharmacieonline.lu\/de\/wp-json\/wp\/v2\/types\/product"}],"version-history":[{"count":0,"href":"https:\/\/www.pharmacieonline.lu\/de\/wp-json\/wp\/v2\/product\/39248\/revisions"}],"wp:featuredmedia":[{"embeddable":true,"href":"https:\/\/www.pharmacieonline.lu\/de\/wp-json\/wp\/v2\/media\/39250"}],"wp:attachment":[{"href":"https:\/\/www.pharmacieonline.lu\/de\/wp-json\/wp\/v2\/media?parent=39248"}],"wp:term":[{"taxonomy":"product_brand","embeddable":true,"href":"https:\/\/www.pharmacieonline.lu\/de\/wp-json\/wp\/v2\/product_brand?post=39248"},{"taxonomy":"product_cat","embeddable":true,"href":"https:\/\/www.pharmacieonline.lu\/de\/wp-json\/wp\/v2\/product_cat?post=39248"},{"taxonomy":"product_tag","embeddable":true,"href":"https:\/\/www.pharmacieonline.lu\/de\/wp-json\/wp\/v2\/product_tag?post=39248"}],"curies":[{"name":"wp","href":"https:\/\/api.w.org\/{rel}","templated":true}]}}