{"id":39249,"date":"2023-09-12T14:22:42","date_gmt":"2023-09-12T12:22:42","guid":{"rendered":"https:\/\/www.pharmacieonline.lu\/?post_type=product&#038;p=39249"},"modified":"2026-04-14T07:55:17","modified_gmt":"2026-04-14T05:55:17","slug":"aprolis-spray-nasal-propolis-plantes-bio","status":"publish","type":"product","link":"https:\/\/www.pharmacieonline.lu\/de\/produit\/aprolis-spray-nasal-propolis-plantes-bio\/","title":{"rendered":"APROLIS SPRAY NASAL PROPOLIS PLANTES BIO"},"content":{"rendered":"<p>Aprolis Nasenspray ist ein kosmetisches Produkt zur t\u00e4glichen Hygiene der Naseng\u00e4nge.<br \/>\nDas Design basierte auf der Synergie von 5 Pflanzen (Holunder, Malve, Arnika, Echinacea, Ringelblume), die aufgrund ihrer Wirkung auf die Atemwege ausgew\u00e4hlt wurden, denen ein Komplex aus 4 \u00e4therischen \u00d6len (S\u00fc\u00dforange, Eukalyptus, Ravintsara, Lavendel) hinzugef\u00fcgt wurde ), die wegen ihrer reinigenden und abschwellenden Wirkung eingesetzt werden<\/p>\n<p>Dieses Produkt wurde dermatologisch getestet.<\/p>\n<p>Synergie von 5 Pflanzen: (Holunder, Malve, Arnika, Echinacea, Ringelblume) f\u00fcr ihre Wirkung auf die Atemwege.<\/p>\n<p>Ein Komplex aus 4 \u00e4therischen \u00d6len: (S\u00fc\u00dforange, Eukalyptus, Ravintsara, Lavendel) f\u00fcr ihre reinigende und abschwellende Wirkung.<\/p>\n<p>&nbsp;<\/p>\n<p>Beratung :<\/p>\n<p>Entl\u00fcften Sie die Pumpe und spr\u00fchen Sie 1 bis 2 Mal in jedes Nasenloch, 3 bis 4 Mal pro Tag.<\/p>\n<p>Zutaten :<\/p>\n<p>Aqua, Alkohol**, Sambucus-Nigra-Beeren-Extrakt*, Malva-Sylvestris-Extrakt*, Arnica-Montana-Extrakt*, Propolis-Extrakt*, Echinacea-Purpurea-Extrakt*, Calendula-Officinalis-Extrakt*, Glycerin, Acacia Senegal*, Maris Sal, Tocopherol (gemischt), Beta-Sitosterol, Squalen, Citrus Aurantium Dulcis-\u00d6l*, Eucalyptus Radiata-\u00d6l*, Cinnamomum Camphora-Blatt\u00f6l*, Lavandula Angustifolia-\u00d6l*, Limonen (1), Linalool (1)<br \/>\n*aus biologischem Anbau<br \/>\n**Chemisch verarbeitete Bio-Zutaten<br \/>\n(1) nat\u00fcrliche Bestandteile von Parf\u00fcmen und \u00e4therischen \u00d6len<\/p>\n<p>100 % der gesamten Inhaltsstoffe sind nat\u00fcrlichen Ursprungs<br \/>\n97 % der gesamten pflanzlichen Inhaltsstoffe stammen aus biologischem Anbau.<br \/>\n12 % der gesamten Zutaten stammen aus biologischem Anbau<\/p>\n<p>&nbsp;<\/p>\n<p>Empfehlungen:<\/p>\n<p>Nach Gebrauch idealerweise k\u00fchl aufbewahren. Nicht f\u00fcr Kinder unter 6 Jahren geeignet.<\/p>","protected":false},"excerpt":{"rendered":"<p>Aprolis Nasenspray ist ein kosmetisches Produkt zur t\u00e4glichen Hygiene der Naseng\u00e4nge. Das Design basierte auf der Synergie von 5 Pflanzen (Holunder, Malve, Arnika, Echinacea, Ringelblume), die aufgrund ihrer Wirkung auf die Atemwege ausgew\u00e4hlt wurden, denen ein Komplex aus 4 \u00e4therischen \u00d6len (S\u00fc\u00dforange, Eukalyptus, Ravintsara, Lavendel) hinzugef\u00fcgt wurde ), die wegen ihrer reinigenden und abschwellenden Wirkung [&hellip;]<\/p>\n","protected":false},"featured_media":39251,"template":"","meta":{"_acf_changed":false,"footnotes":""},"product_brand":[],"product_cat":[787,43,85],"product_tag":[],"class_list":{"0":"post-39249","1":"product","2":"type-product","3":"status-publish","4":"has-post-thumbnail","6":"product_cat-sprays-rhume","7":"product_cat-medicaments-en-vente-libre","8":"product_cat-rhume","10":"first","11":"outofstock","12":"taxable","13":"shipping-taxable","14":"purchasable","15":"product-type-simple"},"acf":[],"_links":{"self":[{"href":"https:\/\/www.pharmacieonline.lu\/de\/wp-json\/wp\/v2\/product\/39249","targetHints":{"allow":["GET"]}}],"collection":[{"href":"https:\/\/www.pharmacieonline.lu\/de\/wp-json\/wp\/v2\/product"}],"about":[{"href":"https:\/\/www.pharmacieonline.lu\/de\/wp-json\/wp\/v2\/types\/product"}],"version-history":[{"count":0,"href":"https:\/\/www.pharmacieonline.lu\/de\/wp-json\/wp\/v2\/product\/39249\/revisions"}],"wp:featuredmedia":[{"embeddable":true,"href":"https:\/\/www.pharmacieonline.lu\/de\/wp-json\/wp\/v2\/media\/39251"}],"wp:attachment":[{"href":"https:\/\/www.pharmacieonline.lu\/de\/wp-json\/wp\/v2\/media?parent=39249"}],"wp:term":[{"taxonomy":"product_brand","embeddable":true,"href":"https:\/\/www.pharmacieonline.lu\/de\/wp-json\/wp\/v2\/product_brand?post=39249"},{"taxonomy":"product_cat","embeddable":true,"href":"https:\/\/www.pharmacieonline.lu\/de\/wp-json\/wp\/v2\/product_cat?post=39249"},{"taxonomy":"product_tag","embeddable":true,"href":"https:\/\/www.pharmacieonline.lu\/de\/wp-json\/wp\/v2\/product_tag?post=39249"}],"curies":[{"name":"wp","href":"https:\/\/api.w.org\/{rel}","templated":true}]}}